{"id":15107,"date":"2023-01-09T10:35:50","date_gmt":"2023-01-09T09:35:50","guid":{"rendered":"https:\/\/greenkingdom.ch\/blog\/"},"modified":"2024-09-09T09:42:41","modified_gmt":"2024-09-09T07:42:41","slug":"blog","status":"publish","type":"page","link":"https:\/\/greenkingdom.ch\/de\/blog\/","title":{"rendered":"Blog"},"content":{"rendered":"\t\t<div data-elementor-type=\"wp-page\" data-elementor-id=\"15107\" class=\"elementor elementor-15107 elementor-29\">\n\t\t\t\t\t\t<section class=\"elementor-section elementor-top-section elementor-element elementor-element-659ea62 elementor-section-full_width elementor-section-height-default elementor-section-height-default\" data-id=\"659ea62\" data-element_type=\"section\" data-settings=\"{&quot;wdt_bg_image&quot;:{&quot;url&quot;:&quot;&quot;,&quot;id&quot;:&quot;&quot;,&quot;size&quot;:&quot;&quot;},&quot;wdt_bg_image_laptop&quot;:{&quot;url&quot;:&quot;&quot;,&quot;id&quot;:&quot;&quot;,&quot;size&quot;:&quot;&quot;},&quot;wdt_bg_image_tablet_extra&quot;:{&quot;url&quot;:&quot;&quot;,&quot;id&quot;:&quot;&quot;,&quot;size&quot;:&quot;&quot;},&quot;wdt_bg_image_tablet&quot;:{&quot;url&quot;:&quot;&quot;,&quot;id&quot;:&quot;&quot;,&quot;size&quot;:&quot;&quot;},&quot;wdt_bg_image_mobile_extra&quot;:{&quot;url&quot;:&quot;&quot;,&quot;id&quot;:&quot;&quot;,&quot;size&quot;:&quot;&quot;},&quot;wdt_bg_image_mobile&quot;:{&quot;url&quot;:&quot;&quot;,&quot;id&quot;:&quot;&quot;,&quot;size&quot;:&quot;&quot;},&quot;wdt_bg_position&quot;:&quot;center center&quot;,&quot;wdt_animation_effect&quot;:&quot;none&quot;}\">\n\t\t\t\t\t\t<div class=\"elementor-container elementor-column-gap-no\">\n\t\t\t\t\t<div class=\"elementor-column elementor-col-100 elementor-top-column elementor-element elementor-element-ecc21dc\" data-id=\"ecc21dc\" data-element_type=\"column\">\n\t\t\t<div class=\"elementor-widget-wrap elementor-element-populated\">\n\t\t\t\t\t\t<div class=\"elementor-element elementor-element-182517d elementor-widget elementor-widget-wdt-blog-posts\" data-id=\"182517d\" data-element_type=\"widget\" data-settings=\"{&quot;wdt_animation_effect&quot;:&quot;none&quot;}\" data-widget_type=\"wdt-blog-posts.default\">\n\t\t\t\t<div class=\"elementor-widget-container\">\n\t\t\t\t\t<div class=\"wdt-posts-list-wrapper  \" ><div class='tpl-blog-holder  apply-isotope '><div class='grid-sizer  entry-grid-layout wdt-simple-style wdt-fadeinright-hover wdt-default-overlay alignleft column wdt-one-half wdt-post-entry '><\/div><div class=\" entry-grid-layout wdt-simple-style wdt-fadeinright-hover wdt-default-overlay alignleft column wdt-one-half wdt-post-entry  \"><article id=\"post-15346\" class=\"post-15346 post type-post status-publish format-gallery has-post-thumbnail hentry category-sante-de category-unkategorisiert post_format-post-format-gallery blog-entry\">\r\n\r\n\r\n\t<!-- Featured Image -->\r\n\t<div class=\"entry-thumb\">\r\n\t\t\r\n\r\n<a href=\"https:\/\/greenkingdom.ch\/de\/les-vertus-du-cbd-fume\/\" title=\"Permalink to Les vertus du CBD fum\u00e9\"><img fetchpriority=\"high\" decoding=\"async\" width=\"324\" height=\"324\" src=\"https:\/\/greenkingdom.ch\/wp-content\/uploads\/2024\/03\/GreenKingdom.png\" class=\"attachment-wdt-blog-ii-column size-wdt-blog-ii-column wp-post-image\" alt=\"\" srcset=\"https:\/\/greenkingdom.ch\/wp-content\/uploads\/2024\/03\/GreenKingdom.png 324w, https:\/\/greenkingdom.ch\/wp-content\/uploads\/2024\/03\/GreenKingdom-300x300.png 300w, https:\/\/greenkingdom.ch\/wp-content\/uploads\/2024\/03\/GreenKingdom-150x150.png 150w\" sizes=\"(max-width: 324px) 100vw, 324px\" \/><\/a>\r\n        <\/div><!-- Featured Image -->\r\n<!-- Entry Date -->\r\n<div class=\"entry-date\">\r\n\t<i class=\"wdticon-calendar\"> <\/i>\r\n\t19 Juni 2024<\/div><!-- Entry Date -->\r\n<!-- Entry Title -->\r\n<div class=\"entry-title\">\r\n\t<h4>    \t<a href=\"https:\/\/greenkingdom.ch\/de\/les-vertus-du-cbd-fume\/\" title=\"Permalink to Les vertus du CBD fum\u00e9\">Les vertus du CBD fum\u00e9<\/a>\r\n\t<\/h4>\r\n<\/div><!-- Entry Title -->\r\n\r\n<!-- Entry Button --><div class=\"entry-button wdt-core-button\"><a href=\"https:\/\/greenkingdom.ch\/de\/les-vertus-du-cbd-fume\/\" title=\"Les vertus du CBD fum\u00e9\" class=\"wdt-button\">Lire<span><svg xmlns=\"http:\/\/www.w3.org\/2000\/svg\" xmlns:xlink=\"http:\/\/www.w3.org\/1999\/xlink\" x=\"0px\" y=\"0px\" viewBox=\"0 0 100 59\" style=\"enable-background:new 0 0 100 59;\" xml:space=\"preserve\"><polygon points=\"59.9,6.1 79.4,25.7 6,25.7 6,33.3 79.4,33.3 59.9,52.9 65.3,58.2 94,29.5 65.3,0.8 \"><\/polygon><\/svg><\/span><\/a><\/div><!-- Entry Button --><\/article><\/div><div class=\" entry-grid-layout wdt-simple-style wdt-fadeinright-hover wdt-default-overlay alignleft column wdt-one-half wdt-post-entry  \"><article id=\"post-16002\" class=\"post-16002 post type-post status-publish format-gallery has-post-thumbnail hentry category-sante-de category-unkategorisiert post_format-post-format-gallery blog-entry format-standard\">\r\n\r\n\r\n\t<!-- Featured Image -->\r\n\t<div class=\"entry-thumb\">\r\n\t\t\r\n<a href=\"https:\/\/greenkingdom.ch\/de\/cbd-und-altern-wie-kann-cbd-gesundes-altern-unterstuetzen\/\" title=\"Permalink to CBD und Altern: Wie kann CBD gesundes Altern unterst\u00fctzen?\"><img decoding=\"async\" width=\"335\" height=\"335\" src=\"https:\/\/greenkingdom.ch\/wp-content\/uploads\/2024\/04\/CBD-et-vieillissement.png\" class=\"attachment-wdt-blog-ii-column size-wdt-blog-ii-column wp-post-image\" alt=\"\" srcset=\"https:\/\/greenkingdom.ch\/wp-content\/uploads\/2024\/04\/CBD-et-vieillissement.png 335w, https:\/\/greenkingdom.ch\/wp-content\/uploads\/2024\/04\/CBD-et-vieillissement-300x300.png 300w, https:\/\/greenkingdom.ch\/wp-content\/uploads\/2024\/04\/CBD-et-vieillissement-150x150.png 150w\" sizes=\"(max-width: 335px) 100vw, 335px\" \/><\/a>\r\n        <\/div><!-- Featured Image -->\r\n<!-- Entry Date -->\r\n<div class=\"entry-date\">\r\n\t<i class=\"wdticon-calendar\"> <\/i>\r\n\t19 Juni 2024<\/div><!-- Entry Date -->\r\n<!-- Entry Title -->\r\n<div class=\"entry-title\">\r\n\t<h4>    \t<a href=\"https:\/\/greenkingdom.ch\/de\/cbd-und-altern-wie-kann-cbd-gesundes-altern-unterstuetzen\/\" title=\"Permalink to CBD und Altern: Wie kann CBD gesundes Altern unterst\u00fctzen?\">CBD und Altern: Wie kann CBD gesundes Altern unterst\u00fctzen?<\/a>\r\n\t<\/h4>\r\n<\/div><!-- Entry Title -->\r\n\r\n<!-- Entry Button --><div class=\"entry-button wdt-core-button\"><a href=\"https:\/\/greenkingdom.ch\/de\/cbd-und-altern-wie-kann-cbd-gesundes-altern-unterstuetzen\/\" title=\"CBD und Altern: Wie kann CBD gesundes Altern unterst\u00fctzen?\" class=\"wdt-button\">Lire<span><svg xmlns=\"http:\/\/www.w3.org\/2000\/svg\" xmlns:xlink=\"http:\/\/www.w3.org\/1999\/xlink\" x=\"0px\" y=\"0px\" viewBox=\"0 0 100 59\" style=\"enable-background:new 0 0 100 59;\" xml:space=\"preserve\"><polygon points=\"59.9,6.1 79.4,25.7 6,25.7 6,33.3 79.4,33.3 59.9,52.9 65.3,58.2 94,29.5 65.3,0.8 \"><\/polygon><\/svg><\/span><\/a><\/div><!-- Entry Button --><\/article><\/div><div class=\" entry-grid-layout wdt-simple-style wdt-fadeinright-hover wdt-default-overlay alignleft column wdt-one-half wdt-post-entry  \"><article id=\"post-16009\" class=\"post-16009 post type-post status-publish format-gallery has-post-thumbnail hentry category-sante-de category-unkategorisiert post_format-post-format-gallery blog-entry format-standard\">\r\n\r\n\r\n\t<!-- Featured Image -->\r\n\t<div class=\"entry-thumb\">\r\n\t\t\r\n<a href=\"https:\/\/greenkingdom.ch\/de\/cbd-und-sexualitaet-die-auswirkungen-von-cbd-auf-das-sexualleben\/\" title=\"Permalink to CBD und Sexualit\u00e4t: Die Auswirkungen von CBD auf das Sexualleben\"><img decoding=\"async\" width=\"327\" height=\"327\" src=\"https:\/\/greenkingdom.ch\/wp-content\/uploads\/2024\/04\/Les-effets-du-CBD-sur-la-vie-sexuelle.png\" class=\"attachment-wdt-blog-ii-column size-wdt-blog-ii-column wp-post-image\" alt=\"\" srcset=\"https:\/\/greenkingdom.ch\/wp-content\/uploads\/2024\/04\/Les-effets-du-CBD-sur-la-vie-sexuelle.png 327w, https:\/\/greenkingdom.ch\/wp-content\/uploads\/2024\/04\/Les-effets-du-CBD-sur-la-vie-sexuelle-300x300.png 300w, https:\/\/greenkingdom.ch\/wp-content\/uploads\/2024\/04\/Les-effets-du-CBD-sur-la-vie-sexuelle-150x150.png 150w\" sizes=\"(max-width: 327px) 100vw, 327px\" \/><\/a>\r\n        <\/div><!-- Featured Image -->\r\n<!-- Entry Date -->\r\n<div class=\"entry-date\">\r\n\t<i class=\"wdticon-calendar\"> <\/i>\r\n\t19 Juni 2024<\/div><!-- Entry Date -->\r\n<!-- Entry Title -->\r\n<div class=\"entry-title\">\r\n\t<h4>    \t<a href=\"https:\/\/greenkingdom.ch\/de\/cbd-und-sexualitaet-die-auswirkungen-von-cbd-auf-das-sexualleben\/\" title=\"Permalink to CBD und Sexualit\u00e4t: Die Auswirkungen von CBD auf das Sexualleben\">CBD und Sexualit\u00e4t: Die Auswirkungen von CBD auf das Sexualleben<\/a>\r\n\t<\/h4>\r\n<\/div><!-- Entry Title -->\r\n\r\n<!-- Entry Button --><div class=\"entry-button wdt-core-button\"><a href=\"https:\/\/greenkingdom.ch\/de\/cbd-und-sexualitaet-die-auswirkungen-von-cbd-auf-das-sexualleben\/\" title=\"CBD und Sexualit\u00e4t: Die Auswirkungen von CBD auf das Sexualleben\" class=\"wdt-button\">Lire<span><svg xmlns=\"http:\/\/www.w3.org\/2000\/svg\" xmlns:xlink=\"http:\/\/www.w3.org\/1999\/xlink\" x=\"0px\" y=\"0px\" viewBox=\"0 0 100 59\" style=\"enable-background:new 0 0 100 59;\" xml:space=\"preserve\"><polygon points=\"59.9,6.1 79.4,25.7 6,25.7 6,33.3 79.4,33.3 59.9,52.9 65.3,58.2 94,29.5 65.3,0.8 \"><\/polygon><\/svg><\/span><\/a><\/div><!-- Entry Button --><\/article><\/div><div class=\" entry-grid-layout wdt-simple-style wdt-fadeinright-hover wdt-default-overlay alignleft column wdt-one-half wdt-post-entry  \"><article id=\"post-16016\" class=\"post-16016 post type-post status-publish format-gallery has-post-thumbnail hentry category-unkategorisiert post_format-post-format-gallery blog-entry format-standard\">\r\n\r\n\r\n\t<!-- Featured Image -->\r\n\t<div class=\"entry-thumb\">\r\n\t\t\r\n<a href=\"https:\/\/greenkingdom.ch\/de\/die-wirtschaftlichen-vorteile-des-indoor-anbaus\/\" title=\"Permalink to Die wirtschaftlichen Vorteile des Indoor-Anbaus\"><img loading=\"lazy\" decoding=\"async\" width=\"390\" height=\"390\" src=\"https:\/\/greenkingdom.ch\/wp-content\/uploads\/2024\/04\/Les-avantages-economiques-de-la-culture-en-interieur.png\" class=\"attachment-wdt-blog-ii-column size-wdt-blog-ii-column wp-post-image\" alt=\"\" srcset=\"https:\/\/greenkingdom.ch\/wp-content\/uploads\/2024\/04\/Les-avantages-economiques-de-la-culture-en-interieur.png 390w, https:\/\/greenkingdom.ch\/wp-content\/uploads\/2024\/04\/Les-avantages-economiques-de-la-culture-en-interieur-300x300.png 300w, https:\/\/greenkingdom.ch\/wp-content\/uploads\/2024\/04\/Les-avantages-economiques-de-la-culture-en-interieur-150x150.png 150w\" sizes=\"(max-width: 390px) 100vw, 390px\" \/><\/a>\r\n        <\/div><!-- Featured Image -->\r\n<!-- Entry Date -->\r\n<div class=\"entry-date\">\r\n\t<i class=\"wdticon-calendar\"> <\/i>\r\n\t25 Mai 2024<\/div><!-- Entry Date -->\r\n<!-- Entry Title -->\r\n<div class=\"entry-title\">\r\n\t<h4>    \t<a href=\"https:\/\/greenkingdom.ch\/de\/die-wirtschaftlichen-vorteile-des-indoor-anbaus\/\" title=\"Permalink to Die wirtschaftlichen Vorteile des Indoor-Anbaus\">Die wirtschaftlichen Vorteile des Indoor-Anbaus<\/a>\r\n\t<\/h4>\r\n<\/div><!-- Entry Title -->\r\n\r\n<!-- Entry Button --><div class=\"entry-button wdt-core-button\"><a href=\"https:\/\/greenkingdom.ch\/de\/die-wirtschaftlichen-vorteile-des-indoor-anbaus\/\" title=\"Die wirtschaftlichen Vorteile des Indoor-Anbaus\" class=\"wdt-button\">Lire<span><svg xmlns=\"http:\/\/www.w3.org\/2000\/svg\" xmlns:xlink=\"http:\/\/www.w3.org\/1999\/xlink\" x=\"0px\" y=\"0px\" viewBox=\"0 0 100 59\" style=\"enable-background:new 0 0 100 59;\" xml:space=\"preserve\"><polygon points=\"59.9,6.1 79.4,25.7 6,25.7 6,33.3 79.4,33.3 59.9,52.9 65.3,58.2 94,29.5 65.3,0.8 \"><\/polygon><\/svg><\/span><\/a><\/div><!-- Entry Button --><\/article><\/div><div class=\" entry-grid-layout wdt-simple-style wdt-fadeinright-hover wdt-default-overlay alignleft column wdt-one-half wdt-post-entry  \"><article id=\"post-15884\" class=\"post-15884 post type-post status-publish format-gallery has-post-thumbnail hentry category-sante-de category-unkategorisiert post_format-post-format-gallery blog-entry format-standard\">\r\n\r\n\r\n\t<!-- Featured Image -->\r\n\t<div class=\"entry-thumb\">\r\n\t\t\r\n<a href=\"https:\/\/greenkingdom.ch\/de\/die-zahlreichen-vorteile-von-propolis\/\" title=\"Permalink to Die zahlreichen Vorteile von Propolis\"><img loading=\"lazy\" decoding=\"async\" width=\"356\" height=\"356\" src=\"https:\/\/greenkingdom.ch\/wp-content\/uploads\/2024\/04\/Les-Nombreuses-vertus-du-Propolis.png\" class=\"attachment-wdt-blog-ii-column size-wdt-blog-ii-column wp-post-image\" alt=\"\" srcset=\"https:\/\/greenkingdom.ch\/wp-content\/uploads\/2024\/04\/Les-Nombreuses-vertus-du-Propolis.png 356w, https:\/\/greenkingdom.ch\/wp-content\/uploads\/2024\/04\/Les-Nombreuses-vertus-du-Propolis-300x300.png 300w, https:\/\/greenkingdom.ch\/wp-content\/uploads\/2024\/04\/Les-Nombreuses-vertus-du-Propolis-150x150.png 150w\" sizes=\"(max-width: 356px) 100vw, 356px\" \/><\/a>\r\n        <\/div><!-- Featured Image -->\r\n<!-- Entry Date -->\r\n<div class=\"entry-date\">\r\n\t<i class=\"wdticon-calendar\"> <\/i>\r\n\t25 Mai 2024<\/div><!-- Entry Date -->\r\n<!-- Entry Title -->\r\n<div class=\"entry-title\">\r\n\t<h4>    \t<a href=\"https:\/\/greenkingdom.ch\/de\/die-zahlreichen-vorteile-von-propolis\/\" title=\"Permalink to Die zahlreichen Vorteile von Propolis\">Die zahlreichen Vorteile von Propolis<\/a>\r\n\t<\/h4>\r\n<\/div><!-- Entry Title -->\r\n\r\n<!-- Entry Button --><div class=\"entry-button wdt-core-button\"><a href=\"https:\/\/greenkingdom.ch\/de\/die-zahlreichen-vorteile-von-propolis\/\" title=\"Die zahlreichen Vorteile von Propolis\" class=\"wdt-button\">Lire<span><svg xmlns=\"http:\/\/www.w3.org\/2000\/svg\" xmlns:xlink=\"http:\/\/www.w3.org\/1999\/xlink\" x=\"0px\" y=\"0px\" viewBox=\"0 0 100 59\" style=\"enable-background:new 0 0 100 59;\" xml:space=\"preserve\"><polygon points=\"59.9,6.1 79.4,25.7 6,25.7 6,33.3 79.4,33.3 59.9,52.9 65.3,58.2 94,29.5 65.3,0.8 \"><\/polygon><\/svg><\/span><\/a><\/div><!-- Entry Button --><\/article><\/div><div class=\" entry-grid-layout wdt-simple-style wdt-fadeinright-hover wdt-default-overlay alignleft column wdt-one-half wdt-post-entry  \"><article id=\"post-15891\" class=\"post-15891 post type-post status-publish format-gallery has-post-thumbnail hentry category-sante-de category-unkategorisiert post_format-post-format-gallery blog-entry format-standard\">\r\n\r\n\r\n\t<!-- Featured Image -->\r\n\t<div class=\"entry-thumb\">\r\n\t\t\r\n<a href=\"https:\/\/greenkingdom.ch\/de\/die-gesundheitlichen-vorteile-von-cbd\/\" title=\"Permalink to Die gesundheitlichen Vorteile von CBD\"><img loading=\"lazy\" decoding=\"async\" width=\"349\" height=\"349\" src=\"https:\/\/greenkingdom.ch\/wp-content\/uploads\/2024\/03\/bienfaits_CBD_pour_sante.png\" class=\"attachment-wdt-blog-ii-column size-wdt-blog-ii-column wp-post-image\" alt=\"\" srcset=\"https:\/\/greenkingdom.ch\/wp-content\/uploads\/2024\/03\/bienfaits_CBD_pour_sante.png 349w, https:\/\/greenkingdom.ch\/wp-content\/uploads\/2024\/03\/bienfaits_CBD_pour_sante-300x300.png 300w, https:\/\/greenkingdom.ch\/wp-content\/uploads\/2024\/03\/bienfaits_CBD_pour_sante-150x150.png 150w\" sizes=\"(max-width: 349px) 100vw, 349px\" \/><\/a>\r\n        <\/div><!-- Featured Image -->\r\n<!-- Entry Date -->\r\n<div class=\"entry-date\">\r\n\t<i class=\"wdticon-calendar\"> <\/i>\r\n\t25 Mai 2024<\/div><!-- Entry Date -->\r\n<!-- Entry Title -->\r\n<div class=\"entry-title\">\r\n\t<h4>    \t<a href=\"https:\/\/greenkingdom.ch\/de\/die-gesundheitlichen-vorteile-von-cbd\/\" title=\"Permalink to Die gesundheitlichen Vorteile von CBD\">Die gesundheitlichen Vorteile von CBD<\/a>\r\n\t<\/h4>\r\n<\/div><!-- Entry Title -->\r\n\r\n<!-- Entry Button --><div class=\"entry-button wdt-core-button\"><a href=\"https:\/\/greenkingdom.ch\/de\/die-gesundheitlichen-vorteile-von-cbd\/\" title=\"Die gesundheitlichen Vorteile von CBD\" class=\"wdt-button\">Lire<span><svg xmlns=\"http:\/\/www.w3.org\/2000\/svg\" xmlns:xlink=\"http:\/\/www.w3.org\/1999\/xlink\" x=\"0px\" y=\"0px\" viewBox=\"0 0 100 59\" style=\"enable-background:new 0 0 100 59;\" xml:space=\"preserve\"><polygon points=\"59.9,6.1 79.4,25.7 6,25.7 6,33.3 79.4,33.3 59.9,52.9 65.3,58.2 94,29.5 65.3,0.8 \"><\/polygon><\/svg><\/span><\/a><\/div><!-- Entry Button --><\/article><\/div><\/div><div class=\"pagination blog-pagination\"><div class=\"column one pager_wrapper\"><ul class='page-numbers'>\n\t<li><span aria-label=\"Seite 1\" aria-current=\"page\" class=\"page-numbers current\">1<\/span><\/li>\n\t<li><a aria-label=\"Seite 2\" class=\"page-numbers\" href=\"https:\/\/greenkingdom.ch\/de\/wp-json\/wp\/v2\/pages\/15107\/page\/2\/\">2<\/a><\/li>\n\t<li><a aria-label=\"Seite 3\" class=\"page-numbers\" href=\"https:\/\/greenkingdom.ch\/de\/wp-json\/wp\/v2\/pages\/15107\/page\/3\/\">3<\/a><\/li>\n\t<li><span class=\"page-numbers dots\">&hellip;<\/span><\/li>\n\t<li><a aria-label=\"Seite 7\" class=\"page-numbers\" href=\"https:\/\/greenkingdom.ch\/de\/wp-json\/wp\/v2\/pages\/15107\/page\/7\/\">7<\/a><\/li>\n\t<li><a class=\"next page-numbers\" href=\"https:\/\/greenkingdom.ch\/de\/wp-json\/wp\/v2\/pages\/15107\/page\/2\/\"><i class=\"icon-ca-right\"><\/i><\/a><\/li>\n<\/ul>\n<\/div>\n<\/div><\/div>\t\t\t\t<\/div>\n\t\t\t\t<\/div>\n\t\t\t\t\t<\/div>\n\t\t<\/div>\n\t\t\t\t\t<\/div>\n\t\t<\/section>\n\t\t\t\t<\/div>\n\t\t","protected":false},"excerpt":{"rendered":"<p>5 juin 2023 les bienfaits de la vaporisation et les diff\u00e9rents types de vaporisations Lire 10 mars 2023 Le CBD et ses bienfaits, les choses importantes \u00e0 savoir Lire 10 mars 2023 Carrences et exc\u00e8s nutritionnels dans la culture du cannabis : comment les identifier et les corriger Lire 10 mars 2023 Cultiver du cannabis, [&hellip;]<\/p>\n","protected":false},"author":1,"featured_media":0,"parent":0,"menu_order":0,"comment_status":"closed","ping_status":"closed","template":"","meta":{"_seopress_robots_primary_cat":"","_seopress_titles_title":"Unsere neuesten Nachrichten - Green Kingdom","_seopress_titles_desc":"St\u00f6bere in unserem Blog, um detaillierte Einblicke und Anleitungen zum Anbau, CBD und mehr zu erhalten.\nRegelm\u00e4\u00dfig mit Expertenratschl\u00e4gen aktualisiert. ","_seopress_robots_index":"","footnotes":""},"class_list":["post-15107","page","type-page","status-publish","hentry","blog-entry","format-standard"],"_links":{"self":[{"href":"https:\/\/greenkingdom.ch\/de\/wp-json\/wp\/v2\/pages\/15107","targetHints":{"allow":["GET"]}}],"collection":[{"href":"https:\/\/greenkingdom.ch\/de\/wp-json\/wp\/v2\/pages"}],"about":[{"href":"https:\/\/greenkingdom.ch\/de\/wp-json\/wp\/v2\/types\/page"}],"author":[{"embeddable":true,"href":"https:\/\/greenkingdom.ch\/de\/wp-json\/wp\/v2\/users\/1"}],"replies":[{"embeddable":true,"href":"https:\/\/greenkingdom.ch\/de\/wp-json\/wp\/v2\/comments?post=15107"}],"version-history":[{"count":1,"href":"https:\/\/greenkingdom.ch\/de\/wp-json\/wp\/v2\/pages\/15107\/revisions"}],"predecessor-version":[{"id":15108,"href":"https:\/\/greenkingdom.ch\/de\/wp-json\/wp\/v2\/pages\/15107\/revisions\/15108"}],"wp:attachment":[{"href":"https:\/\/greenkingdom.ch\/de\/wp-json\/wp\/v2\/media?parent=15107"}],"curies":[{"name":"wp","href":"https:\/\/api.w.org\/{rel}","templated":true}]}}