{"id":15111,"date":"2024-08-28T09:35:26","date_gmt":"2024-08-28T07:35:26","guid":{"rendered":"https:\/\/greenkingdom.ch\/allgemeine-verkaufsbedingungen\/"},"modified":"2024-09-09T09:43:48","modified_gmt":"2024-09-09T07:43:48","slug":"allgemeine-verkaufsbedingungen","status":"publish","type":"page","link":"https:\/\/greenkingdom.ch\/de\/allgemeine-verkaufsbedingungen\/","title":{"rendered":"Allgemeine Verkaufsbedingungen"},"content":{"rendered":"\n<h2 class=\"wp-block-heading\">Allgemeine Verkaufs-, Liefer- und Zahlungsbedingungen<\/h2>\n\n<p><strong>1. Preis und Zahlung<\/strong><\/p>\n\n<p>1.1 <strong>Preisgestaltung<\/strong><br\/>Die angezeigten Preise sind netto und enthalten die gesetzliche Mehrwertsteuer f\u00fcr den Detailhandel.\nF\u00fcr Wiederverk\u00e4ufer und Gro\u00dfh\u00e4ndler werden die Preise ohne Mehrwertsteuer angezeigt. <\/p>\n\n<p>1.2 <strong>Zahlungsbedingungen<\/strong><br\/>Alle Sendungen erfolgen gegen Vorauszahlung, via Postfinance direct, TWINT oder auf Rechnung (nach Bonit\u00e4tspr\u00fcfung).\nSkonti sind nicht vorgesehen, und die Vorauszahlung berechtigt Sie nicht zu einem Rabatt. <\/p>\n\n<p>1.3 <strong>Lieferung und Versicherung<\/strong><br\/>Ab einem Bestellwert von CHF 500.00 und bis CHF 1500.00 empfehlen wir f\u00fcr die Lieferung die Option \u00abUnterschrift\u00bb.\nF\u00fcr Bestellungen \u00fcber CHF 1500.00 empfehlen wir die Option \u00abVersicherung\u00bb, die bis CHF 5000.00 abdeckt.\nZerbrechliche Artikel sollten immer mit der Option \u00abZerbrechlich\u00bb versendet werden und sind zus\u00e4tzlich bis CHF 5000.00 versichert.  <\/p>\n\n<p>1.4 <strong>Versandkosten<\/strong><br\/>Bei Nichtabholung der Lieferung wird eine Porto- und Bearbeitungsgeb\u00fchr von CHF 20.00 erhoben.\nDie genauen Versandkosten sind in der Bestellung angegeben. <\/p>\n\n<p>1.5 <strong>Eigentum an der Ware<\/strong><br\/>Die Ware bleibt bis zur vollst\u00e4ndigen Bezahlung Eigentum von GreenKingdom S\u00e0rl.<\/p>\n\n<p><strong>2. Bestellung und Lieferung<\/strong><\/p>\n\n<p>2.1 <strong>Angebot und Bestellung<\/strong><br\/>Unsere Angebote und Auftragsbest\u00e4tigungen sind hinsichtlich Preis, Produktverf\u00fcgbarkeit und Lieferzeiten freibleibend.\nWir verkaufen unsere Produkte nur an Personen \u00fcber 18 Jahren und nur in L\u00e4ndern, in denen diese Produkte legal sind.\nDie Verantwortung f\u00fcr die Rechtm\u00e4\u00dfigkeit der bestellten Produkte liegt beim K\u00e4ufer.  <\/p>\n\n<p>2.2 <strong>Lieferzeiten<\/strong><br\/>Die maximale Lieferzeit betr\u00e4gt in der Regel 5 Werktage.\nBestellungen werden von A Priority Courier versandt.\nPalettensendungen werden von Planzer Transporte versendet, und die Bestellungen m\u00fcssen f\u00fcr die Buchung eine Mobiltelefonnummer enthalten.\nBriefe werden per A-Mail verschickt, aber wir \u00fcbernehmen keine Verantwortung f\u00fcr nicht verfolgte Sendungen.   <\/p>\n\n<p>2.3 <strong>Teil- und Expresslieferungen<\/strong><br\/>Teillieferungen sind zul\u00e4ssig und m\u00fcssen im Voraus vereinbart werden.\nExpress-, &#8222;Fragile&#8220;- oder &#8222;Signature&#8220;-Lieferungen werden extra berechnet.\nBei Lieferungen zu einem bestimmten Zeitpunkt oder mit telefonischer Benachrichtigung k\u00f6nnen zus\u00e4tzliche Kosten anfallen.  <\/p>\n\n<p>2.4 <strong>Haftung<\/strong><br\/>Wenn die Ware w\u00e4hrend des Versands verloren geht, k\u00f6nnen wir nicht haftbar gemacht werden, aber wir helfen Ihnen, das Problem zu l\u00f6sen.\nGlasartikel sollten immer mit der Option &#8222;Zerbrechlich&#8220; bestellt werden.\nWir \u00fcbernehmen keine Verantwortung f\u00fcr Sch\u00e4den an Glasartikeln, die nicht mit dieser Option bestellt wurden.  <\/p>\n\n<p><strong>3. Zahlungsart Rechnung<\/strong><\/p>\n\n<p>3.1 <strong>Bonit\u00e4tspr\u00fcfung<\/strong><br\/>GreenKingdom S\u00e0rl beh\u00e4lt sich das Recht vor, zur Wahrung der Interessen des Kunden Ausk\u00fcnfte \u00fcber die Kreditw\u00fcrdigkeit des Kunden zu verlangen.\nDie notwendigen Daten (Vorname, Nachname und Adresse) k\u00f6nnen zur Auswertung an eine externe Wirtschaftsauskunftei weitergeleitet werden.\nDie erhaltenen Informationen beeinflussen die Entscheidung \u00fcber die Begr\u00fcndung oder Fortsetzung eines Vertragsverh\u00e4ltnisses.  <\/p>\n\n<p>3.2 <strong>Datenschutz<\/strong><br\/>Die Bonit\u00e4tspr\u00fcfung erfolgt unter Beachtung der Datenschutzgesetze.\nNur die externe Agentur kann Ihnen Auskunft \u00fcber die Daten geben, die zur Beurteilung Ihrer Kreditw\u00fcrdigkeit verwendet werden. <\/p>\n","protected":false},"excerpt":{"rendered":"<p>Allgemeine Verkaufs-, Liefer- und Zahlungsbedingungen 1. Preis und Zahlung 1.1 PreisgestaltungDie angezeigten Preise sind netto und enthalten die gesetzliche Mehrwertsteuer f\u00fcr den Detailhandel. F\u00fcr Wiederverk\u00e4ufer und Gro\u00dfh\u00e4ndler werden die Preise ohne Mehrwertsteuer angezeigt. 1.2 ZahlungsbedingungenAlle Sendungen erfolgen gegen Vorauszahlung, via Postfinance direct, TWINT oder auf Rechnung (nach Bonit\u00e4tspr\u00fcfung). Skonti sind nicht vorgesehen, und die Vorauszahlung [&hellip;]<\/p>\n","protected":false},"author":1,"featured_media":0,"parent":0,"menu_order":0,"comment_status":"closed","ping_status":"open","template":"","meta":{"_seopress_robots_primary_cat":"","_seopress_titles_title":"","_seopress_titles_desc":"","_seopress_robots_index":"","footnotes":""},"class_list":["post-15111","page","type-page","status-publish","hentry"],"_links":{"self":[{"href":"https:\/\/greenkingdom.ch\/de\/wp-json\/wp\/v2\/pages\/15111","targetHints":{"allow":["GET"]}}],"collection":[{"href":"https:\/\/greenkingdom.ch\/de\/wp-json\/wp\/v2\/pages"}],"about":[{"href":"https:\/\/greenkingdom.ch\/de\/wp-json\/wp\/v2\/types\/page"}],"author":[{"embeddable":true,"href":"https:\/\/greenkingdom.ch\/de\/wp-json\/wp\/v2\/users\/1"}],"replies":[{"embeddable":true,"href":"https:\/\/greenkingdom.ch\/de\/wp-json\/wp\/v2\/comments?post=15111"}],"version-history":[{"count":1,"href":"https:\/\/greenkingdom.ch\/de\/wp-json\/wp\/v2\/pages\/15111\/revisions"}],"predecessor-version":[{"id":15112,"href":"https:\/\/greenkingdom.ch\/de\/wp-json\/wp\/v2\/pages\/15111\/revisions\/15112"}],"wp:attachment":[{"href":"https:\/\/greenkingdom.ch\/de\/wp-json\/wp\/v2\/media?parent=15111"}],"curies":[{"name":"wp","href":"https:\/\/api.w.org\/{rel}","templated":true}]}}