{"id":18352,"date":"2024-10-11T16:43:10","date_gmt":"2024-10-11T14:43:10","guid":{"rendered":"https:\/\/greenkingdom.ch\/product\/bbg-cbd-samen-og-kush-50-stk\/"},"modified":"2024-10-11T16:43:10","modified_gmt":"2024-10-11T14:43:10","slug":"bbg-cbd-samen-og-kush-50-stk","status":"publish","type":"product","link":"https:\/\/greenkingdom.ch\/de\/produkt\/bbg-cbd-samen-og-kush-50-stk\/","title":{"rendered":"BBG CBD Samen OG Kush 50 Stk"},"content":{"rendered":"<p>Sieh dir unsere Auswahl an Project BGG Bulk-Samen an, darunter die Sorte OG Kush. Du wirst von diesem einzigartigen Ph\u00e4notyp verf\u00fchrt werden, der weniger als 1% THC und einen au\u00dfergew\u00f6hnlichen CBD-Gehalt von \u00fcber 15% bietet. Hervorgegangen aus einer Kreuzung zwischen OG Kush CBD und OG Kush CBD, verspricht dieses Produkt eine reiche Ernte in nur 65 Tagen. Ob im Zuchtzelt mit einer Produktion von bis zu 450g\/m2 oder im Freien mit bis zu 400g pro Pflanze, diese Sorte enth\u00e4lt 15% CBD und weniger als 1% THC. Jeder Samen ist feminisiert und Du erh\u00e4ltst 50 M\u00fcnzen, um dieses einzigartige Erlebnis zu beginnen. Konsultieren Sie vor dem Kauf das &#8222;Merkblatt Hanf&#8220; des BLW. Beachten Sie, dass in einigen Kantonen der Hanfanbau registrierungspflichtig ist. EAN-Referenz: 0702639869699.       <\/p>\n","protected":false},"excerpt":{"rendered":"<p>Sieh dir unsere Auswahl an Project BGG Bulk-Samen an, darunter die Sorte OG Kush. Du wirst von diesem einzigartigen Ph\u00e4notyp verf\u00fchrt werden, der weniger als 1% THC und einen au\u00dfergew\u00f6hnlichen CBD-Gehalt von \u00fcber 15% bietet. Hervorgegangen aus einer Kreuzung zwischen OG Kush CBD und OG Kush CBD, verspricht dieses Produkt eine reiche Ernte in nur [&hellip;]<\/p>\n","protected":false},"featured_media":10924,"comment_status":"open","ping_status":"closed","template":"","meta":{"_seopress_robots_primary_cat":"","_seopress_titles_title":"","_seopress_titles_desc":"","_seopress_robots_index":""},"product_brand":[],"product_cat":[541],"product_tag":[],"class_list":{"0":"post-18352","1":"product","2":"type-product","3":"status-publish","4":"has-post-thumbnail","6":"product_cat-samen","9":"instock","10":"taxable","11":"shipping-taxable","12":"purchasable","13":"product-type-simple","14":"product-grid-view"},"_links":{"self":[{"href":"https:\/\/greenkingdom.ch\/de\/wp-json\/wp\/v2\/product\/18352","targetHints":{"allow":["GET"]}}],"collection":[{"href":"https:\/\/greenkingdom.ch\/de\/wp-json\/wp\/v2\/product"}],"about":[{"href":"https:\/\/greenkingdom.ch\/de\/wp-json\/wp\/v2\/types\/product"}],"replies":[{"embeddable":true,"href":"https:\/\/greenkingdom.ch\/de\/wp-json\/wp\/v2\/comments?post=18352"}],"version-history":[{"count":0,"href":"https:\/\/greenkingdom.ch\/de\/wp-json\/wp\/v2\/product\/18352\/revisions"}],"wp:featuredmedia":[{"embeddable":true,"href":"https:\/\/greenkingdom.ch\/de\/wp-json\/wp\/v2\/media\/10924"}],"wp:attachment":[{"href":"https:\/\/greenkingdom.ch\/de\/wp-json\/wp\/v2\/media?parent=18352"}],"wp:term":[{"taxonomy":"product_brand","embeddable":true,"href":"https:\/\/greenkingdom.ch\/de\/wp-json\/wp\/v2\/product_brand?post=18352"},{"taxonomy":"product_cat","embeddable":true,"href":"https:\/\/greenkingdom.ch\/de\/wp-json\/wp\/v2\/product_cat?post=18352"},{"taxonomy":"product_tag","embeddable":true,"href":"https:\/\/greenkingdom.ch\/de\/wp-json\/wp\/v2\/product_tag?post=18352"}],"curies":[{"name":"wp","href":"https:\/\/api.w.org\/{rel}","templated":true}]}}