{"id":18386,"date":"2024-10-11T16:42:46","date_gmt":"2024-10-11T14:42:46","guid":{"rendered":"https:\/\/greenkingdom.ch\/product\/c-green-vape-pen-akku-550-mah\/"},"modified":"2024-10-11T16:42:46","modified_gmt":"2024-10-11T14:42:46","slug":"c-green-vape-pen-akku-550-mah","status":"publish","type":"product","link":"https:\/\/greenkingdom.ch\/de\/produkt\/c-green-vape-pen-akku-550-mah\/","title":{"rendered":"C Green Vape Pen Akku 550 mAh"},"content":{"rendered":"<p>Entdecken Sie die neue C-Green Vape Battery, die speziell f\u00fcr C-Green Kartuschen entwickelt wurde. Der C-Green Battery Pen ist mit einer kompakten und leistungsstarken 550mAh Lithiumbatterie ausgestattet. Die Brenndauer und Temperatur sind f\u00fcr den perfekten Einsatz mit C-Green Kartuschen optimiert. Mit einem einfachen Knopf und einem hochwertigen Edelstahlgeh\u00e4use ist der C-Green Battery Pen extrem einfach zu bedienen. Dar\u00fcber hinaus ist er dank seines 510er-Anschlusses mit den meisten auf dem Markt erh\u00e4ltlichen Patronen kompatibel. Entscheiden Sie sich f\u00fcr den C-Green Battery Pen, wenn Sie auf der Suche nach der besten Qualit\u00e4t und Leistung sind! Eigenschaften:<br \/>\n&#8211; Abmessungen: 1,5 cm x 8,7 cm<br \/>\n&#8211; Akkukapazit\u00e4t: 550 mAh Verpassen Sie nicht diese Gelegenheit! EAN: 7640175475338 <\/p>\n","protected":false},"excerpt":{"rendered":"<p>Entdecken Sie die neue C-Green Vape Battery, die speziell f\u00fcr C-Green Kartuschen entwickelt wurde. Der C-Green Battery Pen ist mit einer kompakten und leistungsstarken 550mAh Lithiumbatterie ausgestattet. Die Brenndauer und Temperatur sind f\u00fcr den perfekten Einsatz mit C-Green Kartuschen optimiert. Mit einem einfachen Knopf und einem hochwertigen Edelstahlgeh\u00e4use ist der C-Green Battery Pen extrem einfach [&hellip;]<\/p>\n","protected":false},"featured_media":10749,"comment_status":"open","ping_status":"closed","template":"","meta":{"_seopress_robots_primary_cat":"","_seopress_titles_title":"","_seopress_titles_desc":"","_seopress_robots_index":""},"product_brand":[],"product_cat":[551],"product_tag":[],"class_list":{"0":"post-18386","1":"product","2":"type-product","3":"status-publish","4":"has-post-thumbnail","6":"product_cat-vape-de","9":"instock","10":"taxable","11":"shipping-taxable","12":"purchasable","13":"product-type-simple","14":"product-grid-view"},"_links":{"self":[{"href":"https:\/\/greenkingdom.ch\/de\/wp-json\/wp\/v2\/product\/18386","targetHints":{"allow":["GET"]}}],"collection":[{"href":"https:\/\/greenkingdom.ch\/de\/wp-json\/wp\/v2\/product"}],"about":[{"href":"https:\/\/greenkingdom.ch\/de\/wp-json\/wp\/v2\/types\/product"}],"replies":[{"embeddable":true,"href":"https:\/\/greenkingdom.ch\/de\/wp-json\/wp\/v2\/comments?post=18386"}],"version-history":[{"count":0,"href":"https:\/\/greenkingdom.ch\/de\/wp-json\/wp\/v2\/product\/18386\/revisions"}],"wp:featuredmedia":[{"embeddable":true,"href":"https:\/\/greenkingdom.ch\/de\/wp-json\/wp\/v2\/media\/10749"}],"wp:attachment":[{"href":"https:\/\/greenkingdom.ch\/de\/wp-json\/wp\/v2\/media?parent=18386"}],"wp:term":[{"taxonomy":"product_brand","embeddable":true,"href":"https:\/\/greenkingdom.ch\/de\/wp-json\/wp\/v2\/product_brand?post=18386"},{"taxonomy":"product_cat","embeddable":true,"href":"https:\/\/greenkingdom.ch\/de\/wp-json\/wp\/v2\/product_cat?post=18386"},{"taxonomy":"product_tag","embeddable":true,"href":"https:\/\/greenkingdom.ch\/de\/wp-json\/wp\/v2\/product_tag?post=18386"}],"curies":[{"name":"wp","href":"https:\/\/api.w.org\/{rel}","templated":true}]}}