{"id":18392,"date":"2024-10-11T16:42:47","date_gmt":"2024-10-11T14:42:47","guid":{"rendered":"https:\/\/greenkingdom.ch\/product\/ganja-dna-apple-kush-10g-neu-2022\/"},"modified":"2024-10-11T16:42:47","modified_gmt":"2024-10-11T14:42:47","slug":"ganja-dna-apple-kush-10g-neu-2022","status":"publish","type":"product","link":"https:\/\/greenkingdom.ch\/de\/produkt\/ganja-dna-apple-kush-10g-neu-2022\/","title":{"rendered":"Ganja DNA Apple Kush 10g Neu 2022"},"content":{"rendered":"<p>Ganja DNA Apple Kush ist ein Outdoor-Produkt mit einem k\u00f6stlichen Apfelgeschmack. Verpackt in einem 10g-Beutel enth\u00e4lt dieses fruchtige und nat\u00fcrliche Produkt weniger als 1% THC und enth\u00e4lt weder Tabak noch Nikotin. Es ist f\u00fcr Verbraucher \u00fcber 18 Jahre geeignet und ausschlie\u00dflich in der Schweiz erh\u00e4ltlich. EAN-Referenz: 722777368625.   <\/p>\n","protected":false},"excerpt":{"rendered":"<p>Ganja DNA Apple Kush ist ein Outdoor-Produkt mit einem k\u00f6stlichen Apfelgeschmack. Verpackt in einem 10g-Beutel enth\u00e4lt dieses fruchtige und nat\u00fcrliche Produkt weniger als 1% THC und enth\u00e4lt weder Tabak noch Nikotin. Es ist f\u00fcr Verbraucher \u00fcber 18 Jahre geeignet und ausschlie\u00dflich in der Schweiz erh\u00e4ltlich. EAN-Referenz: 722777368625.<\/p>\n","protected":false},"featured_media":10816,"comment_status":"open","ping_status":"closed","template":"","meta":{"_seopress_robots_primary_cat":"","_seopress_titles_title":"","_seopress_titles_desc":"","_seopress_robots_index":""},"product_brand":[],"product_cat":[535],"product_tag":[],"class_list":{"0":"post-18392","1":"product","2":"type-product","3":"status-publish","4":"has-post-thumbnail","6":"product_cat-outdoor-de","9":"instock","10":"taxable","11":"shipping-taxable","12":"purchasable","13":"product-type-simple","14":"product-grid-view"},"_links":{"self":[{"href":"https:\/\/greenkingdom.ch\/de\/wp-json\/wp\/v2\/product\/18392","targetHints":{"allow":["GET"]}}],"collection":[{"href":"https:\/\/greenkingdom.ch\/de\/wp-json\/wp\/v2\/product"}],"about":[{"href":"https:\/\/greenkingdom.ch\/de\/wp-json\/wp\/v2\/types\/product"}],"replies":[{"embeddable":true,"href":"https:\/\/greenkingdom.ch\/de\/wp-json\/wp\/v2\/comments?post=18392"}],"version-history":[{"count":0,"href":"https:\/\/greenkingdom.ch\/de\/wp-json\/wp\/v2\/product\/18392\/revisions"}],"wp:featuredmedia":[{"embeddable":true,"href":"https:\/\/greenkingdom.ch\/de\/wp-json\/wp\/v2\/media\/10816"}],"wp:attachment":[{"href":"https:\/\/greenkingdom.ch\/de\/wp-json\/wp\/v2\/media?parent=18392"}],"wp:term":[{"taxonomy":"product_brand","embeddable":true,"href":"https:\/\/greenkingdom.ch\/de\/wp-json\/wp\/v2\/product_brand?post=18392"},{"taxonomy":"product_cat","embeddable":true,"href":"https:\/\/greenkingdom.ch\/de\/wp-json\/wp\/v2\/product_cat?post=18392"},{"taxonomy":"product_tag","embeddable":true,"href":"https:\/\/greenkingdom.ch\/de\/wp-json\/wp\/v2\/product_tag?post=18392"}],"curies":[{"name":"wp","href":"https:\/\/api.w.org\/{rel}","templated":true}]}}