{"id":18395,"date":"2024-10-11T16:41:26","date_gmt":"2024-10-11T14:41:26","guid":{"rendered":"https:\/\/greenkingdom.ch\/product\/plagron-batmix-50l\/"},"modified":"2024-10-11T16:41:26","modified_gmt":"2024-10-11T14:41:26","slug":"plagron-batmix-50l","status":"publish","type":"product","link":"https:\/\/greenkingdom.ch\/de\/produkt\/plagron-batmix-50l\/","title":{"rendered":"Plagron Batmix 50L"},"content":{"rendered":"<p>Entdecken Sie den Plagron Batmix &#8211; Ihr Geheimnis f\u00fcr au\u00dfergew\u00f6hnliche Geschmacksrichtungen und Aromen. Tr\u00e4umen Sie von einer Ernte, die nicht nur \u00fcppig, sondern auch unglaublich schmackhaft und duftend ist? Dann wird der Plagron Batmix die Erwartungen Ihrer Pflanzen erf\u00fcllen. Diese einzigartige Mischung aus ausgew\u00e4hltem Torf, verschiedenen Fasern und Perlit sorgt f\u00fcr Leichtigkeit und Sauerstoffversorgung, die f\u00fcr Plagron-Qualit\u00e4tssubstrate typisch sind. Das Geheimnis liegt in der gro\u00dfen Menge der einzigartigen Wurmkomposte von Plagron und dem hervorragenden Hauptn\u00e4hrstoff, dem Fledermaus-Guano. Von Natur aus reich an Phosphor und Kalium, garantiert Fledermausguano \u00fcppige Bl\u00fcten. In Kombination mit Plagron Alga Grow, Alga Bloom und Zusatzstoffen sorgt Batmix f\u00fcr optimale Ertr\u00e4ge. Batmix ist einfach zu verwenden und ein gebrauchsfertiges Substrat f\u00fcr alle Bl\u00fctenpflanzen. Sp\u00fclen Sie es vor Gebrauch mit Wasser ab, um sofort resorbierbare N\u00e4hrstoffe zu entfernen. Etwa 6 Wochen sp\u00e4ter kann je nach Zustand der Pflanze eine zus\u00e4tzliche D\u00fcngung notwendig sein. Batmix ist in den ersten sechs Wochen des Anbaus mit organischen N\u00e4hrstoffen angereichert, wird aber nicht f\u00fcr sehr junge Pflanzen empfohlen. Warten Sie ein bis zwei Wochen, bevor Sie es verwenden, oder sp\u00fclen Sie es ab. Es verbessert den Geschmack und den Duft des Endprodukts dank seiner ausgewogenen Kaliumzusammensetzung und der organischen N\u00e4hrstoffe. Batmix ist von Control Union als biologisch zertifiziert und f\u00f6rdert die nat\u00fcrliche Entwicklung von Pflanzen und Bl\u00fcten und verbessert so den Geschmack des Produkts. Und mit einem ausgewogenen pH- und EC-Wert garantiert sie einen erfolgreichen Anbau. Zutaten: Torf, Perlit, Wurmkompost, Fledermausguano.<br \/>\nEAN: 8718104121348<\/p>\n","protected":false},"excerpt":{"rendered":"<p>Entdecken Sie den Plagron Batmix &#8211; Ihr Geheimnis f\u00fcr au\u00dfergew\u00f6hnliche Geschmacksrichtungen und Aromen. Tr\u00e4umen Sie von einer Ernte, die nicht nur \u00fcppig, sondern auch unglaublich schmackhaft und duftend ist? Dann wird der Plagron Batmix die Erwartungen Ihrer Pflanzen erf\u00fcllen. Diese einzigartige Mischung aus ausgew\u00e4hltem Torf, verschiedenen Fasern und Perlit sorgt f\u00fcr Leichtigkeit und Sauerstoffversorgung, die [&hellip;]<\/p>\n","protected":false},"featured_media":10031,"comment_status":"open","ping_status":"closed","template":"","meta":{"_seopress_robots_primary_cat":"","_seopress_titles_title":"","_seopress_titles_desc":"","_seopress_robots_index":""},"product_brand":[],"product_cat":[616],"product_tag":[],"class_list":{"0":"post-18395","1":"product","2":"type-product","3":"status-publish","4":"has-post-thumbnail","6":"product_cat-erde","9":"instock","10":"taxable","11":"shipping-taxable","12":"purchasable","13":"product-type-simple","14":"product-grid-view"},"_links":{"self":[{"href":"https:\/\/greenkingdom.ch\/de\/wp-json\/wp\/v2\/product\/18395","targetHints":{"allow":["GET"]}}],"collection":[{"href":"https:\/\/greenkingdom.ch\/de\/wp-json\/wp\/v2\/product"}],"about":[{"href":"https:\/\/greenkingdom.ch\/de\/wp-json\/wp\/v2\/types\/product"}],"replies":[{"embeddable":true,"href":"https:\/\/greenkingdom.ch\/de\/wp-json\/wp\/v2\/comments?post=18395"}],"version-history":[{"count":0,"href":"https:\/\/greenkingdom.ch\/de\/wp-json\/wp\/v2\/product\/18395\/revisions"}],"wp:featuredmedia":[{"embeddable":true,"href":"https:\/\/greenkingdom.ch\/de\/wp-json\/wp\/v2\/media\/10031"}],"wp:attachment":[{"href":"https:\/\/greenkingdom.ch\/de\/wp-json\/wp\/v2\/media?parent=18395"}],"wp:term":[{"taxonomy":"product_brand","embeddable":true,"href":"https:\/\/greenkingdom.ch\/de\/wp-json\/wp\/v2\/product_brand?post=18395"},{"taxonomy":"product_cat","embeddable":true,"href":"https:\/\/greenkingdom.ch\/de\/wp-json\/wp\/v2\/product_cat?post=18395"},{"taxonomy":"product_tag","embeddable":true,"href":"https:\/\/greenkingdom.ch\/de\/wp-json\/wp\/v2\/product_tag?post=18395"}],"curies":[{"name":"wp","href":"https:\/\/api.w.org\/{rel}","templated":true}]}}