{"id":18398,"date":"2024-10-11T16:41:26","date_gmt":"2024-10-11T14:41:26","guid":{"rendered":"https:\/\/greenkingdom.ch\/product\/plagron-lightmix-mit-perlit-50l\/"},"modified":"2024-10-11T16:41:26","modified_gmt":"2024-10-11T14:41:26","slug":"plagron-lightmix-mit-perlit-50l","status":"publish","type":"product","link":"https:\/\/greenkingdom.ch\/de\/produkt\/plagron-lightmix-mit-perlit-50l\/","title":{"rendered":"Plagron LightMix mit Perlit 50L"},"content":{"rendered":"<p>Entdecken Sie Plagron Lightmix &#8211; Ein flexibles Substrat f\u00fcr individuelle D\u00fcngung und maximale Ertr\u00e4ge. Plagron Lightmix ist die perfekte Wahl f\u00fcr Gartenfreunde, die Freiheit bei der D\u00fcngung ihrer Pflanzen suchen. Dieses hochwertige Substrat wird aus sorgf\u00e4ltig ausgew\u00e4hltem Torf hergestellt, gemischt mit verschiedenen Fasern und Perlit. Diese Kombination garantiert eine hervorragende Luftzirkulation und einen optimalen Sauerstoffgehalt, wesentliche Eigenschaften einer Blumenerde in Plagron-Qualit\u00e4t. Mit minimaler D\u00fcngung bietet Lightmix die M\u00f6glichkeit, die D\u00fcngerzufuhr an die Bed\u00fcrfnisse Ihrer Pflanzen anzupassen, so dass Sie eine vollst\u00e4ndig individuelle D\u00fcngung erhalten. In Kombination mit den Additiven Plagron Terra Grow, Terra Bloom und Plagron sorgt sie f\u00fcr au\u00dfergew\u00f6hnliche Ertr\u00e4ge. Der gebrauchsfertige Plagron Lightmix eignet sich perfekt zum Pflanzen und Umtopfen Ihrer bl\u00fchenden Pflanzen. Beginnen Sie innerhalb der ersten Woche mit der D\u00fcngung, um optimale Ergebnisse zu erzielen. Spezifikationen:<br \/>\n&#8211; Zutaten: Torf, Perlit<br \/>\n&#8211; EC (mS\/cm): 0,8 &#8211; 1,2<br \/>\n&#8211; Vorged\u00fcngt mit: 1,5 kg\/m\u00b3 Minerald\u00fcnger (NPK 12-14-24) Mit Plagron Lightmix haben Sie die volle Kontrolle \u00fcber die D\u00fcngung Ihrer Pflanzen und bieten ihnen gleichzeitig optimale Wachstumsbedingungen. EAN: 8718104121270<\/p>\n","protected":false},"excerpt":{"rendered":"<p>Entdecken Sie Plagron Lightmix &#8211; Ein flexibles Substrat f\u00fcr individuelle D\u00fcngung und maximale Ertr\u00e4ge. Plagron Lightmix ist die perfekte Wahl f\u00fcr Gartenfreunde, die Freiheit bei der D\u00fcngung ihrer Pflanzen suchen. Dieses hochwertige Substrat wird aus sorgf\u00e4ltig ausgew\u00e4hltem Torf hergestellt, gemischt mit verschiedenen Fasern und Perlit. Diese Kombination garantiert eine hervorragende Luftzirkulation und einen optimalen Sauerstoffgehalt, [&hellip;]<\/p>\n","protected":false},"featured_media":10025,"comment_status":"open","ping_status":"closed","template":"","meta":{"_seopress_robots_primary_cat":"","_seopress_titles_title":"","_seopress_titles_desc":"","_seopress_robots_index":""},"product_brand":[],"product_cat":[616],"product_tag":[],"class_list":{"0":"post-18398","1":"product","2":"type-product","3":"status-publish","4":"has-post-thumbnail","6":"product_cat-erde","9":"instock","10":"taxable","11":"shipping-taxable","12":"purchasable","13":"product-type-simple","14":"product-grid-view"},"_links":{"self":[{"href":"https:\/\/greenkingdom.ch\/de\/wp-json\/wp\/v2\/product\/18398","targetHints":{"allow":["GET"]}}],"collection":[{"href":"https:\/\/greenkingdom.ch\/de\/wp-json\/wp\/v2\/product"}],"about":[{"href":"https:\/\/greenkingdom.ch\/de\/wp-json\/wp\/v2\/types\/product"}],"replies":[{"embeddable":true,"href":"https:\/\/greenkingdom.ch\/de\/wp-json\/wp\/v2\/comments?post=18398"}],"version-history":[{"count":0,"href":"https:\/\/greenkingdom.ch\/de\/wp-json\/wp\/v2\/product\/18398\/revisions"}],"wp:featuredmedia":[{"embeddable":true,"href":"https:\/\/greenkingdom.ch\/de\/wp-json\/wp\/v2\/media\/10025"}],"wp:attachment":[{"href":"https:\/\/greenkingdom.ch\/de\/wp-json\/wp\/v2\/media?parent=18398"}],"wp:term":[{"taxonomy":"product_brand","embeddable":true,"href":"https:\/\/greenkingdom.ch\/de\/wp-json\/wp\/v2\/product_brand?post=18398"},{"taxonomy":"product_cat","embeddable":true,"href":"https:\/\/greenkingdom.ch\/de\/wp-json\/wp\/v2\/product_cat?post=18398"},{"taxonomy":"product_tag","embeddable":true,"href":"https:\/\/greenkingdom.ch\/de\/wp-json\/wp\/v2\/product_tag?post=18398"}],"curies":[{"name":"wp","href":"https:\/\/api.w.org\/{rel}","templated":true}]}}