{"id":18403,"date":"2024-10-11T16:41:26","date_gmt":"2024-10-11T14:41:26","guid":{"rendered":"https:\/\/greenkingdom.ch\/product\/biobizz-wurmkompost-40l\/"},"modified":"2024-10-11T16:41:26","modified_gmt":"2024-10-11T14:41:26","slug":"biobizz-wurmkompost-40l","status":"publish","type":"product","link":"https:\/\/greenkingdom.ch\/de\/produkt\/biobizz-wurmkompost-40l\/","title":{"rendered":"BioBizz Wurmkompost 40L"},"content":{"rendered":"<p>Entdecken Sie Worm\u00b7 Humus, ein hochwertiger organischer D\u00fcnger aus Regenwurmkot, der ausschlie\u00dflich mit Steinmineralien und Bio-Kartoffelschalen gef\u00fcttert wird. Dieser reine, im Labor getestete Wurmkompost ist vollgepackt mit essentiellen N\u00e4hrstoffen und n\u00fctzlichen Bakterien f\u00fcr eine au\u00dfergew\u00f6hnliche Bodenqualit\u00e4t. Ideal zur Revitalisierung des Bodens, zur Erg\u00e4nzung Ihrer Substratmischungen oder zur Vorbereitung Ihres Gartens, Worm\u00b7 Humus ist das Geheimnis eines fruchtbaren und gesunden Bodens. Entscheiden Sie sich f\u00fcr nat\u00fcrliche Exzellenz mit unserem Bio-Humus, der die perfekte Wahl ist, um Ihre Pflanzen zu bereichern.   <\/p>\n","protected":false},"excerpt":{"rendered":"<p>Entdecken Sie Worm\u00b7 Humus, ein hochwertiger organischer D\u00fcnger aus Regenwurmkot, der ausschlie\u00dflich mit Steinmineralien und Bio-Kartoffelschalen gef\u00fcttert wird. Dieser reine, im Labor getestete Wurmkompost ist vollgepackt mit essentiellen N\u00e4hrstoffen und n\u00fctzlichen Bakterien f\u00fcr eine au\u00dfergew\u00f6hnliche Bodenqualit\u00e4t. Ideal zur Revitalisierung des Bodens, zur Erg\u00e4nzung Ihrer Substratmischungen oder zur Vorbereitung Ihres Gartens, Worm\u00b7 Humus ist das Geheimnis [&hellip;]<\/p>\n","protected":false},"featured_media":10019,"comment_status":"open","ping_status":"closed","template":"","meta":{"_seopress_robots_primary_cat":"","_seopress_titles_title":"","_seopress_titles_desc":"","_seopress_robots_index":""},"product_brand":[],"product_cat":[616],"product_tag":[],"class_list":{"0":"post-18403","1":"product","2":"type-product","3":"status-publish","4":"has-post-thumbnail","6":"product_cat-erde","9":"instock","10":"taxable","11":"shipping-taxable","12":"purchasable","13":"product-type-simple","14":"product-grid-view"},"_links":{"self":[{"href":"https:\/\/greenkingdom.ch\/de\/wp-json\/wp\/v2\/product\/18403","targetHints":{"allow":["GET"]}}],"collection":[{"href":"https:\/\/greenkingdom.ch\/de\/wp-json\/wp\/v2\/product"}],"about":[{"href":"https:\/\/greenkingdom.ch\/de\/wp-json\/wp\/v2\/types\/product"}],"replies":[{"embeddable":true,"href":"https:\/\/greenkingdom.ch\/de\/wp-json\/wp\/v2\/comments?post=18403"}],"version-history":[{"count":0,"href":"https:\/\/greenkingdom.ch\/de\/wp-json\/wp\/v2\/product\/18403\/revisions"}],"wp:featuredmedia":[{"embeddable":true,"href":"https:\/\/greenkingdom.ch\/de\/wp-json\/wp\/v2\/media\/10019"}],"wp:attachment":[{"href":"https:\/\/greenkingdom.ch\/de\/wp-json\/wp\/v2\/media?parent=18403"}],"wp:term":[{"taxonomy":"product_brand","embeddable":true,"href":"https:\/\/greenkingdom.ch\/de\/wp-json\/wp\/v2\/product_brand?post=18403"},{"taxonomy":"product_cat","embeddable":true,"href":"https:\/\/greenkingdom.ch\/de\/wp-json\/wp\/v2\/product_cat?post=18403"},{"taxonomy":"product_tag","embeddable":true,"href":"https:\/\/greenkingdom.ch\/de\/wp-json\/wp\/v2\/product_tag?post=18403"}],"curies":[{"name":"wp","href":"https:\/\/api.w.org\/{rel}","templated":true}]}}