{"id":18406,"date":"2024-10-11T16:41:27","date_gmt":"2024-10-11T14:41:27","guid":{"rendered":"https:\/\/greenkingdom.ch\/product\/biobizz-coco-mix-biobizz-50l-palette-65stk\/"},"modified":"2024-10-11T16:41:27","modified_gmt":"2024-10-11T14:41:27","slug":"biobizz-coco-mix-biobizz-50l-palette-65stk","status":"publish","type":"product","link":"https:\/\/greenkingdom.ch\/de\/produkt\/biobizz-coco-mix-biobizz-50l-palette-65stk\/","title":{"rendered":"BioBizz Coco-Mix BioBizz 50L Palette 65Stk"},"content":{"rendered":"<p>Entdecken Sie Biobizz Coco\u00b7 Mix, das Geheimnis des Bio-G\u00e4rtners f\u00fcr atemberaubende Pflanzen! Verarbeitet aus reinen Bio-Kokosfasern, ist dieses leichte, feuchtigkeitsarme Substrat ideal zur F\u00f6rderung des Pflanzenwachstums. Kann als Ersatz f\u00fcr Steinwolle f\u00fcr hydroponische Kulturen verwendet werden, Coco\u00b7 Mix ist mit allen N\u00e4hrstoffen kompatibel und kann f\u00fcr optimale Ergebnisse mit anderen Biobizz-Produkten kombiniert werden. Geben Sie Ihren Pflanzen alles, was sie brauchen, mit Coco\u00b7 Mischen!   <\/p>\n","protected":false},"excerpt":{"rendered":"<p>Entdecken Sie Biobizz Coco\u00b7 Mix, das Geheimnis des Bio-G\u00e4rtners f\u00fcr atemberaubende Pflanzen! Verarbeitet aus reinen Bio-Kokosfasern, ist dieses leichte, feuchtigkeitsarme Substrat ideal zur F\u00f6rderung des Pflanzenwachstums. Kann als Ersatz f\u00fcr Steinwolle f\u00fcr hydroponische Kulturen verwendet werden, Coco\u00b7 Mix ist mit allen N\u00e4hrstoffen kompatibel und kann f\u00fcr optimale Ergebnisse mit anderen Biobizz-Produkten kombiniert werden. Geben Sie [&hellip;]<\/p>\n","protected":false},"featured_media":10053,"comment_status":"open","ping_status":"closed","template":"","meta":{"_seopress_robots_primary_cat":"","_seopress_titles_title":"","_seopress_titles_desc":"","_seopress_robots_index":""},"product_brand":[],"product_cat":[610],"product_tag":[],"class_list":{"0":"post-18406","1":"product","2":"type-product","3":"status-publish","4":"has-post-thumbnail","6":"product_cat-kokos","9":"instock","10":"taxable","11":"shipping-taxable","12":"purchasable","13":"product-type-simple","14":"product-grid-view"},"_links":{"self":[{"href":"https:\/\/greenkingdom.ch\/de\/wp-json\/wp\/v2\/product\/18406","targetHints":{"allow":["GET"]}}],"collection":[{"href":"https:\/\/greenkingdom.ch\/de\/wp-json\/wp\/v2\/product"}],"about":[{"href":"https:\/\/greenkingdom.ch\/de\/wp-json\/wp\/v2\/types\/product"}],"replies":[{"embeddable":true,"href":"https:\/\/greenkingdom.ch\/de\/wp-json\/wp\/v2\/comments?post=18406"}],"version-history":[{"count":0,"href":"https:\/\/greenkingdom.ch\/de\/wp-json\/wp\/v2\/product\/18406\/revisions"}],"wp:featuredmedia":[{"embeddable":true,"href":"https:\/\/greenkingdom.ch\/de\/wp-json\/wp\/v2\/media\/10053"}],"wp:attachment":[{"href":"https:\/\/greenkingdom.ch\/de\/wp-json\/wp\/v2\/media?parent=18406"}],"wp:term":[{"taxonomy":"product_brand","embeddable":true,"href":"https:\/\/greenkingdom.ch\/de\/wp-json\/wp\/v2\/product_brand?post=18406"},{"taxonomy":"product_cat","embeddable":true,"href":"https:\/\/greenkingdom.ch\/de\/wp-json\/wp\/v2\/product_cat?post=18406"},{"taxonomy":"product_tag","embeddable":true,"href":"https:\/\/greenkingdom.ch\/de\/wp-json\/wp\/v2\/product_tag?post=18406"}],"curies":[{"name":"wp","href":"https:\/\/api.w.org\/{rel}","templated":true}]}}