{"id":18409,"date":"2024-10-11T16:41:27","date_gmt":"2024-10-11T14:41:27","guid":{"rendered":"https:\/\/greenkingdom.ch\/product\/canna-cocos-professional-plus-50l-palette-60-stueck\/"},"modified":"2024-10-11T16:41:27","modified_gmt":"2024-10-11T14:41:27","slug":"canna-cocos-professional-plus-50l-palette-60-stueck","status":"publish","type":"product","link":"https:\/\/greenkingdom.ch\/de\/produkt\/canna-cocos-professional-plus-50l-palette-60-stueck\/","title":{"rendered":"Canna Cocos Professional Plus 50L Palette 60 St\u00fcck"},"content":{"rendered":"<p>Canna Coco Professional Plus ist bekannt als die sch\u00f6nste, reinste und sauberste Kokosnuss auf dem Markt. Dieses Kokossubstrat wurde ausgiebig getestet und gilt als das beste, was Sie kaufen k\u00f6nnen. Der h\u00f6here Preis ist durch seine au\u00dfergew\u00f6hnliche Qualit\u00e4t gerechtfertigt, da er sicher mehrfach wiederverwendet werden kann. CANNA Coco Professional Plus ist ein 100% biologisches Produkt mit einer feinen und homogenen Struktur, ohne chemische Zus\u00e4tze, Viren oder Krankheitserreger. Sein hochwertiger Rohstoff und seine Reinheit heben es von anderen Substraten ab. Seine nat\u00fcrliche, schwammige, faserige Struktur bewahrt n\u00fctzliche Pilze wie Trichoderma, die Pflanzen vor Bodenkrankheiten sch\u00fctzen. Durch die F\u00f6rderung einer guten Bewurzelung und eines kr\u00e4ftigen Wachstums kann dieses Substrat wiederholt verwendet werden. Dieses Substrat kombiniert die Vorteile von Erde und Steinwolle f\u00fcr ein pr\u00e4zises und effizientes Wachstum. Dank seines komplexen Luft-Wasser-Systems \u00fcbertrifft es andere Substrate bei weitem. Speziell f\u00fcr den Indoor-Anbau entwickelt, ist sie ideal f\u00fcr Profis und Amateure gleicherma\u00dfen. Canne Coco Professional Plus ist RHP-zertifiziert und enth\u00e4lt n\u00fctzliche Mikroorganismen, die nicht mit Dampf behandelt werden. Die verwendeten Kokosn\u00fcsse werden in Indien sorgf\u00e4ltig ausgew\u00e4hlt und vor Schmutz und Unkraut gesch\u00fctzt. Voreingeweicht und gepuffert bieten sie eines der besten Substrate f\u00fcr Ihre Pflanzen. Genie\u00dfen Sie die Vorteile von Canna Coco Professional Plus, einem hochwertigen Substrat f\u00fcr ein gesundes und \u00fcppiges Wachstum.  <\/p>\n","protected":false},"excerpt":{"rendered":"<p>Canna Coco Professional Plus ist bekannt als die sch\u00f6nste, reinste und sauberste Kokosnuss auf dem Markt. Dieses Kokossubstrat wurde ausgiebig getestet und gilt als das beste, was Sie kaufen k\u00f6nnen. Der h\u00f6here Preis ist durch seine au\u00dfergew\u00f6hnliche Qualit\u00e4t gerechtfertigt, da er sicher mehrfach wiederverwendet werden kann. CANNA Coco Professional Plus ist ein 100% biologisches Produkt [&hellip;]<\/p>\n","protected":false},"featured_media":8920,"comment_status":"open","ping_status":"closed","template":"","meta":{"_seopress_robots_primary_cat":"","_seopress_titles_title":"","_seopress_titles_desc":"","_seopress_robots_index":""},"product_brand":[],"product_cat":[610],"product_tag":[],"class_list":{"0":"post-18409","1":"product","2":"type-product","3":"status-publish","4":"has-post-thumbnail","6":"product_cat-kokos","9":"instock","10":"taxable","11":"shipping-taxable","12":"purchasable","13":"product-type-simple","14":"product-grid-view"},"_links":{"self":[{"href":"https:\/\/greenkingdom.ch\/de\/wp-json\/wp\/v2\/product\/18409","targetHints":{"allow":["GET"]}}],"collection":[{"href":"https:\/\/greenkingdom.ch\/de\/wp-json\/wp\/v2\/product"}],"about":[{"href":"https:\/\/greenkingdom.ch\/de\/wp-json\/wp\/v2\/types\/product"}],"replies":[{"embeddable":true,"href":"https:\/\/greenkingdom.ch\/de\/wp-json\/wp\/v2\/comments?post=18409"}],"version-history":[{"count":0,"href":"https:\/\/greenkingdom.ch\/de\/wp-json\/wp\/v2\/product\/18409\/revisions"}],"wp:featuredmedia":[{"embeddable":true,"href":"https:\/\/greenkingdom.ch\/de\/wp-json\/wp\/v2\/media\/8920"}],"wp:attachment":[{"href":"https:\/\/greenkingdom.ch\/de\/wp-json\/wp\/v2\/media?parent=18409"}],"wp:term":[{"taxonomy":"product_brand","embeddable":true,"href":"https:\/\/greenkingdom.ch\/de\/wp-json\/wp\/v2\/product_brand?post=18409"},{"taxonomy":"product_cat","embeddable":true,"href":"https:\/\/greenkingdom.ch\/de\/wp-json\/wp\/v2\/product_cat?post=18409"},{"taxonomy":"product_tag","embeddable":true,"href":"https:\/\/greenkingdom.ch\/de\/wp-json\/wp\/v2\/product_tag?post=18409"}],"curies":[{"name":"wp","href":"https:\/\/api.w.org\/{rel}","templated":true}]}}