{"id":18412,"date":"2024-10-11T16:41:27","date_gmt":"2024-10-11T14:41:27","guid":{"rendered":"https:\/\/greenkingdom.ch\/product\/ugro-cocos-rhiza-steine-5kg\/"},"modified":"2024-10-11T16:41:27","modified_gmt":"2024-10-11T14:41:27","slug":"ugro-cocos-rhiza-steine-5kg","status":"publish","type":"product","link":"https:\/\/greenkingdom.ch\/de\/produkt\/ugro-cocos-rhiza-steine-5kg\/","title":{"rendered":"Ugro Cocos Rhiza Steine 5kg"},"content":{"rendered":"<p>Rhiza XL ist ein gepresster Block aus 5 kg reinen Kokosfasern, die mit Endo-Mykorrhiza angereichert sind. Dieses hochwertige Produkt wird von Finno hergestellt und hat eine bemerkenswerte Wasserhaltekapazit\u00e4t von 910%. Mit nur 28 Litern Wasser erh\u00e4ltst du 70 Liter hochwertiges Kokossubstrat. Perfekt f\u00fcr alle Arten von Anbau, sowohl im Innen- als auch im Au\u00dfenbereich. Empfohlen f\u00fcr saisonale Zuchtzyklen. Dieser Finno-Kokosblock ist dank seiner Leichtigkeit und der Kunststofft\u00fcte mit integriertem Tragegriff der ideale Untergrund. Perfekt f\u00fcr Grower, die keine Erde in ihren Anbauraum bringen k\u00f6nnen. Finno-Produkte werden aus Kokosnussschalen hergestellt und erfreuen sich aufgrund ihrer gleichbleibenden Qualit\u00e4t und hochwertigen Verarbeitung immer gr\u00f6\u00dferer Beliebtheit im Gartenbau und in der gewerblichen Freizeit. Dieses 5 kg schwere Kokosfasersubstrat ist mit Endomykorrhiza angereichert, die das Wurzelwachstum, die N\u00e4hrstoffaufnahme und die Vitalit\u00e4t der Pflanzen f\u00f6rdern. Es ist gebrauchsfertig, biologisch, biologisch abbaubar und umweltfreundlich. Stellen Sie Ihren Pflanzen ein hochwertiges Substrat zur Verf\u00fcgung, damit sie gedeihen k\u00f6nnen. Abmessungen: 30 x 30 x 12 cm<br \/>\npH: 5,5 &#8211; 6,5<br \/>\nEC (1:1,5): &lt;0,6 mS\/cm<br \/>\nWasserspeicherkapazit\u00e4t: 910%<br \/>\nVolumen: 70 Liter = 5,18 Gal<br \/>\nNettogewicht: 5 kg Verw\u00f6hnen Sie Ihre Pflanzen mit Rhiza XL von Finno. EAN: 609224330087    <\/p>\n","protected":false},"excerpt":{"rendered":"<p>Rhiza XL ist ein gepresster Block aus 5 kg reinen Kokosfasern, die mit Endo-Mykorrhiza angereichert sind. Dieses hochwertige Produkt wird von Finno hergestellt und hat eine bemerkenswerte Wasserhaltekapazit\u00e4t von 910%. Mit nur 28 Litern Wasser erh\u00e4ltst du 70 Liter hochwertiges Kokossubstrat. Perfekt f\u00fcr alle Arten von Anbau, sowohl im Innen- als auch im Au\u00dfenbereich. Empfohlen [&hellip;]<\/p>\n","protected":false},"featured_media":10048,"comment_status":"open","ping_status":"closed","template":"","meta":{"_seopress_robots_primary_cat":"","_seopress_titles_title":"","_seopress_titles_desc":"","_seopress_robots_index":""},"product_brand":[],"product_cat":[610],"product_tag":[],"class_list":{"0":"post-18412","1":"product","2":"type-product","3":"status-publish","4":"has-post-thumbnail","6":"product_cat-kokos","9":"instock","10":"taxable","11":"shipping-taxable","12":"purchasable","13":"product-type-simple","14":"product-grid-view"},"_links":{"self":[{"href":"https:\/\/greenkingdom.ch\/de\/wp-json\/wp\/v2\/product\/18412","targetHints":{"allow":["GET"]}}],"collection":[{"href":"https:\/\/greenkingdom.ch\/de\/wp-json\/wp\/v2\/product"}],"about":[{"href":"https:\/\/greenkingdom.ch\/de\/wp-json\/wp\/v2\/types\/product"}],"replies":[{"embeddable":true,"href":"https:\/\/greenkingdom.ch\/de\/wp-json\/wp\/v2\/comments?post=18412"}],"version-history":[{"count":0,"href":"https:\/\/greenkingdom.ch\/de\/wp-json\/wp\/v2\/product\/18412\/revisions"}],"wp:featuredmedia":[{"embeddable":true,"href":"https:\/\/greenkingdom.ch\/de\/wp-json\/wp\/v2\/media\/10048"}],"wp:attachment":[{"href":"https:\/\/greenkingdom.ch\/de\/wp-json\/wp\/v2\/media?parent=18412"}],"wp:term":[{"taxonomy":"product_brand","embeddable":true,"href":"https:\/\/greenkingdom.ch\/de\/wp-json\/wp\/v2\/product_brand?post=18412"},{"taxonomy":"product_cat","embeddable":true,"href":"https:\/\/greenkingdom.ch\/de\/wp-json\/wp\/v2\/product_cat?post=18412"},{"taxonomy":"product_tag","embeddable":true,"href":"https:\/\/greenkingdom.ch\/de\/wp-json\/wp\/v2\/product_tag?post=18412"}],"curies":[{"name":"wp","href":"https:\/\/api.w.org\/{rel}","templated":true}]}}