{"id":18414,"date":"2024-10-11T16:41:27","date_gmt":"2024-10-11T14:41:27","guid":{"rendered":"https:\/\/greenkingdom.ch\/product\/plagron-cocos-platten-palette-200-stueck\/"},"modified":"2024-10-11T16:41:27","modified_gmt":"2024-10-11T14:41:27","slug":"plagron-cocos-platten-palette-200-stueck","status":"publish","type":"product","link":"https:\/\/greenkingdom.ch\/de\/produkt\/plagron-cocos-platten-palette-200-stueck\/","title":{"rendered":"Plagron Cocos Platten Palette 200 St\u00fcck"},"content":{"rendered":"<p>Entdecken Sie Plagron Cocos Slab \u2013 die perfekte L\u00f6sung f\u00fcr die Hydrokultur The Plagron Cocos Slab bietet nat\u00fcrliche Qualit\u00e4t f\u00fcr optimale Ertr\u00e4ge The Plagron Cocos Slab ist die ideale Wahl f\u00fcr alle, die nat\u00fcrliche und reine Produkte suchen. Dieses vollst\u00e4ndig gepufferte und gewaschene Kokossubstrat hat eine ausgezeichnete Wasserhaltekapazit\u00e4t, was bedeutet, dass weniger Bew\u00e4sserung erforderlich ist. Es entspricht den h\u00f6chsten Qualit\u00e4tsstandards, enth\u00e4lt keine D\u00fcngemittel und ist f\u00fcr alle Arten von fl\u00fcssigen N\u00e4hrstoffen geeignet. In Kombination mit Plagron Cocos A&amp;B und Plagron Additiven garantiert Ihnen Cocos Slab hervorragende Ertr\u00e4ge und ist nach dem RHP-Qualit\u00e4tsstandard zertifiziert. Einfach zu verwenden: Die Cocos Slab bietet eine einfache Anwendung, da Ihre Pflanzen direkt in das Substrat hineinwachsen k\u00f6nnen. Er ist f\u00fcr ein gleichm\u00e4\u00dfiges Wurzelwachstum vorgeformt und verf\u00fcgt \u00fcber gebrauchsfertige Drainagel\u00f6cher. Garantiert sauberer Untergrund: Durch die gr\u00fcndliche Reinigung und Pufferung garantiert die Cocos Slab einen niedrigen EC-Wert. Alle unerw\u00fcnschten Salze wurden entfernt, um Probleme bei der N\u00e4hrstoffaufnahme zu vermeiden und ein optimales Wachstum und eine optimale Bl\u00fcte zu gew\u00e4hrleisten. H\u00f6chste Qualit\u00e4t: Die herausragende Qualit\u00e4t der Plagron Kokossubstrate wird durch das RHP-G\u00fctesiegel best\u00e4tigt. Dies sichert die Qualit\u00e4t und langlebige Herkunft des Substrats und sorgt gleichzeitig f\u00fcr ein hervorragendes Wasserhalteverm\u00f6gen und einen sicheren Anbau ohne Sand, Unkraut oder Krankheitserreger. Die wichtigsten Vorteile auf einen Blick: \u2022 Nat\u00fcrliche und reine<br \/>\n Qualit\u00e4t\u2022 Hohe<br \/>\n Wasserspeicherkapazit\u00e4t\u2022 Niedriger EC-Wert f\u00fcr optimale N\u00e4hrstoffaufnahme<br \/>\n\u2022 Einfache Bedienung mit vorbereiteten Abflussl\u00f6chern\u2022 RHP-G\u00fctesiegel f\u00fcr garantierte Qualit\u00e4t und nachhaltige Herkunft<br \/>\n Anwendung:<br \/>\nVor Gebrauch die Cocos Platte gut sch\u00fctteln. Stellen Sie sicher, dass Sie gen\u00fcgend Abflussl\u00f6cher an der Unterseite der Cocos-Platte haben. Setze Deine Pflanzen in das Substrat und f\u00fcge bei jeder Bew\u00e4sserung N\u00e4hrstoffe hinzu. Technische Details: &#8211; Material: Gepuffertes Kokossubstrat (Kokostorf und Kokosfasern)<br \/>\n&#8211; pH-Wert: 5,8 &#8211; 6,8 (1:1,5)<br \/>\n&#8211; EC-Wert: &lt;0,2 mS\/cm (1:1,5)<br \/>\n&#8211; Verpackung: 12 L Beutel G\u00f6nnen Sie sich das Beste f\u00fcr optimale Ergebnisse mit der Plagron Cocos Platte.<\/p>\n","protected":false},"excerpt":{"rendered":"<p>Entdecken Sie Plagron Cocos Slab \u2013 die perfekte L\u00f6sung f\u00fcr die Hydrokultur The Plagron Cocos Slab bietet nat\u00fcrliche Qualit\u00e4t f\u00fcr optimale Ertr\u00e4ge The Plagron Cocos Slab ist die ideale Wahl f\u00fcr alle, die nat\u00fcrliche und reine Produkte suchen. Dieses vollst\u00e4ndig gepufferte und gewaschene Kokossubstrat hat eine ausgezeichnete Wasserhaltekapazit\u00e4t, was bedeutet, dass weniger Bew\u00e4sserung erforderlich ist. [&hellip;]<\/p>\n","protected":false},"featured_media":10040,"comment_status":"open","ping_status":"closed","template":"","meta":{"_seopress_robots_primary_cat":"","_seopress_titles_title":"","_seopress_titles_desc":"","_seopress_robots_index":""},"product_brand":[],"product_cat":[610],"product_tag":[],"class_list":{"0":"post-18414","1":"product","2":"type-product","3":"status-publish","4":"has-post-thumbnail","6":"product_cat-kokos","9":"instock","10":"taxable","11":"shipping-taxable","12":"purchasable","13":"product-type-simple","14":"product-grid-view"},"_links":{"self":[{"href":"https:\/\/greenkingdom.ch\/de\/wp-json\/wp\/v2\/product\/18414","targetHints":{"allow":["GET"]}}],"collection":[{"href":"https:\/\/greenkingdom.ch\/de\/wp-json\/wp\/v2\/product"}],"about":[{"href":"https:\/\/greenkingdom.ch\/de\/wp-json\/wp\/v2\/types\/product"}],"replies":[{"embeddable":true,"href":"https:\/\/greenkingdom.ch\/de\/wp-json\/wp\/v2\/comments?post=18414"}],"version-history":[{"count":0,"href":"https:\/\/greenkingdom.ch\/de\/wp-json\/wp\/v2\/product\/18414\/revisions"}],"wp:featuredmedia":[{"embeddable":true,"href":"https:\/\/greenkingdom.ch\/de\/wp-json\/wp\/v2\/media\/10040"}],"wp:attachment":[{"href":"https:\/\/greenkingdom.ch\/de\/wp-json\/wp\/v2\/media?parent=18414"}],"wp:term":[{"taxonomy":"product_brand","embeddable":true,"href":"https:\/\/greenkingdom.ch\/de\/wp-json\/wp\/v2\/product_brand?post=18414"},{"taxonomy":"product_cat","embeddable":true,"href":"https:\/\/greenkingdom.ch\/de\/wp-json\/wp\/v2\/product_cat?post=18414"},{"taxonomy":"product_tag","embeddable":true,"href":"https:\/\/greenkingdom.ch\/de\/wp-json\/wp\/v2\/product_tag?post=18414"}],"curies":[{"name":"wp","href":"https:\/\/api.w.org\/{rel}","templated":true}]}}