{"id":18425,"date":"2024-10-11T16:41:28","date_gmt":"2024-10-11T14:41:28","guid":{"rendered":"https:\/\/greenkingdom.ch\/product\/cultilene-ganze-palette-224-platten-steinwolle-1m-15-x-7-5cm\/"},"modified":"2024-10-11T16:41:28","modified_gmt":"2024-10-11T14:41:28","slug":"cultilene-ganze-palette-224-platten-steinwolle-1m-15-x-7-5cm","status":"publish","type":"product","link":"https:\/\/greenkingdom.ch\/de\/produkt\/cultilene-ganze-palette-224-platten-steinwolle-1m-15-x-7-5cm\/","title":{"rendered":"Cultilene &#8211; ganze Palette &#8211; 224 Platten Steinwolle 1m (15 x 7.5cm)"},"content":{"rendered":"<p>Entdecken Sie die gesamte Palette von 224 Cultilene-Steinwollefliesen, die sich ideal f\u00fcr gewerbliche Z\u00fcchter eignen. Diese Fliesen werden f\u00fcr ihre vorteilhaften Eigenschaften gesch\u00e4tzt, die eine optimale Kontrolle des N\u00e4hrstoffhaushalts Ihrer Pflanzen erm\u00f6glichen. Cultilene Platten haben dank ihrer speziellen X-Fasern ein besseres Luft-Wasser-Gleichgewicht und f\u00f6rdern so eine schnelle und gesunde Wurzelentwicklung. Deine Pflanzen wachsen schnell und produzieren gr\u00f6\u00dfere Fr\u00fcchte. Steinwolle ist ein reines Hydrosubstrat, das keine organischen Stoffe enth\u00e4lt. Dies sorgt f\u00fcr eine optimale Absorption und erm\u00f6glicht es Ihnen, je nach Bedarf Ihrer Pflanzen selektiv zu d\u00fcngen und zu gie\u00dfen. F\u00fcr eine reibungslose Transplantation empfehlen wir, die Steinwollplatten 12 bis 24 Stunden lang in einer L\u00f6sung mit einem pH-Wert zwischen 5,2 und 5,5 einzuweichen. F\u00fchlen Sie sich frei, den EAN-Code 0702639863680 zu verwenden, um dieses Qualit\u00e4tsprodukt zu bestellen. <\/p>\n","protected":false},"excerpt":{"rendered":"<p>Entdecken Sie die gesamte Palette von 224 Cultilene-Steinwollefliesen, die sich ideal f\u00fcr gewerbliche Z\u00fcchter eignen. Diese Fliesen werden f\u00fcr ihre vorteilhaften Eigenschaften gesch\u00e4tzt, die eine optimale Kontrolle des N\u00e4hrstoffhaushalts Ihrer Pflanzen erm\u00f6glichen. Cultilene Platten haben dank ihrer speziellen X-Fasern ein besseres Luft-Wasser-Gleichgewicht und f\u00f6rdern so eine schnelle und gesunde Wurzelentwicklung. Deine Pflanzen wachsen schnell und [&hellip;]<\/p>\n","protected":false},"featured_media":10109,"comment_status":"open","ping_status":"closed","template":"","meta":{"_seopress_robots_primary_cat":"","_seopress_titles_title":"","_seopress_titles_desc":"","_seopress_robots_index":""},"product_brand":[],"product_cat":[613],"product_tag":[],"class_list":{"0":"post-18425","1":"product","2":"type-product","3":"status-publish","4":"has-post-thumbnail","6":"product_cat-steinwolle","9":"instock","10":"taxable","11":"shipping-taxable","12":"purchasable","13":"product-type-simple","14":"product-grid-view"},"_links":{"self":[{"href":"https:\/\/greenkingdom.ch\/de\/wp-json\/wp\/v2\/product\/18425","targetHints":{"allow":["GET"]}}],"collection":[{"href":"https:\/\/greenkingdom.ch\/de\/wp-json\/wp\/v2\/product"}],"about":[{"href":"https:\/\/greenkingdom.ch\/de\/wp-json\/wp\/v2\/types\/product"}],"replies":[{"embeddable":true,"href":"https:\/\/greenkingdom.ch\/de\/wp-json\/wp\/v2\/comments?post=18425"}],"version-history":[{"count":0,"href":"https:\/\/greenkingdom.ch\/de\/wp-json\/wp\/v2\/product\/18425\/revisions"}],"wp:featuredmedia":[{"embeddable":true,"href":"https:\/\/greenkingdom.ch\/de\/wp-json\/wp\/v2\/media\/10109"}],"wp:attachment":[{"href":"https:\/\/greenkingdom.ch\/de\/wp-json\/wp\/v2\/media?parent=18425"}],"wp:term":[{"taxonomy":"product_brand","embeddable":true,"href":"https:\/\/greenkingdom.ch\/de\/wp-json\/wp\/v2\/product_brand?post=18425"},{"taxonomy":"product_cat","embeddable":true,"href":"https:\/\/greenkingdom.ch\/de\/wp-json\/wp\/v2\/product_cat?post=18425"},{"taxonomy":"product_tag","embeddable":true,"href":"https:\/\/greenkingdom.ch\/de\/wp-json\/wp\/v2\/product_tag?post=18425"}],"curies":[{"name":"wp","href":"https:\/\/api.w.org\/{rel}","templated":true}]}}