{"id":18428,"date":"2024-10-11T16:41:28","date_gmt":"2024-10-11T14:41:28","guid":{"rendered":"https:\/\/greenkingdom.ch\/product\/cultilene-ganze-box-480-75-bloecke-mit-kleinem-loch-o25cm-35cm\/"},"modified":"2024-10-11T16:41:28","modified_gmt":"2024-10-11T14:41:28","slug":"cultilene-ganze-box-480-75-bloecke-mit-kleinem-loch-o25cm-35cm","status":"publish","type":"product","link":"https:\/\/greenkingdom.ch\/de\/produkt\/cultilene-ganze-box-480-75-bloecke-mit-kleinem-loch-o25cm-35cm\/","title":{"rendered":"Cultilene -ganze Box- 480 7,5 Bl\u00f6cke mit kleinem Loch (\u00d82,5cm, 3,5cm)"},"content":{"rendered":"<p>Entdecken Sie Cultilene &#8211; komplette Box &#8211; 480 7,5 Bl\u00f6cke mit kleinem Loch (\u00d8 2,5 cm, 3,5 cm tief). Diese Growbl\u00f6cke eignen sich perfekt f\u00fcr den Anbau auf Steinwolleplatten oder in einem NFT-Bew\u00e4sserungssystem mit Wurzelsegel. Ideal f\u00fcr Pflanzen mit einem kurzen Zyklus von weniger als 6 Monaten. Stein- oder Mineralwolle, ein reines Substrat ohne organische Stoffe, bietet eine optimale Absorption. Sie k\u00f6nnen gezielt d\u00fcngen und die Bew\u00e4sserung an die Bed\u00fcrfnisse Ihrer Pflanzen anpassen. Steinwollw\u00fcrfel eignen sich perfekt f\u00fcr Setzlinge und die Vermehrung von Samen und Stecklingen. Ihre stabile, feste Struktur, ihr hohes R\u00fcckhalteverm\u00f6gen und ihr schnelles Wiederbenetzungsverm\u00f6gen machen sie zu einer bequemen und effizienten Wahl. Tipp: Kombinieren Sie die Cultilene-Bl\u00f6cke mit einem kleinen Loch (\u00d8 2,5 cm, 3,5 cm tief) perfekt mit den W\u00fcrfeln der Cultilene 150 Schneideschalen (2,5 x 2,5 cm). 1 Palette = 15 EAN-Kartons: 0702639865943.<\/p>\n","protected":false},"excerpt":{"rendered":"<p>Entdecken Sie Cultilene &#8211; komplette Box &#8211; 480 7,5 Bl\u00f6cke mit kleinem Loch (\u00d8 2,5 cm, 3,5 cm tief). Diese Growbl\u00f6cke eignen sich perfekt f\u00fcr den Anbau auf Steinwolleplatten oder in einem NFT-Bew\u00e4sserungssystem mit Wurzelsegel. Ideal f\u00fcr Pflanzen mit einem kurzen Zyklus von weniger als 6 Monaten. Stein- oder Mineralwolle, ein reines Substrat ohne organische [&hellip;]<\/p>\n","protected":false},"featured_media":10089,"comment_status":"open","ping_status":"closed","template":"","meta":{"_seopress_robots_primary_cat":"","_seopress_titles_title":"","_seopress_titles_desc":"","_seopress_robots_index":""},"product_brand":[],"product_cat":[613],"product_tag":[],"class_list":{"0":"post-18428","1":"product","2":"type-product","3":"status-publish","4":"has-post-thumbnail","6":"product_cat-steinwolle","9":"instock","10":"taxable","11":"shipping-taxable","12":"purchasable","13":"product-type-simple","14":"product-grid-view"},"_links":{"self":[{"href":"https:\/\/greenkingdom.ch\/de\/wp-json\/wp\/v2\/product\/18428","targetHints":{"allow":["GET"]}}],"collection":[{"href":"https:\/\/greenkingdom.ch\/de\/wp-json\/wp\/v2\/product"}],"about":[{"href":"https:\/\/greenkingdom.ch\/de\/wp-json\/wp\/v2\/types\/product"}],"replies":[{"embeddable":true,"href":"https:\/\/greenkingdom.ch\/de\/wp-json\/wp\/v2\/comments?post=18428"}],"version-history":[{"count":0,"href":"https:\/\/greenkingdom.ch\/de\/wp-json\/wp\/v2\/product\/18428\/revisions"}],"wp:featuredmedia":[{"embeddable":true,"href":"https:\/\/greenkingdom.ch\/de\/wp-json\/wp\/v2\/media\/10089"}],"wp:attachment":[{"href":"https:\/\/greenkingdom.ch\/de\/wp-json\/wp\/v2\/media?parent=18428"}],"wp:term":[{"taxonomy":"product_brand","embeddable":true,"href":"https:\/\/greenkingdom.ch\/de\/wp-json\/wp\/v2\/product_brand?post=18428"},{"taxonomy":"product_cat","embeddable":true,"href":"https:\/\/greenkingdom.ch\/de\/wp-json\/wp\/v2\/product_cat?post=18428"},{"taxonomy":"product_tag","embeddable":true,"href":"https:\/\/greenkingdom.ch\/de\/wp-json\/wp\/v2\/product_tag?post=18428"}],"curies":[{"name":"wp","href":"https:\/\/api.w.org\/{rel}","templated":true}]}}