{"id":18432,"date":"2024-10-11T16:41:28","date_gmt":"2024-10-11T14:41:28","guid":{"rendered":"https:\/\/greenkingdom.ch\/product\/cultilene-ganze-box-480-75-bloecke-mit-grossem-loch-o35cm-35cm-tief\/"},"modified":"2024-10-11T16:41:28","modified_gmt":"2024-10-11T14:41:28","slug":"cultilene-ganze-box-480-75-bloecke-mit-grossem-loch-o35cm-35cm-tief","status":"publish","type":"product","link":"https:\/\/greenkingdom.ch\/de\/produkt\/cultilene-ganze-box-480-75-bloecke-mit-grossem-loch-o35cm-35cm-tief\/","title":{"rendered":"Cultilene -ganze Box- 480 7,5 Bl\u00f6cke mit gro\u00dfem Loch (\u00d83,5cm, 3,5cm tief)"},"content":{"rendered":"<p>Entdecken Sie die Cultilene Grow Cubes in einer ganzen Box mit 480 7,5 Bl\u00f6cken mit gro\u00dfem Loch. Diese Bl\u00f6cke eignen sich perfekt f\u00fcr den Anbau auf Steinwolle oder in einem NFT-Bew\u00e4sserungssystem und bieten eine optimale Absorptionskapazit\u00e4t f\u00fcr kurzlebige Pflanzen. Da Steinwolle keine organischen Bestandteile enth\u00e4lt, erm\u00f6glicht sie eine selektive D\u00fcngung und Bew\u00e4sserung, die an die Bed\u00fcrfnisse Ihrer Pflanzen angepasst ist. Diese W\u00fcrfel eignen sich ideal f\u00fcr die Aussaat und Bewurzelung von Samen und Stecklingen und haben eine feste Struktur und eine gro\u00dfe Speicherkapazit\u00e4t. Kombinieren Sie sie mit den Cultilene 77 W\u00fcrfeln f\u00fcr ein optimales Wachstum. Palette mit 15 Kartons verf\u00fcgbar. EAN: 0702639865950.      <\/p>\n","protected":false},"excerpt":{"rendered":"<p>Entdecken Sie die Cultilene Grow Cubes in einer ganzen Box mit 480 7,5 Bl\u00f6cken mit gro\u00dfem Loch. Diese Bl\u00f6cke eignen sich perfekt f\u00fcr den Anbau auf Steinwolle oder in einem NFT-Bew\u00e4sserungssystem und bieten eine optimale Absorptionskapazit\u00e4t f\u00fcr kurzlebige Pflanzen. Da Steinwolle keine organischen Bestandteile enth\u00e4lt, erm\u00f6glicht sie eine selektive D\u00fcngung und Bew\u00e4sserung, die an die [&hellip;]<\/p>\n","protected":false},"featured_media":10099,"comment_status":"open","ping_status":"closed","template":"","meta":{"_seopress_robots_primary_cat":"","_seopress_titles_title":"","_seopress_titles_desc":"","_seopress_robots_index":""},"product_brand":[],"product_cat":[613],"product_tag":[],"class_list":{"0":"post-18432","1":"product","2":"type-product","3":"status-publish","4":"has-post-thumbnail","6":"product_cat-steinwolle","9":"instock","10":"taxable","11":"shipping-taxable","12":"purchasable","13":"product-type-simple","14":"product-grid-view"},"_links":{"self":[{"href":"https:\/\/greenkingdom.ch\/de\/wp-json\/wp\/v2\/product\/18432","targetHints":{"allow":["GET"]}}],"collection":[{"href":"https:\/\/greenkingdom.ch\/de\/wp-json\/wp\/v2\/product"}],"about":[{"href":"https:\/\/greenkingdom.ch\/de\/wp-json\/wp\/v2\/types\/product"}],"replies":[{"embeddable":true,"href":"https:\/\/greenkingdom.ch\/de\/wp-json\/wp\/v2\/comments?post=18432"}],"version-history":[{"count":0,"href":"https:\/\/greenkingdom.ch\/de\/wp-json\/wp\/v2\/product\/18432\/revisions"}],"wp:featuredmedia":[{"embeddable":true,"href":"https:\/\/greenkingdom.ch\/de\/wp-json\/wp\/v2\/media\/10099"}],"wp:attachment":[{"href":"https:\/\/greenkingdom.ch\/de\/wp-json\/wp\/v2\/media?parent=18432"}],"wp:term":[{"taxonomy":"product_brand","embeddable":true,"href":"https:\/\/greenkingdom.ch\/de\/wp-json\/wp\/v2\/product_brand?post=18432"},{"taxonomy":"product_cat","embeddable":true,"href":"https:\/\/greenkingdom.ch\/de\/wp-json\/wp\/v2\/product_cat?post=18432"},{"taxonomy":"product_tag","embeddable":true,"href":"https:\/\/greenkingdom.ch\/de\/wp-json\/wp\/v2\/product_tag?post=18432"}],"curies":[{"name":"wp","href":"https:\/\/api.w.org\/{rel}","templated":true}]}}