{"id":18436,"date":"2024-10-11T16:41:28","date_gmt":"2024-10-11T14:41:28","guid":{"rendered":"https:\/\/greenkingdom.ch\/product\/plagron-cocos-premium-50l\/"},"modified":"2024-10-11T16:41:28","modified_gmt":"2024-10-11T14:41:28","slug":"plagron-cocos-premium-50l","status":"publish","type":"product","link":"https:\/\/greenkingdom.ch\/de\/produkt\/plagron-cocos-premium-50l\/","title":{"rendered":"Plagron Cocos Premium 50L"},"content":{"rendered":"<p>Entdecken Sie Plagron Cocos Premium, das hochwertige Kokossubstrat f\u00fcr das optimale Wachstum Ihrer Hydrokulturpflanzen. Seine perfekte Struktur und sein stabiler pH-Wert bieten eine ideale Basis f\u00fcr schnell wachsende Pflanzen. Vollst\u00e4ndig gepuffert, RHP-zertifiziert und d\u00fcngemittelfrei erf\u00fcllt dieses Substrat h\u00f6chste Anspr\u00fcche an Qualit\u00e4t und Sicherheit. Als Bodenverbesserer wiederverwendbar, tr\u00e4gt es zur Nachhaltigkeit Ihres Gartens bei. In Kombination mit Cocos A&amp;B und Plagron Additiven garantiert es maximale Leistung. Es wird empfohlen, am ersten Tag mit der D\u00fcngung zu beginnen. Verpackt in einem 50-Liter-Beutel ist Plagron Cocos Premium die perfekte Wahl f\u00fcr G\u00e4rtner, die Wert auf Qualit\u00e4t, Effizienz und Nachhaltigkeit legen. Entscheiden Sie sich f\u00fcr dieses Premium-Substrat und genie\u00dfen Sie ein optimales Pflanzenwachstum.       <\/p>\n","protected":false},"excerpt":{"rendered":"<p>Entdecken Sie Plagron Cocos Premium, das hochwertige Kokossubstrat f\u00fcr das optimale Wachstum Ihrer Hydrokulturpflanzen. Seine perfekte Struktur und sein stabiler pH-Wert bieten eine ideale Basis f\u00fcr schnell wachsende Pflanzen. Vollst\u00e4ndig gepuffert, RHP-zertifiziert und d\u00fcngemittelfrei erf\u00fcllt dieses Substrat h\u00f6chste Anspr\u00fcche an Qualit\u00e4t und Sicherheit. Als Bodenverbesserer wiederverwendbar, tr\u00e4gt es zur Nachhaltigkeit Ihres Gartens bei. In Kombination [&hellip;]<\/p>\n","protected":false},"featured_media":10064,"comment_status":"open","ping_status":"closed","template":"","meta":{"_seopress_robots_primary_cat":"","_seopress_titles_title":"","_seopress_titles_desc":"","_seopress_robots_index":""},"product_brand":[],"product_cat":[610],"product_tag":[],"class_list":{"0":"post-18436","1":"product","2":"type-product","3":"status-publish","4":"has-post-thumbnail","6":"product_cat-kokos","9":"instock","10":"taxable","11":"shipping-taxable","12":"purchasable","13":"product-type-simple","14":"product-grid-view"},"_links":{"self":[{"href":"https:\/\/greenkingdom.ch\/de\/wp-json\/wp\/v2\/product\/18436","targetHints":{"allow":["GET"]}}],"collection":[{"href":"https:\/\/greenkingdom.ch\/de\/wp-json\/wp\/v2\/product"}],"about":[{"href":"https:\/\/greenkingdom.ch\/de\/wp-json\/wp\/v2\/types\/product"}],"replies":[{"embeddable":true,"href":"https:\/\/greenkingdom.ch\/de\/wp-json\/wp\/v2\/comments?post=18436"}],"version-history":[{"count":0,"href":"https:\/\/greenkingdom.ch\/de\/wp-json\/wp\/v2\/product\/18436\/revisions"}],"wp:featuredmedia":[{"embeddable":true,"href":"https:\/\/greenkingdom.ch\/de\/wp-json\/wp\/v2\/media\/10064"}],"wp:attachment":[{"href":"https:\/\/greenkingdom.ch\/de\/wp-json\/wp\/v2\/media?parent=18436"}],"wp:term":[{"taxonomy":"product_brand","embeddable":true,"href":"https:\/\/greenkingdom.ch\/de\/wp-json\/wp\/v2\/product_brand?post=18436"},{"taxonomy":"product_cat","embeddable":true,"href":"https:\/\/greenkingdom.ch\/de\/wp-json\/wp\/v2\/product_cat?post=18436"},{"taxonomy":"product_tag","embeddable":true,"href":"https:\/\/greenkingdom.ch\/de\/wp-json\/wp\/v2\/product_tag?post=18436"}],"curies":[{"name":"wp","href":"https:\/\/api.w.org\/{rel}","templated":true}]}}