{"id":18439,"date":"2024-10-11T16:41:28","date_gmt":"2024-10-11T14:41:28","guid":{"rendered":"https:\/\/greenkingdom.ch\/product\/plagron-cocos-premium-50l-palette-60-stueck\/"},"modified":"2024-10-11T16:41:28","modified_gmt":"2024-10-11T14:41:28","slug":"plagron-cocos-premium-50l-palette-60-stueck","status":"publish","type":"product","link":"https:\/\/greenkingdom.ch\/de\/produkt\/plagron-cocos-premium-50l-palette-60-stueck\/","title":{"rendered":"Plagron Cocos Premium 50L Palette 60 St\u00fcck"},"content":{"rendered":"<p>Entdecken Sie Plagron Cocos Premium, das ideale hochwertige Kokossubstrat, um das optimale Wachstum Ihrer Pflanzen im hydrologischen Anbau zu f\u00f6rdern. Seine perfekte Struktur und sein stabiler pH-Wert bieten eine optimale Basis f\u00fcr schnell wachsende Pflanzen. Dieses Kokossubstrat ist vollst\u00e4ndig gepuffert und sorgt f\u00fcr einen stabilen pH-Wert f\u00fcr das Wohlbefinden Ihrer Pflanzen. RHP-zertifiziert, erf\u00fcllt es die h\u00f6chsten Qualit\u00e4tsstandards, um hohe Qualit\u00e4t und Sicherheit zu gew\u00e4hrleisten. Ohne D\u00fcnger kann dieses umweltfreundliche Substrat als Bodenverbesserer wiederverwendet werden und tr\u00e4gt so zur Nachhaltigkeit Ihres Gartens bei. F\u00fcr maximale Leistung kombinieren Sie es mit Plagron Cocos A&amp;B und Plagron Additiven. Plagron Cocos Premium ist gebrauchsfertig zum Pflanzen und Umtopfen von Bl\u00fctenpflanzen und sorgt f\u00fcr die D\u00fcngung vom ersten Tag an. Verpackt in einer Palette mit 60 x 50 L S\u00e4cken, ist dieses Substrat ideal f\u00fcr G\u00e4rtner, die Wert auf Qualit\u00e4t und Haltbarkeit legen. Vergessen Sie mit Plagron Cocos Premium alle Sorgen und schenken Sie Ihren Pflanzen ein optimales Wachstum. Kaufen Sie es jetzt f\u00fcr ein au\u00dfergew\u00f6hnliches pflanzliches Erlebnis. <\/p>\n","protected":false},"excerpt":{"rendered":"<p>Entdecken Sie Plagron Cocos Premium, das ideale hochwertige Kokossubstrat, um das optimale Wachstum Ihrer Pflanzen im hydrologischen Anbau zu f\u00f6rdern. Seine perfekte Struktur und sein stabiler pH-Wert bieten eine optimale Basis f\u00fcr schnell wachsende Pflanzen. Dieses Kokossubstrat ist vollst\u00e4ndig gepuffert und sorgt f\u00fcr einen stabilen pH-Wert f\u00fcr das Wohlbefinden Ihrer Pflanzen. RHP-zertifiziert, erf\u00fcllt es die [&hellip;]<\/p>\n","protected":false},"featured_media":10069,"comment_status":"open","ping_status":"closed","template":"","meta":{"_seopress_robots_primary_cat":"","_seopress_titles_title":"","_seopress_titles_desc":"","_seopress_robots_index":""},"product_brand":[],"product_cat":[610],"product_tag":[],"class_list":{"0":"post-18439","1":"product","2":"type-product","3":"status-publish","4":"has-post-thumbnail","6":"product_cat-kokos","9":"instock","10":"taxable","11":"shipping-taxable","12":"purchasable","13":"product-type-simple","14":"product-grid-view"},"_links":{"self":[{"href":"https:\/\/greenkingdom.ch\/de\/wp-json\/wp\/v2\/product\/18439","targetHints":{"allow":["GET"]}}],"collection":[{"href":"https:\/\/greenkingdom.ch\/de\/wp-json\/wp\/v2\/product"}],"about":[{"href":"https:\/\/greenkingdom.ch\/de\/wp-json\/wp\/v2\/types\/product"}],"replies":[{"embeddable":true,"href":"https:\/\/greenkingdom.ch\/de\/wp-json\/wp\/v2\/comments?post=18439"}],"version-history":[{"count":0,"href":"https:\/\/greenkingdom.ch\/de\/wp-json\/wp\/v2\/product\/18439\/revisions"}],"wp:featuredmedia":[{"embeddable":true,"href":"https:\/\/greenkingdom.ch\/de\/wp-json\/wp\/v2\/media\/10069"}],"wp:attachment":[{"href":"https:\/\/greenkingdom.ch\/de\/wp-json\/wp\/v2\/media?parent=18439"}],"wp:term":[{"taxonomy":"product_brand","embeddable":true,"href":"https:\/\/greenkingdom.ch\/de\/wp-json\/wp\/v2\/product_brand?post=18439"},{"taxonomy":"product_cat","embeddable":true,"href":"https:\/\/greenkingdom.ch\/de\/wp-json\/wp\/v2\/product_cat?post=18439"},{"taxonomy":"product_tag","embeddable":true,"href":"https:\/\/greenkingdom.ch\/de\/wp-json\/wp\/v2\/product_tag?post=18439"}],"curies":[{"name":"wp","href":"https:\/\/api.w.org\/{rel}","templated":true}]}}