{"id":18449,"date":"2024-10-11T16:41:51","date_gmt":"2024-10-11T14:41:51","guid":{"rendered":"https:\/\/greenkingdom.ch\/product\/bewaesserungsset-0-8\/"},"modified":"2024-10-11T16:41:51","modified_gmt":"2024-10-11T14:41:51","slug":"bewaesserungsset-0-8","status":"publish","type":"product","link":"https:\/\/greenkingdom.ch\/de\/produkt\/bewaesserungsset-0-8\/","title":{"rendered":"Bew\u00e4sserungsset 0.8"},"content":{"rendered":"<p>Einer der wesentlichen Schl\u00fcssel zum Anbau von Pflanzen ist ein gesundes Wurzelsystem f\u00fcr den Transport von N\u00e4hrstoffen, begleitet von der richtigen Lichteinwirkung. F\u00fcr ein optimales Wachstum von Zier- und Nutzpflanzen unter k\u00fcnstlichem Licht ist ein effizientes und einfach zu installierendes Bew\u00e4sserungssystem ein Muss. Die von Growtool angebotenen automatischen Bew\u00e4sserungserweiterungen 0.8, 1.0 und 1.2 bereichern die hochwertige GrowSystem-Produktpalette und bieten eine Plug&amp;Play-L\u00f6sung. Dieses System umfasst die Schl\u00e4uche und die Pumpe f\u00fcr eine effiziente Bew\u00e4sserung. Nutzen Sie auch die Vorteile des mitgelieferten EU-Steckers, mit dem optional erh\u00e4ltlichen Montageadapter. Erfolgreich in Ihrem Aeroponik- oder Hydrokulturanbau mit diesem unverzichtbaren Ger\u00e4t!     <\/p>\n","protected":false},"excerpt":{"rendered":"<p>Einer der wesentlichen Schl\u00fcssel zum Anbau von Pflanzen ist ein gesundes Wurzelsystem f\u00fcr den Transport von N\u00e4hrstoffen, begleitet von der richtigen Lichteinwirkung. F\u00fcr ein optimales Wachstum von Zier- und Nutzpflanzen unter k\u00fcnstlichem Licht ist ein effizientes und einfach zu installierendes Bew\u00e4sserungssystem ein Muss. Die von Growtool angebotenen automatischen Bew\u00e4sserungserweiterungen 0.8, 1.0 und 1.2 bereichern die [&hellip;]<\/p>\n","protected":false},"featured_media":10186,"comment_status":"open","ping_status":"closed","template":"","meta":{"_seopress_robots_primary_cat":"","_seopress_titles_title":"","_seopress_titles_desc":"","_seopress_robots_index":""},"product_brand":[],"product_cat":[619],"product_tag":[],"class_list":{"0":"post-18449","1":"product","2":"type-product","3":"status-publish","4":"has-post-thumbnail","6":"product_cat-hydro-und-aeroponische-systeme","9":"instock","10":"taxable","11":"shipping-taxable","12":"purchasable","13":"product-type-simple","14":"product-grid-view"},"_links":{"self":[{"href":"https:\/\/greenkingdom.ch\/de\/wp-json\/wp\/v2\/product\/18449","targetHints":{"allow":["GET"]}}],"collection":[{"href":"https:\/\/greenkingdom.ch\/de\/wp-json\/wp\/v2\/product"}],"about":[{"href":"https:\/\/greenkingdom.ch\/de\/wp-json\/wp\/v2\/types\/product"}],"replies":[{"embeddable":true,"href":"https:\/\/greenkingdom.ch\/de\/wp-json\/wp\/v2\/comments?post=18449"}],"version-history":[{"count":0,"href":"https:\/\/greenkingdom.ch\/de\/wp-json\/wp\/v2\/product\/18449\/revisions"}],"wp:featuredmedia":[{"embeddable":true,"href":"https:\/\/greenkingdom.ch\/de\/wp-json\/wp\/v2\/media\/10186"}],"wp:attachment":[{"href":"https:\/\/greenkingdom.ch\/de\/wp-json\/wp\/v2\/media?parent=18449"}],"wp:term":[{"taxonomy":"product_brand","embeddable":true,"href":"https:\/\/greenkingdom.ch\/de\/wp-json\/wp\/v2\/product_brand?post=18449"},{"taxonomy":"product_cat","embeddable":true,"href":"https:\/\/greenkingdom.ch\/de\/wp-json\/wp\/v2\/product_cat?post=18449"},{"taxonomy":"product_tag","embeddable":true,"href":"https:\/\/greenkingdom.ch\/de\/wp-json\/wp\/v2\/product_tag?post=18449"}],"curies":[{"name":"wp","href":"https:\/\/api.w.org\/{rel}","templated":true}]}}