{"id":18456,"date":"2024-10-11T16:41:51","date_gmt":"2024-10-11T14:41:51","guid":{"rendered":"https:\/\/greenkingdom.ch\/product\/x-stream-105-sitze\/"},"modified":"2024-10-11T16:41:51","modified_gmt":"2024-10-11T14:41:51","slug":"x-stream-105-sitze","status":"publish","type":"product","link":"https:\/\/greenkingdom.ch\/de\/produkt\/x-stream-105-sitze\/","title":{"rendered":"X-Stream 105 Sitze"},"content":{"rendered":"<p>Lernen Sie den X-Stream-Gew\u00e4chshaus kennen, ein au\u00dfergew\u00f6hnliches aeroponisches Substrat, das Ihren Pflanzen starke Wurzeln und optimales Wachstum garantiert. Dank seiner 120 Produktionsstandorte k\u00f6nnen Sie mit diesem Gew\u00e4chshaus in Rekordzeit bemerkenswerte Ergebnisse erzielen. Die Vorteile von X-Stream: unbegrenzte aeroponische Wurzeln, optimale W\u00e4rme- und Feuchtigkeitsregulierung, sterile Wurzelzone, um das Krankheitsrisiko zu verringern. Mit den Ma\u00dfen 115x65x46cm ist dieses von Nutriculture entworfene Produkt einfach ein Muss. EAN: 0702639866247.    <\/p>\n","protected":false},"excerpt":{"rendered":"<p>Lernen Sie den X-Stream-Gew\u00e4chshaus kennen, ein au\u00dfergew\u00f6hnliches aeroponisches Substrat, das Ihren Pflanzen starke Wurzeln und optimales Wachstum garantiert. Dank seiner 120 Produktionsstandorte k\u00f6nnen Sie mit diesem Gew\u00e4chshaus in Rekordzeit bemerkenswerte Ergebnisse erzielen. Die Vorteile von X-Stream: unbegrenzte aeroponische Wurzeln, optimale W\u00e4rme- und Feuchtigkeitsregulierung, sterile Wurzelzone, um das Krankheitsrisiko zu verringern. Mit den Ma\u00dfen 115x65x46cm ist [&hellip;]<\/p>\n","protected":false},"featured_media":10180,"comment_status":"open","ping_status":"closed","template":"","meta":{"_seopress_robots_primary_cat":"","_seopress_titles_title":"","_seopress_titles_desc":"","_seopress_robots_index":""},"product_brand":[],"product_cat":[619],"product_tag":[],"class_list":{"0":"post-18456","1":"product","2":"type-product","3":"status-publish","4":"has-post-thumbnail","6":"product_cat-hydro-und-aeroponische-systeme","9":"instock","10":"taxable","11":"shipping-taxable","12":"purchasable","13":"product-type-simple","14":"product-grid-view"},"_links":{"self":[{"href":"https:\/\/greenkingdom.ch\/de\/wp-json\/wp\/v2\/product\/18456","targetHints":{"allow":["GET"]}}],"collection":[{"href":"https:\/\/greenkingdom.ch\/de\/wp-json\/wp\/v2\/product"}],"about":[{"href":"https:\/\/greenkingdom.ch\/de\/wp-json\/wp\/v2\/types\/product"}],"replies":[{"embeddable":true,"href":"https:\/\/greenkingdom.ch\/de\/wp-json\/wp\/v2\/comments?post=18456"}],"version-history":[{"count":0,"href":"https:\/\/greenkingdom.ch\/de\/wp-json\/wp\/v2\/product\/18456\/revisions"}],"wp:featuredmedia":[{"embeddable":true,"href":"https:\/\/greenkingdom.ch\/de\/wp-json\/wp\/v2\/media\/10180"}],"wp:attachment":[{"href":"https:\/\/greenkingdom.ch\/de\/wp-json\/wp\/v2\/media?parent=18456"}],"wp:term":[{"taxonomy":"product_brand","embeddable":true,"href":"https:\/\/greenkingdom.ch\/de\/wp-json\/wp\/v2\/product_brand?post=18456"},{"taxonomy":"product_cat","embeddable":true,"href":"https:\/\/greenkingdom.ch\/de\/wp-json\/wp\/v2\/product_cat?post=18456"},{"taxonomy":"product_tag","embeddable":true,"href":"https:\/\/greenkingdom.ch\/de\/wp-json\/wp\/v2\/product_tag?post=18456"}],"curies":[{"name":"wp","href":"https:\/\/api.w.org\/{rel}","templated":true}]}}