{"id":18457,"date":"2024-10-11T16:41:51","date_gmt":"2024-10-11T14:41:51","guid":{"rendered":"https:\/\/greenkingdom.ch\/product\/growsystem-airpot-1-2\/"},"modified":"2024-10-11T16:41:51","modified_gmt":"2024-10-11T14:41:51","slug":"growsystem-airpot-1-2","status":"publish","type":"product","link":"https:\/\/greenkingdom.ch\/de\/produkt\/growsystem-airpot-1-2\/","title":{"rendered":"GrowSYSTEM Airpot 1.2"},"content":{"rendered":"<p>Entdecken Sie growTool &#8211; Innovation in der Hydrokultur! Der Fluttisch growTool 1.2 garantiert durch seine ausgekl\u00fcgelte Konstruktion eine effiziente Entw\u00e4sserung. Seine tiefe Entw\u00e4sserungsraupe verhindert Verstopfungen, w\u00e4hrend sein optimiertes Oberfl\u00e4chengitter f\u00fcr einen schnellen Wasserfluss sorgt. Der Fluttisch ist so konzipiert, dass er perfekt in ein 120x120cm gro\u00dfes Growzelt passt, und verf\u00fcgt \u00fcber abgerundete Aussparungen an den Ecken, um Platz f\u00fcr die Zeltpfosten zu schaffen. Das growTool-Schlauchsystem verf\u00fcgt \u00fcber einen 40-Liter-Tank mit eingebauter Pumpe, der sich unter dem growRACK befindet, um den Platz zu optimieren. Die N\u00e4hrl\u00f6sung wird zuverl\u00e4ssig durch die Wasserleitung, die sich vertikal durch den growTABLE 1.2 erstreckt, nach oben verteilt. Mit 4 &#8222;Wasserspinnen&#8220; und 16 Tropfstielen wird die Bew\u00e4sserung gleichm\u00e4\u00dfig verteilt, um Ihre Pflanzen kontrolliert zu f\u00fcttern. Das eingebaute Filtersystem sorgt f\u00fcr eine effektive Reinigung der N\u00e4hrl\u00f6sung und verhindert so das Verstopfen der Pipette. Komplettset bestehend aus 16 AIR-POT 3L T\u00f6pfen, einem Bew\u00e4sserungskreislauf mit Wasserspinnen und Tropfern, dem growTABLE 1.2, einem Entw\u00e4sserungs- und Zulaufsystem f\u00fcr den Fluttisch, dem modularen growRACK 1.2 &#8211; 25, einer growPUMP HX-8825 Filterpumpe, sowie einem optionalen N\u00e4hrstoff f\u00fcr den growTANK (40 Liter in SOIL oder 75 Liter in HYDRO). Geben Sie Ihren Pflanzen mit growTool das Beste und genie\u00dfen Sie hervorragende Ergebnisse!<\/p>\n","protected":false},"excerpt":{"rendered":"<p>Entdecken Sie growTool &#8211; Innovation in der Hydrokultur! Der Fluttisch growTool 1.2 garantiert durch seine ausgekl\u00fcgelte Konstruktion eine effiziente Entw\u00e4sserung. Seine tiefe Entw\u00e4sserungsraupe verhindert Verstopfungen, w\u00e4hrend sein optimiertes Oberfl\u00e4chengitter f\u00fcr einen schnellen Wasserfluss sorgt. Der Fluttisch ist so konzipiert, dass er perfekt in ein 120x120cm gro\u00dfes Growzelt passt, und verf\u00fcgt \u00fcber abgerundete Aussparungen an den [&hellip;]<\/p>\n","protected":false},"featured_media":10163,"comment_status":"open","ping_status":"closed","template":"","meta":{"_seopress_robots_primary_cat":"","_seopress_titles_title":"","_seopress_titles_desc":"","_seopress_robots_index":""},"product_brand":[],"product_cat":[619],"product_tag":[],"class_list":{"0":"post-18457","1":"product","2":"type-product","3":"status-publish","4":"has-post-thumbnail","6":"product_cat-hydro-und-aeroponische-systeme","9":"instock","10":"taxable","11":"shipping-taxable","12":"purchasable","13":"product-type-simple","14":"product-grid-view"},"_links":{"self":[{"href":"https:\/\/greenkingdom.ch\/de\/wp-json\/wp\/v2\/product\/18457","targetHints":{"allow":["GET"]}}],"collection":[{"href":"https:\/\/greenkingdom.ch\/de\/wp-json\/wp\/v2\/product"}],"about":[{"href":"https:\/\/greenkingdom.ch\/de\/wp-json\/wp\/v2\/types\/product"}],"replies":[{"embeddable":true,"href":"https:\/\/greenkingdom.ch\/de\/wp-json\/wp\/v2\/comments?post=18457"}],"version-history":[{"count":0,"href":"https:\/\/greenkingdom.ch\/de\/wp-json\/wp\/v2\/product\/18457\/revisions"}],"wp:featuredmedia":[{"embeddable":true,"href":"https:\/\/greenkingdom.ch\/de\/wp-json\/wp\/v2\/media\/10163"}],"wp:attachment":[{"href":"https:\/\/greenkingdom.ch\/de\/wp-json\/wp\/v2\/media?parent=18457"}],"wp:term":[{"taxonomy":"product_brand","embeddable":true,"href":"https:\/\/greenkingdom.ch\/de\/wp-json\/wp\/v2\/product_brand?post=18457"},{"taxonomy":"product_cat","embeddable":true,"href":"https:\/\/greenkingdom.ch\/de\/wp-json\/wp\/v2\/product_cat?post=18457"},{"taxonomy":"product_tag","embeddable":true,"href":"https:\/\/greenkingdom.ch\/de\/wp-json\/wp\/v2\/product_tag?post=18457"}],"curies":[{"name":"wp","href":"https:\/\/api.w.org\/{rel}","templated":true}]}}