{"id":18462,"date":"2024-10-11T16:41:51","date_gmt":"2024-10-11T14:41:51","guid":{"rendered":"https:\/\/greenkingdom.ch\/product\/x-stream-20-sitze\/"},"modified":"2024-10-11T16:41:51","modified_gmt":"2024-10-11T14:41:51","slug":"x-stream-20-sitze","status":"publish","type":"product","link":"https:\/\/greenkingdom.ch\/de\/produkt\/x-stream-20-sitze\/","title":{"rendered":"X-Stream 20 Sitze"},"content":{"rendered":"<p>Lernen Sie den X-Stream-Gew\u00e4chshaus kennen, ein einzigartiges aeroponisches Substrat, das ein unglaubliches Wurzelwachstum f\u00f6rdert und f\u00fcr alle Kulturen geeignet ist. Die Pflanzen k\u00f6nnen dank ihrer Kapazit\u00e4t von 20 Pflanzen im Handumdrehen wieder gepflanzt werden. Dieses Gew\u00e4chshaus bietet Vorteile wie unbegrenzte aeroponische Wurzeln, optimale W\u00e4rme- und Feuchtigkeitsregulierung sowie eine sterile Wurzelzone, die das Risiko von Krankheiten verringert. Der X-Stream-Gew\u00e4chshaus ist mit seinen Abmessungen von 59x47x44 cm einfach zu installieren und ein Qualit\u00e4tsprodukt von Nutriculture. Profitieren Sie von Exzellenz mit EAN 0702639866261.    <\/p>\n","protected":false},"excerpt":{"rendered":"<p>Lernen Sie den X-Stream-Gew\u00e4chshaus kennen, ein einzigartiges aeroponisches Substrat, das ein unglaubliches Wurzelwachstum f\u00f6rdert und f\u00fcr alle Kulturen geeignet ist. Die Pflanzen k\u00f6nnen dank ihrer Kapazit\u00e4t von 20 Pflanzen im Handumdrehen wieder gepflanzt werden. Dieses Gew\u00e4chshaus bietet Vorteile wie unbegrenzte aeroponische Wurzeln, optimale W\u00e4rme- und Feuchtigkeitsregulierung sowie eine sterile Wurzelzone, die das Risiko von Krankheiten [&hellip;]<\/p>\n","protected":false},"featured_media":10173,"comment_status":"open","ping_status":"closed","template":"","meta":{"_seopress_robots_primary_cat":"","_seopress_titles_title":"","_seopress_titles_desc":"","_seopress_robots_index":""},"product_brand":[],"product_cat":[619],"product_tag":[],"class_list":{"0":"post-18462","1":"product","2":"type-product","3":"status-publish","4":"has-post-thumbnail","6":"product_cat-hydro-und-aeroponische-systeme","9":"instock","10":"taxable","11":"shipping-taxable","12":"purchasable","13":"product-type-simple","14":"product-grid-view"},"_links":{"self":[{"href":"https:\/\/greenkingdom.ch\/de\/wp-json\/wp\/v2\/product\/18462","targetHints":{"allow":["GET"]}}],"collection":[{"href":"https:\/\/greenkingdom.ch\/de\/wp-json\/wp\/v2\/product"}],"about":[{"href":"https:\/\/greenkingdom.ch\/de\/wp-json\/wp\/v2\/types\/product"}],"replies":[{"embeddable":true,"href":"https:\/\/greenkingdom.ch\/de\/wp-json\/wp\/v2\/comments?post=18462"}],"version-history":[{"count":0,"href":"https:\/\/greenkingdom.ch\/de\/wp-json\/wp\/v2\/product\/18462\/revisions"}],"wp:featuredmedia":[{"embeddable":true,"href":"https:\/\/greenkingdom.ch\/de\/wp-json\/wp\/v2\/media\/10173"}],"wp:attachment":[{"href":"https:\/\/greenkingdom.ch\/de\/wp-json\/wp\/v2\/media?parent=18462"}],"wp:term":[{"taxonomy":"product_brand","embeddable":true,"href":"https:\/\/greenkingdom.ch\/de\/wp-json\/wp\/v2\/product_brand?post=18462"},{"taxonomy":"product_cat","embeddable":true,"href":"https:\/\/greenkingdom.ch\/de\/wp-json\/wp\/v2\/product_cat?post=18462"},{"taxonomy":"product_tag","embeddable":true,"href":"https:\/\/greenkingdom.ch\/de\/wp-json\/wp\/v2\/product_tag?post=18462"}],"curies":[{"name":"wp","href":"https:\/\/api.w.org\/{rel}","templated":true}]}}