{"id":18463,"date":"2024-10-11T16:41:51","date_gmt":"2024-10-11T14:41:51","guid":{"rendered":"https:\/\/greenkingdom.ch\/product\/growtool-grow-sekunden-wasser-timer\/"},"modified":"2024-10-11T16:41:51","modified_gmt":"2024-10-11T14:41:51","slug":"growtool-grow-sekunden-wasser-timer","status":"publish","type":"product","link":"https:\/\/greenkingdom.ch\/de\/produkt\/growtool-grow-sekunden-wasser-timer\/","title":{"rendered":"GrowTOOL Grow Sekunden Wasser-Timer"},"content":{"rendered":"<div class=\"value\">\n<h2>growWATER Timer &#8211; Pr\u00e4zise Steuerung f\u00fcr automatische Bew\u00e4sserungssysteme<\/h2>\n<div><\/div>\n<div><\/div>\n<h3><strong>growWATER Timer \u2013 Maximieren Sie die Bew\u00e4sserung der Pflanzen<\/strong><\/h3>\n<p><\/p>\n<p>Optimiere die Bew\u00e4sserung Deiner Pflanzen mit dem growWATER Timer. Mit diesem pr\u00e4zisen Timer k\u00f6nnen Sie den Betrieb Ihrer Bew\u00e4sserungspumpe im N\u00e4hrstoffreservoir \u00fcberwachen, ideal f\u00fcr Hydrokulturen, Aeroponiken und automatische Bew\u00e4sserungssysteme. Mit der M\u00f6glichkeit, bis zu 8 Zeitpl\u00e4ne pro Tag zu programmieren und einer minimalen Schaltzeit von 1 Sekunde bietet der growWATER Timer maximale Flexibilit\u00e4t. Sein interner Speicher sorgt daf\u00fcr, dass Ihre Einstellungen im Falle eines Stromausfalls gespeichert werden, w\u00e4hrend die Kindersicherung f\u00fcr zus\u00e4tzliche Sicherheit sorgt.   <\/p>\n<p><strong><br \/><\/strong><\/p>\n<p><strong>Vielseitige Steuerung:<\/strong> Mit dem growWATER Timer k\u00f6nnen Sie bis zu 8 Ein-\/Ausschaltzyklen pro Tag mit einer Genauigkeit von 1 Sekunde planen. T\u00e4glich, an Wochentagen, an ausgew\u00e4hlten Tagen oder am Wochenende \u2013 nutzen Sie die Vorteile einer Vielzahl von Programmieroptionen, um den Bed\u00fcrfnissen Ihrer Pflanzen am besten gerecht zu werden. <\/p>\n<p><strong><br \/><\/strong><\/p>\n<p><strong>Sicherheit und Zuverl\u00e4ssigkeit:<\/strong> Dank des internen Speichers bleiben Ihre Einstellungen auch bei einem Stromausfall erhalten. Dar\u00fcber hinaus sorgt die integrierte Kindersicherung f\u00fcr einen sicheren Betrieb, ideal f\u00fcr Haushalte mit Kindern. <\/p>\n<p><strong><br \/><\/strong><\/p>\n<p><strong>Benutzerfreundlichkeit:<\/strong> Der growWATER Timer ist einfach einzurichten und zu programmieren und erm\u00f6glicht eine einfache Automatisierung der Bew\u00e4sserung Ihrer Pflanzen. Perfekt f\u00fcr Grow-R\u00e4ume und Hausg\u00e4rten. <\/p>\n<p><strong><br \/><\/strong><\/p>\n<p><strong><br \/><\/strong><\/p>\n<h3><strong>Die wichtigsten Vorteile auf einen Blick:<\/strong><\/h3>\n<p><strong><br \/><\/strong><\/p>\n<ul>\n<li><strong>Bis zu 8 programmierbare Zeitpl\u00e4ne pro Tag<\/strong><\/li>\n<li><strong>Minimale Schaltzeit:<\/strong> 1 Sekunde<\/li>\n<li><strong>Verschiedene Planungsoptionen:<\/strong> t\u00e4glich, Arbeitstage, bestimmte Tage, Wochenenden, Tagesbl\u00f6cke, Shuffle-Funktion<\/li>\n<li><strong>Interner Speicher:<\/strong> Datenschutz bei Stromausfall<\/li>\n<li><strong>Kindersicherung:<\/strong> F\u00fcr mehr Sicherheit<\/li>\n<li><strong>Perfekt f\u00fcr:<\/strong> Hydrokultur, Aeroponik und automatische Bew\u00e4sserungssysteme<\/li>\n<\/ul>\n<p><strong><br \/><\/strong><\/p>\n<p><strong><br \/><\/strong><\/p>\n<h3><strong>Technische Daten:<\/strong><\/h3>\n<p><strong><br \/><\/strong><\/p>\n<ul>\n<li><strong>Produkt:<\/strong> growWATER Timer<\/li>\n<li><strong>Verwendung:<\/strong> Steuerung von Bew\u00e4sserungspumpen f\u00fcr den Pflanzenanbau<\/li>\n<li><strong>Gewicht:<\/strong> Artikelgewicht 0.17 kg, Versandgewicht 0.28 kg<\/li>\n<\/ul>\n<div><\/div>\n<div><\/div>\n<\/div>\n<div class=\"product attribute ean\"><strong class=\"type\"> <span class=\"value ean\">EAN-4260358344959<\/span><\/strong><\/div>\n","protected":false},"excerpt":{"rendered":"<p>growWATER Timer &#8211; Pr\u00e4zise Steuerung f\u00fcr automatische Bew\u00e4sserungssysteme growWATER Timer \u2013 Maximieren Sie die Bew\u00e4sserung der Pflanzen Optimiere die Bew\u00e4sserung Deiner Pflanzen mit dem growWATER Timer. Mit diesem pr\u00e4zisen Timer k\u00f6nnen Sie den Betrieb Ihrer Bew\u00e4sserungspumpe im N\u00e4hrstoffreservoir \u00fcberwachen, ideal f\u00fcr Hydrokulturen, Aeroponiken und automatische Bew\u00e4sserungssysteme. Mit der M\u00f6glichkeit, bis zu 8 Zeitpl\u00e4ne pro Tag [&hellip;]<\/p>\n","protected":false},"featured_media":10142,"comment_status":"open","ping_status":"closed","template":"","meta":{"_seopress_robots_primary_cat":"","_seopress_titles_title":"","_seopress_titles_desc":"","_seopress_robots_index":""},"product_brand":[],"product_cat":[619],"product_tag":[],"class_list":{"0":"post-18463","1":"product","2":"type-product","3":"status-publish","4":"has-post-thumbnail","6":"product_cat-hydro-und-aeroponische-systeme","9":"instock","10":"taxable","11":"shipping-taxable","12":"purchasable","13":"product-type-simple","14":"product-grid-view"},"_links":{"self":[{"href":"https:\/\/greenkingdom.ch\/de\/wp-json\/wp\/v2\/product\/18463","targetHints":{"allow":["GET"]}}],"collection":[{"href":"https:\/\/greenkingdom.ch\/de\/wp-json\/wp\/v2\/product"}],"about":[{"href":"https:\/\/greenkingdom.ch\/de\/wp-json\/wp\/v2\/types\/product"}],"replies":[{"embeddable":true,"href":"https:\/\/greenkingdom.ch\/de\/wp-json\/wp\/v2\/comments?post=18463"}],"version-history":[{"count":0,"href":"https:\/\/greenkingdom.ch\/de\/wp-json\/wp\/v2\/product\/18463\/revisions"}],"wp:featuredmedia":[{"embeddable":true,"href":"https:\/\/greenkingdom.ch\/de\/wp-json\/wp\/v2\/media\/10142"}],"wp:attachment":[{"href":"https:\/\/greenkingdom.ch\/de\/wp-json\/wp\/v2\/media?parent=18463"}],"wp:term":[{"taxonomy":"product_brand","embeddable":true,"href":"https:\/\/greenkingdom.ch\/de\/wp-json\/wp\/v2\/product_brand?post=18463"},{"taxonomy":"product_cat","embeddable":true,"href":"https:\/\/greenkingdom.ch\/de\/wp-json\/wp\/v2\/product_cat?post=18463"},{"taxonomy":"product_tag","embeddable":true,"href":"https:\/\/greenkingdom.ch\/de\/wp-json\/wp\/v2\/product_tag?post=18463"}],"curies":[{"name":"wp","href":"https:\/\/api.w.org\/{rel}","templated":true}]}}