{"id":18469,"date":"2024-10-11T16:41:52","date_gmt":"2024-10-11T14:41:52","guid":{"rendered":"https:\/\/greenkingdom.ch\/product\/growtool-hx-8840-pumpe-4000l-h\/"},"modified":"2024-10-11T16:41:52","modified_gmt":"2024-10-11T14:41:52","slug":"growtool-hx-8840-pumpe-4000l-h","status":"publish","type":"product","link":"https:\/\/greenkingdom.ch\/de\/produkt\/growtool-hx-8840-pumpe-4000l-h\/","title":{"rendered":"GrowTOOL HX-8840 Pumpe 4000L\/h"},"content":{"rendered":"<p>Entdecken Sie die growPUMP HX-8840 f\u00fcr growDECK 1.2 von Haijlea, ein leistungsstarkes und langlebiges Modell mit konstanter Durchflussrate und geringer W\u00e4rmeentwicklung. Diese Universalpumpe ist ideal f\u00fcr Wasserzirkulation, Wasserf\u00e4lle oder Teichfilter und kann sowohl unter Wasser als auch trocken eingesetzt werden. Mit seinem stabilen ABS-Geh\u00e4use, den polierten Keramiklagern und -wellen ist er auch f\u00fcr Meerwasser geeignet. Technische Daten:<br \/>\n&#8211; Modell: GrowPUMP HX-8840<br \/>\n&#8211; Spannung: 220 &#8211; 240 V<br \/>\n&#8211; F\u00f6rdermenge: 4000 Liter\/h<br \/>\n&#8211; Verbrauch: 70 Watt<br \/>\n&#8211; Kabell\u00e4nge: 10 m<br \/>\n&#8211; Max. F\u00f6rderh\u00f6he: 3 m<br \/>\n&#8211; Max. Temperatur: 35\u00b0-<br \/>\n Auslassdurchmesser: 22,5 mm<br \/>\n&#8211; Abmessungen: 232 x 130 x 200 mm<br \/>\n&#8211; Gewicht: 2,5 kg<br \/>\n&#8211; Garantie: 12 Monate<br \/>\n&#8211; 2 Anschl\u00fcsse \/ 1 Anschlussadapter im Lieferumfang enthalten Schlie\u00dfen Sie diese zuverl\u00e4ssige und leistungsstarke Pumpe an die beste Technologie an. (EU-Stecker im Lieferumfang enthalten &#8211; Montageadapter separat erh\u00e4ltlich) EAN-Code: 4260358344836  <\/p>\n","protected":false},"excerpt":{"rendered":"<p>Entdecken Sie die growPUMP HX-8840 f\u00fcr growDECK 1.2 von Haijlea, ein leistungsstarkes und langlebiges Modell mit konstanter Durchflussrate und geringer W\u00e4rmeentwicklung. Diese Universalpumpe ist ideal f\u00fcr Wasserzirkulation, Wasserf\u00e4lle oder Teichfilter und kann sowohl unter Wasser als auch trocken eingesetzt werden. Mit seinem stabilen ABS-Geh\u00e4use, den polierten Keramiklagern und -wellen ist er auch f\u00fcr Meerwasser geeignet. [&hellip;]<\/p>\n","protected":false},"featured_media":10225,"comment_status":"open","ping_status":"closed","template":"","meta":{"_seopress_robots_primary_cat":"","_seopress_titles_title":"","_seopress_titles_desc":"","_seopress_robots_index":""},"product_brand":[],"product_cat":[619],"product_tag":[],"class_list":{"0":"post-18469","1":"product","2":"type-product","3":"status-publish","4":"has-post-thumbnail","6":"product_cat-hydro-und-aeroponische-systeme","9":"instock","10":"taxable","11":"shipping-taxable","12":"purchasable","13":"product-type-simple","14":"product-grid-view"},"_links":{"self":[{"href":"https:\/\/greenkingdom.ch\/de\/wp-json\/wp\/v2\/product\/18469","targetHints":{"allow":["GET"]}}],"collection":[{"href":"https:\/\/greenkingdom.ch\/de\/wp-json\/wp\/v2\/product"}],"about":[{"href":"https:\/\/greenkingdom.ch\/de\/wp-json\/wp\/v2\/types\/product"}],"replies":[{"embeddable":true,"href":"https:\/\/greenkingdom.ch\/de\/wp-json\/wp\/v2\/comments?post=18469"}],"version-history":[{"count":0,"href":"https:\/\/greenkingdom.ch\/de\/wp-json\/wp\/v2\/product\/18469\/revisions"}],"wp:featuredmedia":[{"embeddable":true,"href":"https:\/\/greenkingdom.ch\/de\/wp-json\/wp\/v2\/media\/10225"}],"wp:attachment":[{"href":"https:\/\/greenkingdom.ch\/de\/wp-json\/wp\/v2\/media?parent=18469"}],"wp:term":[{"taxonomy":"product_brand","embeddable":true,"href":"https:\/\/greenkingdom.ch\/de\/wp-json\/wp\/v2\/product_brand?post=18469"},{"taxonomy":"product_cat","embeddable":true,"href":"https:\/\/greenkingdom.ch\/de\/wp-json\/wp\/v2\/product_cat?post=18469"},{"taxonomy":"product_tag","embeddable":true,"href":"https:\/\/greenkingdom.ch\/de\/wp-json\/wp\/v2\/product_tag?post=18469"}],"curies":[{"name":"wp","href":"https:\/\/api.w.org\/{rel}","templated":true}]}}