{"id":18472,"date":"2024-10-11T16:41:52","date_gmt":"2024-10-11T14:41:52","guid":{"rendered":"https:\/\/greenkingdom.ch\/product\/growtool-hx8808-pumpe-650l-h\/"},"modified":"2024-10-11T16:41:52","modified_gmt":"2024-10-11T14:41:52","slug":"growtool-hx8808-pumpe-650l-h","status":"publish","type":"product","link":"https:\/\/greenkingdom.ch\/de\/produkt\/growtool-hx8808-pumpe-650l-h\/","title":{"rendered":"GrowTOOL HX8808 Pumpe 650L\/h"},"content":{"rendered":"<p>Entdecken Sie die growPUMP HX-8808 N\u00e4hrstoffpumpe, die speziell f\u00fcr die growCOOL-Pflege entwickelt wurde. Diese kleine Universalpumpe erleichtert den Wasseraustausch zwischen dem N\u00e4hrl\u00f6sungstank und dem growCOOL-Wasserk\u00fchler, ideal f\u00fcr den Einsatz mit dem growSYSTEM aeroponic 1.0 \/ 1.2. Eigenschaften:<br \/>\n&#8211; Spannung: 220-240V<br \/>\n&#8211; Frequenz: 50Hz<br \/>\n&#8211; Leistung: 8 W<br \/>\n&#8211; Durchflussmenge: 650 Liter \/ h<br \/>\n&#8211; F\u00f6rderh\u00f6he: 1,2 m<br \/>\n&#8211; Anschluss: 1\/2&#8243; IG \/ weiblich<br \/>\n&#8211; Abmessungen: 13 x 6 x 9 cm Es wird mit einem EU-Stecker geliefert, aber denken Sie daran, dass der Befestigungsadapter separat bestellt werden muss. Entdecke die growPUMP HX-8808 N\u00e4hrstoffpumpe f\u00fcr einen nahrhaften und effizienten Anbau! (EAN: 4260358344805) <\/p>\n","protected":false},"excerpt":{"rendered":"<p>Entdecken Sie die growPUMP HX-8808 N\u00e4hrstoffpumpe, die speziell f\u00fcr die growCOOL-Pflege entwickelt wurde. Diese kleine Universalpumpe erleichtert den Wasseraustausch zwischen dem N\u00e4hrl\u00f6sungstank und dem growCOOL-Wasserk\u00fchler, ideal f\u00fcr den Einsatz mit dem growSYSTEM aeroponic 1.0 \/ 1.2. Eigenschaften: &#8211; Spannung: 220-240V &#8211; Frequenz: 50Hz &#8211; Leistung: 8 W &#8211; Durchflussmenge: 650 Liter \/ h &#8211; F\u00f6rderh\u00f6he: [&hellip;]<\/p>\n","protected":false},"featured_media":10210,"comment_status":"open","ping_status":"closed","template":"","meta":{"_seopress_robots_primary_cat":"","_seopress_titles_title":"","_seopress_titles_desc":"","_seopress_robots_index":""},"product_brand":[],"product_cat":[619],"product_tag":[],"class_list":{"0":"post-18472","1":"product","2":"type-product","3":"status-publish","4":"has-post-thumbnail","6":"product_cat-hydro-und-aeroponische-systeme","9":"instock","10":"taxable","11":"shipping-taxable","12":"purchasable","13":"product-type-simple","14":"product-grid-view"},"_links":{"self":[{"href":"https:\/\/greenkingdom.ch\/de\/wp-json\/wp\/v2\/product\/18472","targetHints":{"allow":["GET"]}}],"collection":[{"href":"https:\/\/greenkingdom.ch\/de\/wp-json\/wp\/v2\/product"}],"about":[{"href":"https:\/\/greenkingdom.ch\/de\/wp-json\/wp\/v2\/types\/product"}],"replies":[{"embeddable":true,"href":"https:\/\/greenkingdom.ch\/de\/wp-json\/wp\/v2\/comments?post=18472"}],"version-history":[{"count":0,"href":"https:\/\/greenkingdom.ch\/de\/wp-json\/wp\/v2\/product\/18472\/revisions"}],"wp:featuredmedia":[{"embeddable":true,"href":"https:\/\/greenkingdom.ch\/de\/wp-json\/wp\/v2\/media\/10210"}],"wp:attachment":[{"href":"https:\/\/greenkingdom.ch\/de\/wp-json\/wp\/v2\/media?parent=18472"}],"wp:term":[{"taxonomy":"product_brand","embeddable":true,"href":"https:\/\/greenkingdom.ch\/de\/wp-json\/wp\/v2\/product_brand?post=18472"},{"taxonomy":"product_cat","embeddable":true,"href":"https:\/\/greenkingdom.ch\/de\/wp-json\/wp\/v2\/product_cat?post=18472"},{"taxonomy":"product_tag","embeddable":true,"href":"https:\/\/greenkingdom.ch\/de\/wp-json\/wp\/v2\/product_tag?post=18472"}],"curies":[{"name":"wp","href":"https:\/\/api.w.org\/{rel}","templated":true}]}}