{"id":18474,"date":"2024-10-11T16:41:52","date_gmt":"2024-10-11T14:41:52","guid":{"rendered":"https:\/\/greenkingdom.ch\/product\/bewaesserungsset-1-2\/"},"modified":"2024-10-11T16:41:52","modified_gmt":"2024-10-11T14:41:52","slug":"bewaesserungsset-1-2","status":"publish","type":"product","link":"https:\/\/greenkingdom.ch\/de\/produkt\/bewaesserungsset-1-2\/","title":{"rendered":"Bew\u00e4sserungsset 1.2"},"content":{"rendered":"<p>Der Schl\u00fcssel zu gesunden Pflanzen ist ein starkes Wurzelsystem und ausreichend Licht. Um eine effiziente und einfache Bew\u00e4sserung zu gew\u00e4hrleisten, entscheiden Sie sich f\u00fcr die automatischen Bew\u00e4sserungserweiterungen 1.0 und 1.2 von Growtool. Dieses gebrauchsfertige Set wurde entwickelt, um Ihre Pflanzen st\u00e4ndig mit Wasser und N\u00e4hrstoffen zu versorgen und ihr Wachstum unter k\u00fcnstlichem Licht zu f\u00f6rdern. Mit diesen neuen Erweiterungen bietet Ihnen Growtool eine einfache und effektive M\u00f6glichkeit, Ihr Bew\u00e4sserungssystem f\u00fcr optimale Ergebnisse zu verbessern.   <\/p>\n","protected":false},"excerpt":{"rendered":"<p>Der Schl\u00fcssel zu gesunden Pflanzen ist ein starkes Wurzelsystem und ausreichend Licht. Um eine effiziente und einfache Bew\u00e4sserung zu gew\u00e4hrleisten, entscheiden Sie sich f\u00fcr die automatischen Bew\u00e4sserungserweiterungen 1.0 und 1.2 von Growtool. Dieses gebrauchsfertige Set wurde entwickelt, um Ihre Pflanzen st\u00e4ndig mit Wasser und N\u00e4hrstoffen zu versorgen und ihr Wachstum unter k\u00fcnstlichem Licht zu f\u00f6rdern. [&hellip;]<\/p>\n","protected":false},"featured_media":10198,"comment_status":"open","ping_status":"closed","template":"","meta":{"_seopress_robots_primary_cat":"","_seopress_titles_title":"","_seopress_titles_desc":"","_seopress_robots_index":""},"product_brand":[],"product_cat":[619],"product_tag":[],"class_list":{"0":"post-18474","1":"product","2":"type-product","3":"status-publish","4":"has-post-thumbnail","6":"product_cat-hydro-und-aeroponische-systeme","9":"instock","10":"taxable","11":"shipping-taxable","12":"purchasable","13":"product-type-simple","14":"product-grid-view"},"_links":{"self":[{"href":"https:\/\/greenkingdom.ch\/de\/wp-json\/wp\/v2\/product\/18474","targetHints":{"allow":["GET"]}}],"collection":[{"href":"https:\/\/greenkingdom.ch\/de\/wp-json\/wp\/v2\/product"}],"about":[{"href":"https:\/\/greenkingdom.ch\/de\/wp-json\/wp\/v2\/types\/product"}],"replies":[{"embeddable":true,"href":"https:\/\/greenkingdom.ch\/de\/wp-json\/wp\/v2\/comments?post=18474"}],"version-history":[{"count":0,"href":"https:\/\/greenkingdom.ch\/de\/wp-json\/wp\/v2\/product\/18474\/revisions"}],"wp:featuredmedia":[{"embeddable":true,"href":"https:\/\/greenkingdom.ch\/de\/wp-json\/wp\/v2\/media\/10198"}],"wp:attachment":[{"href":"https:\/\/greenkingdom.ch\/de\/wp-json\/wp\/v2\/media?parent=18474"}],"wp:term":[{"taxonomy":"product_brand","embeddable":true,"href":"https:\/\/greenkingdom.ch\/de\/wp-json\/wp\/v2\/product_brand?post=18474"},{"taxonomy":"product_cat","embeddable":true,"href":"https:\/\/greenkingdom.ch\/de\/wp-json\/wp\/v2\/product_cat?post=18474"},{"taxonomy":"product_tag","embeddable":true,"href":"https:\/\/greenkingdom.ch\/de\/wp-json\/wp\/v2\/product_tag?post=18474"}],"curies":[{"name":"wp","href":"https:\/\/api.w.org\/{rel}","templated":true}]}}