{"id":18477,"date":"2024-10-11T16:41:52","date_gmt":"2024-10-11T14:41:52","guid":{"rendered":"https:\/\/greenkingdom.ch\/product\/wachsenairstream-0-8\/"},"modified":"2024-10-11T16:41:52","modified_gmt":"2024-10-11T14:41:52","slug":"wachsenairstream-0-8","status":"publish","type":"product","link":"https:\/\/greenkingdom.ch\/de\/produkt\/wachsenairstream-0-8\/","title":{"rendered":"WachsenAIRSTREAM 0.8"},"content":{"rendered":"<p>Lernen Sie das GrowTOOL Airstream Circulation 0.8 kennen, ein luftgest\u00fctztes System, das Ihren Lieblingspflanzen Frische und Vitalit\u00e4t verleiht. Wenn Du Deine Pflanzen in einem Growzelt anbaust, ist dieses Zubeh\u00f6r ein Muss, um eine gesunde und ausgewogene Umgebung zu erhalten. Growzelte wie Homebox oder Darkroom sind mit Lufteinl\u00e4ssen ausgestattet, aber ohne ein Zirkulationssystem wie das GrowTOOL k\u00f6nnten Deine Pflanzen die frische Luft ausgehen und \u00fcberhitzen. Der Airstream kann dank seines kleinen, eingebauten Ventilators, der die Luft direkt zu den Pflanzen leitet, passiv oder aktiv Frischluft liefern. Dar\u00fcber hinaus ist mit der FL-100 der Einbau in eine Homebox ein Kinderspiel, ohne die Gefahr von Lichtverlusten! Kompatibel mit den aeroponischen Systemen GrowSYSTEM 0.8 und growDECK 0.8, ist der Airstream ein unverzichtbarer Verb\u00fcndeter f\u00fcr einen gedeihlichen und gesunden Anbau. Eigenschaften:<br \/>\n&#8211; Anschlussflansch \u00f8100mm<br \/>\n&#8211; Bel\u00fcftungskanal<br \/>\n&#8211; Ma\u00dfe: L 78 cm x B 78 cm x H 11 cm EAN-Referenz: 4260358344102 Schenken Sie Ihren Pflanzen die frische Luft, die sie brauchen mit dem GrowTOOL Airstream Circulation 0.8! <\/p>\n","protected":false},"excerpt":{"rendered":"<p>Lernen Sie das GrowTOOL Airstream Circulation 0.8 kennen, ein luftgest\u00fctztes System, das Ihren Lieblingspflanzen Frische und Vitalit\u00e4t verleiht. Wenn Du Deine Pflanzen in einem Growzelt anbaust, ist dieses Zubeh\u00f6r ein Muss, um eine gesunde und ausgewogene Umgebung zu erhalten. Growzelte wie Homebox oder Darkroom sind mit Lufteinl\u00e4ssen ausgestattet, aber ohne ein Zirkulationssystem wie das GrowTOOL [&hellip;]<\/p>\n","protected":false},"featured_media":10204,"comment_status":"open","ping_status":"closed","template":"","meta":{"_seopress_robots_primary_cat":"","_seopress_titles_title":"","_seopress_titles_desc":"","_seopress_robots_index":""},"product_brand":[],"product_cat":[619],"product_tag":[],"class_list":{"0":"post-18477","1":"product","2":"type-product","3":"status-publish","4":"has-post-thumbnail","6":"product_cat-hydro-und-aeroponische-systeme","9":"instock","10":"taxable","11":"shipping-taxable","12":"purchasable","13":"product-type-simple","14":"product-grid-view"},"_links":{"self":[{"href":"https:\/\/greenkingdom.ch\/de\/wp-json\/wp\/v2\/product\/18477","targetHints":{"allow":["GET"]}}],"collection":[{"href":"https:\/\/greenkingdom.ch\/de\/wp-json\/wp\/v2\/product"}],"about":[{"href":"https:\/\/greenkingdom.ch\/de\/wp-json\/wp\/v2\/types\/product"}],"replies":[{"embeddable":true,"href":"https:\/\/greenkingdom.ch\/de\/wp-json\/wp\/v2\/comments?post=18477"}],"version-history":[{"count":0,"href":"https:\/\/greenkingdom.ch\/de\/wp-json\/wp\/v2\/product\/18477\/revisions"}],"wp:featuredmedia":[{"embeddable":true,"href":"https:\/\/greenkingdom.ch\/de\/wp-json\/wp\/v2\/media\/10204"}],"wp:attachment":[{"href":"https:\/\/greenkingdom.ch\/de\/wp-json\/wp\/v2\/media?parent=18477"}],"wp:term":[{"taxonomy":"product_brand","embeddable":true,"href":"https:\/\/greenkingdom.ch\/de\/wp-json\/wp\/v2\/product_brand?post=18477"},{"taxonomy":"product_cat","embeddable":true,"href":"https:\/\/greenkingdom.ch\/de\/wp-json\/wp\/v2\/product_cat?post=18477"},{"taxonomy":"product_tag","embeddable":true,"href":"https:\/\/greenkingdom.ch\/de\/wp-json\/wp\/v2\/product_tag?post=18477"}],"curies":[{"name":"wp","href":"https:\/\/api.w.org\/{rel}","templated":true}]}}