{"id":18480,"date":"2024-10-11T16:41:53","date_gmt":"2024-10-11T14:41:53","guid":{"rendered":"https:\/\/greenkingdom.ch\/product\/growdeck-erweiterungsset-0-8-inkl-bewaesserung\/"},"modified":"2024-10-11T16:41:53","modified_gmt":"2024-10-11T14:41:53","slug":"growdeck-erweiterungsset-0-8-inkl-bewaesserung","status":"publish","type":"product","link":"https:\/\/greenkingdom.ch\/de\/produkt\/growdeck-erweiterungsset-0-8-inkl-bewaesserung\/","title":{"rendered":"GrowDECK Erweiterungsset 0.8 inkl. Bew\u00e4sserung"},"content":{"rendered":"<div class=\"value\">\n<p>Entscheiden Sie sich f\u00fcr das GrowDECK 0.8 mit eingebautem Bew\u00e4sserungssystem, das sich perfekt eignet, um Ihren Anbauraum in einen modernen aeroponischen Garten zu verwandeln. Die Br\u00fcckenmodule bieten &#8222;Grow-Kammern&#8220;, die bereit sind, Ihre Mesh-T\u00f6pfe aufzunehmen, wodurch Erde \u00fcberfl\u00fcssig wird und der Wasserverbrauch dank eines innovativen geschlossenen Kreislaufs reduziert wird. <\/p>\n<p><\/p>\n<p>GrowDECK Funktionen:<\/p>\n<p>&#8211; 8 Schlitze f\u00fcr Netzt\u00f6pfe \u00d8 55 mm mit Neoprenringen<\/p>\n<p>&#8211; Integriertes Managementsystem aus LD-PE \u00d8 16 mm<\/p>\n<p>&#8211; 4 x 90 Liter\/h 360\u00b0 Spr\u00fchd\u00fcsen<\/p>\n<p>Inklusive Pumpensystem:<\/p>\n<p>&#8211; GrowPUMP HX-8825 Absaugpumpe<\/p>\n<p>&#8211; Inline-Filter f\u00fcr kontinuierlich sauberes Wasser<\/p>\n<p>&#8211; Spezielle Beschl\u00e4ge f\u00fcr das GrowDECK<\/p>\n<p>Einfache Anbindung an Ihren Fluttisch:<\/p>\n<p>&#8211; Abfluss und \u00dcberlauf vorhanden, inklusive Abflussrohre<\/p>\n<p>&#8211; Eingang zum Anschluss eines Wasserschlauchs an das GrowDECK<\/p>\n<p><\/p>\n<p>Gr\u00f6\u00dfe:<\/p>\n<p>B: 78,0 cm<\/p>\n<p>B: 78,0 cm<\/p>\n<p>H: 5,0 cm<\/p>\n<p><\/p>\n<p>Gewicht: ca. 10 kg (Lieferung in 2 Kartons auf kleiner Palette)<\/p>\n<\/div>\n<div class=\"product attribute ean\"><strong class=\"type\"> <span class=\"value ean\">EAN-4260358342801<\/span><\/strong><\/div>\n","protected":false},"excerpt":{"rendered":"<p>Entscheiden Sie sich f\u00fcr das GrowDECK 0.8 mit eingebautem Bew\u00e4sserungssystem, das sich perfekt eignet, um Ihren Anbauraum in einen modernen aeroponischen Garten zu verwandeln. Die Br\u00fcckenmodule bieten &#8222;Grow-Kammern&#8220;, die bereit sind, Ihre Mesh-T\u00f6pfe aufzunehmen, wodurch Erde \u00fcberfl\u00fcssig wird und der Wasserverbrauch dank eines innovativen geschlossenen Kreislaufs reduziert wird. GrowDECK Funktionen: &#8211; 8 Schlitze f\u00fcr Netzt\u00f6pfe [&hellip;]<\/p>\n","protected":false},"featured_media":10286,"comment_status":"open","ping_status":"closed","template":"","meta":{"_seopress_robots_primary_cat":"","_seopress_titles_title":"","_seopress_titles_desc":"","_seopress_robots_index":""},"product_brand":[],"product_cat":[619],"product_tag":[],"class_list":{"0":"post-18480","1":"product","2":"type-product","3":"status-publish","4":"has-post-thumbnail","6":"product_cat-hydro-und-aeroponische-systeme","9":"instock","10":"taxable","11":"shipping-taxable","12":"purchasable","13":"product-type-simple","14":"product-grid-view"},"_links":{"self":[{"href":"https:\/\/greenkingdom.ch\/de\/wp-json\/wp\/v2\/product\/18480","targetHints":{"allow":["GET"]}}],"collection":[{"href":"https:\/\/greenkingdom.ch\/de\/wp-json\/wp\/v2\/product"}],"about":[{"href":"https:\/\/greenkingdom.ch\/de\/wp-json\/wp\/v2\/types\/product"}],"replies":[{"embeddable":true,"href":"https:\/\/greenkingdom.ch\/de\/wp-json\/wp\/v2\/comments?post=18480"}],"version-history":[{"count":0,"href":"https:\/\/greenkingdom.ch\/de\/wp-json\/wp\/v2\/product\/18480\/revisions"}],"wp:featuredmedia":[{"embeddable":true,"href":"https:\/\/greenkingdom.ch\/de\/wp-json\/wp\/v2\/media\/10286"}],"wp:attachment":[{"href":"https:\/\/greenkingdom.ch\/de\/wp-json\/wp\/v2\/media?parent=18480"}],"wp:term":[{"taxonomy":"product_brand","embeddable":true,"href":"https:\/\/greenkingdom.ch\/de\/wp-json\/wp\/v2\/product_brand?post=18480"},{"taxonomy":"product_cat","embeddable":true,"href":"https:\/\/greenkingdom.ch\/de\/wp-json\/wp\/v2\/product_cat?post=18480"},{"taxonomy":"product_tag","embeddable":true,"href":"https:\/\/greenkingdom.ch\/de\/wp-json\/wp\/v2\/product_tag?post=18480"}],"curies":[{"name":"wp","href":"https:\/\/api.w.org\/{rel}","templated":true}]}}