{"id":18485,"date":"2024-10-11T16:41:53","date_gmt":"2024-10-11T14:41:53","guid":{"rendered":"https:\/\/greenkingdom.ch\/product\/tecoponic-hy2000\/"},"modified":"2024-10-11T16:41:53","modified_gmt":"2024-10-11T14:41:53","slug":"tecoponic-hy2000","status":"publish","type":"product","link":"https:\/\/greenkingdom.ch\/de\/produkt\/tecoponic-hy2000\/","title":{"rendered":"Tecoponic HY2000"},"content":{"rendered":"<p>Lernen Sie den HY2000 von Tecoponic kennen, einen stilvollen Wasserk\u00fchler made in Italy, der sich ideal f\u00fcr Hydrokulturen eignet. Ausgestattet mit einer leistungsstarken K\u00fchltechnologie sorgt dieses System f\u00fcr eine hohe Leistung bei reduziertem Energieverbrauch. Mit seinem pr\u00e4zisen und intuitiven digitalen Thermostat k\u00f6nnen Sie die Wassertemperatur zwischen 18\u00b0C und 22\u00b0C einstellen.  Dank seines innovativen Designs vereint dieser K\u00fchler \u00c4sthetik und Funktionalit\u00e4t und bietet Kompaktheit und Effizienz auch bei beengten Platzverh\u00e4ltnissen. Sein einzigartiger Kondensator erm\u00f6glicht eine einfache Wartung dank eines abnehmbaren Filters. Zu den technischen Spezifikationen geh\u00f6ren eine Stromversorgung von 230 V-50 Hz, eine K\u00fchlleistung von 435 W und ein Tankvolumen von bis zu 2000 l. Denken Sie daran, dass die HY2000 keine Pumpe oder einen Schlauch f\u00fcr den Durchfluss enth\u00e4lt, sondern mit der HAILEA HX8825 Pumpe gekoppelt werden kann. Sein Design erm\u00f6glicht es, ihn 2 Meter von einem 200-mm-Schlauch aufzuh\u00e4ngen, um eine optimale K\u00fchlung zu gew\u00e4hrleisten. Entdecken Sie den Komfort von ideal temperiertem Wasser f\u00fcr Ihre Hydrokulturen neu.  <\/p>\n","protected":false},"excerpt":{"rendered":"<p>Lernen Sie den HY2000 von Tecoponic kennen, einen stilvollen Wasserk\u00fchler made in Italy, der sich ideal f\u00fcr Hydrokulturen eignet. Ausgestattet mit einer leistungsstarken K\u00fchltechnologie sorgt dieses System f\u00fcr eine hohe Leistung bei reduziertem Energieverbrauch. Mit seinem pr\u00e4zisen und intuitiven digitalen Thermostat k\u00f6nnen Sie die Wassertemperatur zwischen 18\u00b0C und 22\u00b0C einstellen. Dank seines innovativen Designs vereint [&hellip;]<\/p>\n","protected":false},"featured_media":10275,"comment_status":"open","ping_status":"closed","template":"","meta":{"_seopress_robots_primary_cat":"","_seopress_titles_title":"","_seopress_titles_desc":"","_seopress_robots_index":""},"product_brand":[],"product_cat":[619],"product_tag":[],"class_list":{"0":"post-18485","1":"product","2":"type-product","3":"status-publish","4":"has-post-thumbnail","6":"product_cat-hydro-und-aeroponische-systeme","9":"instock","10":"taxable","11":"shipping-taxable","12":"purchasable","13":"product-type-simple","14":"product-grid-view"},"_links":{"self":[{"href":"https:\/\/greenkingdom.ch\/de\/wp-json\/wp\/v2\/product\/18485","targetHints":{"allow":["GET"]}}],"collection":[{"href":"https:\/\/greenkingdom.ch\/de\/wp-json\/wp\/v2\/product"}],"about":[{"href":"https:\/\/greenkingdom.ch\/de\/wp-json\/wp\/v2\/types\/product"}],"replies":[{"embeddable":true,"href":"https:\/\/greenkingdom.ch\/de\/wp-json\/wp\/v2\/comments?post=18485"}],"version-history":[{"count":0,"href":"https:\/\/greenkingdom.ch\/de\/wp-json\/wp\/v2\/product\/18485\/revisions"}],"wp:featuredmedia":[{"embeddable":true,"href":"https:\/\/greenkingdom.ch\/de\/wp-json\/wp\/v2\/media\/10275"}],"wp:attachment":[{"href":"https:\/\/greenkingdom.ch\/de\/wp-json\/wp\/v2\/media?parent=18485"}],"wp:term":[{"taxonomy":"product_brand","embeddable":true,"href":"https:\/\/greenkingdom.ch\/de\/wp-json\/wp\/v2\/product_brand?post=18485"},{"taxonomy":"product_cat","embeddable":true,"href":"https:\/\/greenkingdom.ch\/de\/wp-json\/wp\/v2\/product_cat?post=18485"},{"taxonomy":"product_tag","embeddable":true,"href":"https:\/\/greenkingdom.ch\/de\/wp-json\/wp\/v2\/product_tag?post=18485"}],"curies":[{"name":"wp","href":"https:\/\/api.w.org\/{rel}","templated":true}]}}