{"id":18488,"date":"2024-10-11T16:41:53","date_gmt":"2024-10-11T14:41:53","guid":{"rendered":"https:\/\/greenkingdom.ch\/product\/growcool-mit-pumpe\/"},"modified":"2024-10-11T16:41:53","modified_gmt":"2024-10-11T14:41:53","slug":"growcool-mit-pumpe","status":"publish","type":"product","link":"https:\/\/greenkingdom.ch\/de\/produkt\/growcool-mit-pumpe\/","title":{"rendered":"GrowCOOL mit Pumpe"},"content":{"rendered":"<p>Der in Italien hergestellte Tecoponic HY150 ist ein Hochleistungs-Wasserk\u00fchler, der f\u00fcr die Hydrokultur entwickelt wurde. Mit hochwertigen internationalen Kompressoren sorgt es f\u00fcr eine effiziente und leise K\u00fchlung und erm\u00f6glicht so au\u00dfergew\u00f6hnliche Energieeinsparungen. Sein pr\u00e4zises digitales Thermostat erm\u00f6glicht eine intuitive Temperatureinstellung zwischen 18 und 22 \u00b0C.  Dieser K\u00fchler verbindet \u00c4sthetik und Funktionalit\u00e4t mit seinem innovativen und kompakten Design und passt sich auch an enge Platzverh\u00e4ltnisse an. Sein einzigartiger Kondensator erm\u00f6glicht eine einfache Wartung und sorgt f\u00fcr einen sorgenfreien Betrieb. Zu den technischen Spezifikationen geh\u00f6ren ein 230V-50Hz-Netzteil, eine K\u00fchlleistung von 150 W, ein umweltfreundliches R134a-Gas und ein Wasserdurchfluss von 300 bis 500 lt\/h. Bitte beachten Sie: Die Pumpe und der Durchflussschlauch sind nicht im Lieferumfang enthalten, wir empfehlen jedoch die Hailea HX 8808 Pumpe. F\u00fcr eine optimale Leistung verwenden Sie f\u00fcr die Verbindung einen 13-mm-Schlauch mit einem Schmiermittel auf Wasserbasis. Entdecken Sie die technischen Details und das passende Zubeh\u00f6r auf unserer Website. Machen Sie Ihre Hydrokultur-Installation zu einem Erfolg mit dem Tecoponic HY150 Wasserk\u00fchler, einer perfekten Mischung aus Leistung und hochwertigem italienischem Design.  <\/p>\n","protected":false},"excerpt":{"rendered":"<p>Der in Italien hergestellte Tecoponic HY150 ist ein Hochleistungs-Wasserk\u00fchler, der f\u00fcr die Hydrokultur entwickelt wurde. Mit hochwertigen internationalen Kompressoren sorgt es f\u00fcr eine effiziente und leise K\u00fchlung und erm\u00f6glicht so au\u00dfergew\u00f6hnliche Energieeinsparungen. Sein pr\u00e4zises digitales Thermostat erm\u00f6glicht eine intuitive Temperatureinstellung zwischen 18 und 22 \u00b0C. Dieser K\u00fchler verbindet \u00c4sthetik und Funktionalit\u00e4t mit seinem innovativen und [&hellip;]<\/p>\n","protected":false},"featured_media":10253,"comment_status":"open","ping_status":"closed","template":"","meta":{"_seopress_robots_primary_cat":"","_seopress_titles_title":"","_seopress_titles_desc":"","_seopress_robots_index":""},"product_brand":[],"product_cat":[619],"product_tag":[],"class_list":{"0":"post-18488","1":"product","2":"type-product","3":"status-publish","4":"has-post-thumbnail","6":"product_cat-hydro-und-aeroponische-systeme","9":"instock","10":"taxable","11":"shipping-taxable","12":"purchasable","13":"product-type-simple","14":"product-grid-view"},"_links":{"self":[{"href":"https:\/\/greenkingdom.ch\/de\/wp-json\/wp\/v2\/product\/18488","targetHints":{"allow":["GET"]}}],"collection":[{"href":"https:\/\/greenkingdom.ch\/de\/wp-json\/wp\/v2\/product"}],"about":[{"href":"https:\/\/greenkingdom.ch\/de\/wp-json\/wp\/v2\/types\/product"}],"replies":[{"embeddable":true,"href":"https:\/\/greenkingdom.ch\/de\/wp-json\/wp\/v2\/comments?post=18488"}],"version-history":[{"count":0,"href":"https:\/\/greenkingdom.ch\/de\/wp-json\/wp\/v2\/product\/18488\/revisions"}],"wp:featuredmedia":[{"embeddable":true,"href":"https:\/\/greenkingdom.ch\/de\/wp-json\/wp\/v2\/media\/10253"}],"wp:attachment":[{"href":"https:\/\/greenkingdom.ch\/de\/wp-json\/wp\/v2\/media?parent=18488"}],"wp:term":[{"taxonomy":"product_brand","embeddable":true,"href":"https:\/\/greenkingdom.ch\/de\/wp-json\/wp\/v2\/product_brand?post=18488"},{"taxonomy":"product_cat","embeddable":true,"href":"https:\/\/greenkingdom.ch\/de\/wp-json\/wp\/v2\/product_cat?post=18488"},{"taxonomy":"product_tag","embeddable":true,"href":"https:\/\/greenkingdom.ch\/de\/wp-json\/wp\/v2\/product_tag?post=18488"}],"curies":[{"name":"wp","href":"https:\/\/api.w.org\/{rel}","templated":true}]}}