{"id":18496,"date":"2024-10-11T16:41:54","date_gmt":"2024-10-11T14:41:54","guid":{"rendered":"https:\/\/greenkingdom.ch\/product\/adwa-11-ph-meter\/"},"modified":"2024-10-11T16:41:54","modified_gmt":"2024-10-11T14:41:54","slug":"adwa-11-ph-meter","status":"publish","type":"product","link":"https:\/\/greenkingdom.ch\/de\/produkt\/adwa-11-ph-meter\/","title":{"rendered":"Adwa 11 PH-Meter"},"content":{"rendered":"<p>Lernen Sie das Adwa pH-Messger\u00e4t kennen, ein kleines, tragbares Ger\u00e4t, das f\u00fcr alle Ihre pH-Messungen unerl\u00e4sslich ist. Dieses robuste und wasserdichte Werkzeug begleitet Sie \u00fcberall, wo Sie es brauchen. Die austauschbare Elektrode und das Armband sorgen f\u00fcr eine einfache und sichere Verwendung. Mit einer Messgenauigkeit von pH 0,1 in einem Bereich von 0,0 bis 14,0 ist dieses pH-Messger\u00e4t mit Pufferl\u00f6sungen von 7,0 und 4,0 kalibriert. Au\u00dferdem erhalten Sie eine einj\u00e4hrige Garantie auf das gesamte pH-Messger\u00e4t, mit Ausnahme des Sensors. Dar\u00fcber hinaus wird dieses Produkt mit 3 Knopfbatterien f\u00fcr den sofortigen Einsatz geliefert. Lassen Sie sich diese Gelegenheit nicht entgehen und bestellen Sie jetzt Ihr Adwa pH-Messger\u00e4t!      <\/p>\n","protected":false},"excerpt":{"rendered":"<p>Lernen Sie das Adwa pH-Messger\u00e4t kennen, ein kleines, tragbares Ger\u00e4t, das f\u00fcr alle Ihre pH-Messungen unerl\u00e4sslich ist. Dieses robuste und wasserdichte Werkzeug begleitet Sie \u00fcberall, wo Sie es brauchen. Die austauschbare Elektrode und das Armband sorgen f\u00fcr eine einfache und sichere Verwendung. Mit einer Messgenauigkeit von pH 0,1 in einem Bereich von 0,0 bis 14,0 [&hellip;]<\/p>\n","protected":false},"featured_media":10328,"comment_status":"open","ping_status":"closed","template":"","meta":{"_seopress_robots_primary_cat":"","_seopress_titles_title":"","_seopress_titles_desc":"","_seopress_robots_index":""},"product_brand":[],"product_cat":[594],"product_tag":[],"class_list":{"0":"post-18496","1":"product","2":"type-product","3":"status-publish","4":"has-post-thumbnail","6":"product_cat-instrumente","9":"instock","10":"taxable","11":"shipping-taxable","12":"purchasable","13":"product-type-simple","14":"product-grid-view"},"_links":{"self":[{"href":"https:\/\/greenkingdom.ch\/de\/wp-json\/wp\/v2\/product\/18496","targetHints":{"allow":["GET"]}}],"collection":[{"href":"https:\/\/greenkingdom.ch\/de\/wp-json\/wp\/v2\/product"}],"about":[{"href":"https:\/\/greenkingdom.ch\/de\/wp-json\/wp\/v2\/types\/product"}],"replies":[{"embeddable":true,"href":"https:\/\/greenkingdom.ch\/de\/wp-json\/wp\/v2\/comments?post=18496"}],"version-history":[{"count":0,"href":"https:\/\/greenkingdom.ch\/de\/wp-json\/wp\/v2\/product\/18496\/revisions"}],"wp:featuredmedia":[{"embeddable":true,"href":"https:\/\/greenkingdom.ch\/de\/wp-json\/wp\/v2\/media\/10328"}],"wp:attachment":[{"href":"https:\/\/greenkingdom.ch\/de\/wp-json\/wp\/v2\/media?parent=18496"}],"wp:term":[{"taxonomy":"product_brand","embeddable":true,"href":"https:\/\/greenkingdom.ch\/de\/wp-json\/wp\/v2\/product_brand?post=18496"},{"taxonomy":"product_cat","embeddable":true,"href":"https:\/\/greenkingdom.ch\/de\/wp-json\/wp\/v2\/product_cat?post=18496"},{"taxonomy":"product_tag","embeddable":true,"href":"https:\/\/greenkingdom.ch\/de\/wp-json\/wp\/v2\/product_tag?post=18496"}],"curies":[{"name":"wp","href":"https:\/\/api.w.org\/{rel}","templated":true}]}}