{"id":18500,"date":"2024-10-11T16:41:54","date_gmt":"2024-10-11T14:41:54","guid":{"rendered":"https:\/\/greenkingdom.ch\/product\/adwa-ph-ec-set\/"},"modified":"2024-10-11T16:41:54","modified_gmt":"2024-10-11T14:41:54","slug":"adwa-ph-ec-set","status":"publish","type":"product","link":"https:\/\/greenkingdom.ch\/de\/produkt\/adwa-ph-ec-set\/","title":{"rendered":"Adwa PH &amp; EC Set"},"content":{"rendered":"<p>Schauen Sie sich unser hochwertiges pH- und EC-Messset an, das sich perfekt f\u00fcr preisbewusste G\u00e4rtner eignet. Das Kit enth\u00e4lt ein Adwa 11 pH-Messger\u00e4t, ein Adwa 32 Ec pH-Messger\u00e4t und alle notwendigen Kalibrierfl\u00fcssigkeiten. Adwa-Messger\u00e4te sind wasserdicht. Verpassen Sie nicht diese Gelegenheit!   <\/p>\n","protected":false},"excerpt":{"rendered":"<p>Schauen Sie sich unser hochwertiges pH- und EC-Messset an, das sich perfekt f\u00fcr preisbewusste G\u00e4rtner eignet. Das Kit enth\u00e4lt ein Adwa 11 pH-Messger\u00e4t, ein Adwa 32 Ec pH-Messger\u00e4t und alle notwendigen Kalibrierfl\u00fcssigkeiten. Adwa-Messger\u00e4te sind wasserdicht. Verpassen Sie nicht diese Gelegenheit!<\/p>\n","protected":false},"featured_media":10339,"comment_status":"open","ping_status":"closed","template":"","meta":{"_seopress_robots_primary_cat":"","_seopress_titles_title":"","_seopress_titles_desc":"","_seopress_robots_index":""},"product_brand":[],"product_cat":[594],"product_tag":[],"class_list":{"0":"post-18500","1":"product","2":"type-product","3":"status-publish","4":"has-post-thumbnail","6":"product_cat-instrumente","9":"instock","10":"taxable","11":"shipping-taxable","12":"purchasable","13":"product-type-simple","14":"product-grid-view"},"_links":{"self":[{"href":"https:\/\/greenkingdom.ch\/de\/wp-json\/wp\/v2\/product\/18500","targetHints":{"allow":["GET"]}}],"collection":[{"href":"https:\/\/greenkingdom.ch\/de\/wp-json\/wp\/v2\/product"}],"about":[{"href":"https:\/\/greenkingdom.ch\/de\/wp-json\/wp\/v2\/types\/product"}],"replies":[{"embeddable":true,"href":"https:\/\/greenkingdom.ch\/de\/wp-json\/wp\/v2\/comments?post=18500"}],"version-history":[{"count":0,"href":"https:\/\/greenkingdom.ch\/de\/wp-json\/wp\/v2\/product\/18500\/revisions"}],"wp:featuredmedia":[{"embeddable":true,"href":"https:\/\/greenkingdom.ch\/de\/wp-json\/wp\/v2\/media\/10339"}],"wp:attachment":[{"href":"https:\/\/greenkingdom.ch\/de\/wp-json\/wp\/v2\/media?parent=18500"}],"wp:term":[{"taxonomy":"product_brand","embeddable":true,"href":"https:\/\/greenkingdom.ch\/de\/wp-json\/wp\/v2\/product_brand?post=18500"},{"taxonomy":"product_cat","embeddable":true,"href":"https:\/\/greenkingdom.ch\/de\/wp-json\/wp\/v2\/product_cat?post=18500"},{"taxonomy":"product_tag","embeddable":true,"href":"https:\/\/greenkingdom.ch\/de\/wp-json\/wp\/v2\/product_tag?post=18500"}],"curies":[{"name":"wp","href":"https:\/\/api.w.org\/{rel}","templated":true}]}}