{"id":18503,"date":"2024-10-11T16:41:54","date_gmt":"2024-10-11T14:41:54","guid":{"rendered":"https:\/\/greenkingdom.ch\/product\/growdeck-erweiterungsset-1-0-inkl-bewaesserung\/"},"modified":"2024-10-11T16:41:54","modified_gmt":"2024-10-11T14:41:54","slug":"growdeck-erweiterungsset-1-0-inkl-bewaesserung","status":"publish","type":"product","link":"https:\/\/greenkingdom.ch\/de\/produkt\/growdeck-erweiterungsset-1-0-inkl-bewaesserung\/","title":{"rendered":"GrowDECK Erweiterungsset 1.0 inkl. Bew\u00e4sserung"},"content":{"rendered":"<p>Entdecken Sie das GrowDECK 1.0 mit integrierter Bew\u00e4sserung, aber ohne Abflussbecken! Verwandeln Sie Ihren herk\u00f6mmlichen DUMA Tisch oder growTABLE mit dem growDECK in das perfekte Aeroponik-System. Das Design umfasst Deckmodule mit &#8222;Grow Chambers&#8220;, die speziell f\u00fcr herk\u00f6mmliche Mesh-T\u00f6pfe entwickelt wurden und es Ihnen erm\u00f6glichen, auf Erde zu verzichten. Dar\u00fcber hinaus hat dieses System dank seines geschlossenen Kreislaufs einen geringeren Wasserverbrauch. Eigenschaften:<br \/>\n&#8211; Z\u00fcchten Sie bis zu 24 Pflanzen<br \/>\n&#8211; Eingebautes<br \/>\n Bew\u00e4sserungssystem- Einlass und Auslass f\u00fcr Fluttisch inklusive<br \/>\n&#8211; Pumpe mit eingebautem<br \/>\n Filtersystem- Nutriment growPUMP HX-8840 Abmessungen:<br \/>\n&#8211; L\u00e4nge: 98,0 cm<br \/>\n&#8211; Breite: 98,0 cm<br \/>\n&#8211; H\u00f6he: 5,0 cm Gewicht: ca. 10 kg (2 Kartons) Der Artikel wird der Einfachheit halber auf einer kleinen Palette versendet. EAN: 4260358343006<\/p>\n","protected":false},"excerpt":{"rendered":"<p>Entdecken Sie das GrowDECK 1.0 mit integrierter Bew\u00e4sserung, aber ohne Abflussbecken! Verwandeln Sie Ihren herk\u00f6mmlichen DUMA Tisch oder growTABLE mit dem growDECK in das perfekte Aeroponik-System. Das Design umfasst Deckmodule mit &#8222;Grow Chambers&#8220;, die speziell f\u00fcr herk\u00f6mmliche Mesh-T\u00f6pfe entwickelt wurden und es Ihnen erm\u00f6glichen, auf Erde zu verzichten. Dar\u00fcber hinaus hat dieses System dank seines [&hellip;]<\/p>\n","protected":false},"featured_media":10297,"comment_status":"open","ping_status":"closed","template":"","meta":{"_seopress_robots_primary_cat":"","_seopress_titles_title":"","_seopress_titles_desc":"","_seopress_robots_index":""},"product_brand":[],"product_cat":[619],"product_tag":[],"class_list":{"0":"post-18503","1":"product","2":"type-product","3":"status-publish","4":"has-post-thumbnail","6":"product_cat-hydro-und-aeroponische-systeme","9":"instock","10":"taxable","11":"shipping-taxable","12":"purchasable","13":"product-type-simple","14":"product-grid-view"},"_links":{"self":[{"href":"https:\/\/greenkingdom.ch\/de\/wp-json\/wp\/v2\/product\/18503","targetHints":{"allow":["GET"]}}],"collection":[{"href":"https:\/\/greenkingdom.ch\/de\/wp-json\/wp\/v2\/product"}],"about":[{"href":"https:\/\/greenkingdom.ch\/de\/wp-json\/wp\/v2\/types\/product"}],"replies":[{"embeddable":true,"href":"https:\/\/greenkingdom.ch\/de\/wp-json\/wp\/v2\/comments?post=18503"}],"version-history":[{"count":0,"href":"https:\/\/greenkingdom.ch\/de\/wp-json\/wp\/v2\/product\/18503\/revisions"}],"wp:featuredmedia":[{"embeddable":true,"href":"https:\/\/greenkingdom.ch\/de\/wp-json\/wp\/v2\/media\/10297"}],"wp:attachment":[{"href":"https:\/\/greenkingdom.ch\/de\/wp-json\/wp\/v2\/media?parent=18503"}],"wp:term":[{"taxonomy":"product_brand","embeddable":true,"href":"https:\/\/greenkingdom.ch\/de\/wp-json\/wp\/v2\/product_brand?post=18503"},{"taxonomy":"product_cat","embeddable":true,"href":"https:\/\/greenkingdom.ch\/de\/wp-json\/wp\/v2\/product_cat?post=18503"},{"taxonomy":"product_tag","embeddable":true,"href":"https:\/\/greenkingdom.ch\/de\/wp-json\/wp\/v2\/product_tag?post=18503"}],"curies":[{"name":"wp","href":"https:\/\/api.w.org\/{rel}","templated":true}]}}