{"id":18508,"date":"2024-10-11T16:41:54","date_gmt":"2024-10-11T14:41:54","guid":{"rendered":"https:\/\/greenkingdom.ch\/product\/gse-wasseruhr-10a\/"},"modified":"2024-10-11T16:41:54","modified_gmt":"2024-10-11T14:41:54","slug":"gse-wasseruhr-10a","status":"publish","type":"product","link":"https:\/\/greenkingdom.ch\/de\/produkt\/gse-wasseruhr-10a\/","title":{"rendered":"GSE Wasseruhr 10A"},"content":{"rendered":"<p>Der Bew\u00e4sserungstimer, ein unverzichtbares Werkzeug, um Ihre Pflanzen zu verw\u00f6hnen, steuert die Bew\u00e4sserung Ihrer Pflanzen pr\u00e4zise. Dieser Timer ist ideal f\u00fcr programmierte Ebbe und Flut, Bew\u00e4sserungstropfen und NFT-Systeme und erm\u00f6glicht es Ihnen, die Impulsdauer und -intervalle separat einzustellen, Tag und Nacht. Er wird in einem praktischen wasserdichten Geh\u00e4use geliefert und ist mit einem eingebauten Lichtsensor ausgestattet, der auch in feuchten Umgebungen eine optimale Kontrolle erm\u00f6glicht. Technische Daten:<br \/>\n&#8211; Geh\u00e4use: 130x80x70mm<br \/>\n&#8211; Bew\u00e4sserungstimer: 145x100x90mm<br \/>\n&#8211; Leistung: 1800W 8A (IND 3A)<br \/>\n&#8211; Spannung: 230V \/ 50Hz<br \/>\n&#8211; Schutzklasse: IP44 Ihre Pflanzen verdienen das Beste, geben Sie ihnen diesen hochwertigen Bew\u00e4sserungstimer. EAN: 010000017007  <\/p>\n","protected":false},"excerpt":{"rendered":"<p>Der Bew\u00e4sserungstimer, ein unverzichtbares Werkzeug, um Ihre Pflanzen zu verw\u00f6hnen, steuert die Bew\u00e4sserung Ihrer Pflanzen pr\u00e4zise. Dieser Timer ist ideal f\u00fcr programmierte Ebbe und Flut, Bew\u00e4sserungstropfen und NFT-Systeme und erm\u00f6glicht es Ihnen, die Impulsdauer und -intervalle separat einzustellen, Tag und Nacht. Er wird in einem praktischen wasserdichten Geh\u00e4use geliefert und ist mit einem eingebauten Lichtsensor [&hellip;]<\/p>\n","protected":false},"featured_media":10307,"comment_status":"open","ping_status":"closed","template":"","meta":{"_seopress_robots_primary_cat":"","_seopress_titles_title":"","_seopress_titles_desc":"","_seopress_robots_index":""},"product_brand":[],"product_cat":[619],"product_tag":[],"class_list":{"0":"post-18508","1":"product","2":"type-product","3":"status-publish","4":"has-post-thumbnail","6":"product_cat-hydro-und-aeroponische-systeme","9":"instock","10":"taxable","11":"shipping-taxable","12":"purchasable","13":"product-type-simple","14":"product-grid-view"},"_links":{"self":[{"href":"https:\/\/greenkingdom.ch\/de\/wp-json\/wp\/v2\/product\/18508","targetHints":{"allow":["GET"]}}],"collection":[{"href":"https:\/\/greenkingdom.ch\/de\/wp-json\/wp\/v2\/product"}],"about":[{"href":"https:\/\/greenkingdom.ch\/de\/wp-json\/wp\/v2\/types\/product"}],"replies":[{"embeddable":true,"href":"https:\/\/greenkingdom.ch\/de\/wp-json\/wp\/v2\/comments?post=18508"}],"version-history":[{"count":0,"href":"https:\/\/greenkingdom.ch\/de\/wp-json\/wp\/v2\/product\/18508\/revisions"}],"wp:featuredmedia":[{"embeddable":true,"href":"https:\/\/greenkingdom.ch\/de\/wp-json\/wp\/v2\/media\/10307"}],"wp:attachment":[{"href":"https:\/\/greenkingdom.ch\/de\/wp-json\/wp\/v2\/media?parent=18508"}],"wp:term":[{"taxonomy":"product_brand","embeddable":true,"href":"https:\/\/greenkingdom.ch\/de\/wp-json\/wp\/v2\/product_brand?post=18508"},{"taxonomy":"product_cat","embeddable":true,"href":"https:\/\/greenkingdom.ch\/de\/wp-json\/wp\/v2\/product_cat?post=18508"},{"taxonomy":"product_tag","embeddable":true,"href":"https:\/\/greenkingdom.ch\/de\/wp-json\/wp\/v2\/product_tag?post=18508"}],"curies":[{"name":"wp","href":"https:\/\/api.w.org\/{rel}","templated":true}]}}