{"id":18509,"date":"2024-10-11T16:41:55","date_gmt":"2024-10-11T14:41:55","guid":{"rendered":"https:\/\/greenkingdom.ch\/product\/hesi-ph-minus-wachstum\/"},"modified":"2024-10-11T16:41:55","modified_gmt":"2024-10-11T14:41:55","slug":"hesi-ph-minus-wachstum","status":"publish","type":"product","link":"https:\/\/greenkingdom.ch\/de\/produkt\/hesi-ph-minus-wachstum\/","title":{"rendered":"Hesi PH-minus Wachstum"},"content":{"rendered":"<p>Dieses leistungsstarke und unverzichtbare Produkt sollte mit Vorsicht behandelt werden. Es ist wichtig, den PH-Wuchs au\u00dferhalb der Reichweite von Kindern aufzubewahren und unter Verschluss zu halten. Bei Kontakt mit den Augen sp\u00fclen Sie diese sofort mit Wasser aus und konsultieren Sie einen Arzt. Achten Sie darauf, bei der Verwendung geeignete Schutzkleidung, Handschuhe und Schutzbrille zu tragen. PH-Wuchs ist eine hochkonzentrierte Pufferl\u00f6sung, die entwickelt wurde, um den PH-Wert w\u00e4hrend der Wachstumsphase der Pflanzen zu reduzieren. Es kann mit jedem D\u00fcnger kombiniert werden, und seine Formel, die 59% Salpeters\u00e4ure enth\u00e4lt, sollte mit Vorsicht behandelt werden. Pflanzen nehmen w\u00e4hrend ihres Wachstums N\u00e4hrstoffe aus dem Boden auf, wodurch sich der S\u00e4uregehalt des Substrats ver\u00e4ndert. Es ist notwendig, den pH-Wert der N\u00e4hrl\u00f6sung bei jeder Bew\u00e4sserung zu \u00fcberwachen und anzupassen. Zur Anwendung 1-2 ml PH-Growth pro Liter Wasser zugeben und gut vermischen. Wiederhole diesen Schritt, bis du den gew\u00fcnschten pH-Wert in der N\u00e4hrl\u00f6sung erreicht hast. Stellen Sie sicher, dass Sie dieses Produkt f\u00fcr eine sichere Handhabung im Gesch\u00e4ft abholen. EAN-Code: 8718924650813   <\/p>\n","protected":false},"excerpt":{"rendered":"<p>Dieses leistungsstarke und unverzichtbare Produkt sollte mit Vorsicht behandelt werden. Es ist wichtig, den PH-Wuchs au\u00dferhalb der Reichweite von Kindern aufzubewahren und unter Verschluss zu halten. Bei Kontakt mit den Augen sp\u00fclen Sie diese sofort mit Wasser aus und konsultieren Sie einen Arzt. Achten Sie darauf, bei der Verwendung geeignete Schutzkleidung, Handschuhe und Schutzbrille zu [&hellip;]<\/p>\n","protected":false},"featured_media":10376,"comment_status":"open","ping_status":"closed","template":"","meta":{"_seopress_robots_primary_cat":"","_seopress_titles_title":"","_seopress_titles_desc":"","_seopress_robots_index":""},"product_brand":[],"product_cat":[594],"product_tag":[],"class_list":{"0":"post-18509","1":"product","2":"type-product","3":"status-publish","4":"has-post-thumbnail","6":"product_cat-instrumente","9":"instock","10":"taxable","11":"shipping-taxable","12":"purchasable","13":"product-type-simple","14":"product-grid-view"},"_links":{"self":[{"href":"https:\/\/greenkingdom.ch\/de\/wp-json\/wp\/v2\/product\/18509","targetHints":{"allow":["GET"]}}],"collection":[{"href":"https:\/\/greenkingdom.ch\/de\/wp-json\/wp\/v2\/product"}],"about":[{"href":"https:\/\/greenkingdom.ch\/de\/wp-json\/wp\/v2\/types\/product"}],"replies":[{"embeddable":true,"href":"https:\/\/greenkingdom.ch\/de\/wp-json\/wp\/v2\/comments?post=18509"}],"version-history":[{"count":0,"href":"https:\/\/greenkingdom.ch\/de\/wp-json\/wp\/v2\/product\/18509\/revisions"}],"wp:featuredmedia":[{"embeddable":true,"href":"https:\/\/greenkingdom.ch\/de\/wp-json\/wp\/v2\/media\/10376"}],"wp:attachment":[{"href":"https:\/\/greenkingdom.ch\/de\/wp-json\/wp\/v2\/media?parent=18509"}],"wp:term":[{"taxonomy":"product_brand","embeddable":true,"href":"https:\/\/greenkingdom.ch\/de\/wp-json\/wp\/v2\/product_brand?post=18509"},{"taxonomy":"product_cat","embeddable":true,"href":"https:\/\/greenkingdom.ch\/de\/wp-json\/wp\/v2\/product_cat?post=18509"},{"taxonomy":"product_tag","embeddable":true,"href":"https:\/\/greenkingdom.ch\/de\/wp-json\/wp\/v2\/product_tag?post=18509"}],"curies":[{"name":"wp","href":"https:\/\/api.w.org\/{rel}","templated":true}]}}