{"id":18525,"date":"2024-10-11T16:42:17","date_gmt":"2024-10-11T14:42:17","guid":{"rendered":"https:\/\/greenkingdom.ch\/product\/aquamaster-tools-combo-pen-p110-pro\/"},"modified":"2024-10-11T16:42:17","modified_gmt":"2024-10-11T14:42:17","slug":"aquamaster-tools-combo-pen-p110-pro","status":"publish","type":"product","link":"https:\/\/greenkingdom.ch\/de\/produkt\/aquamaster-tools-combo-pen-p110-pro\/","title":{"rendered":"Aquamaster Tools Combo Pen P110 Pro"},"content":{"rendered":"<p>Lernen Sie den neuen P110 Pro Combo Pen kennen, ein vielseitiges Werkzeug zur einfachen Messung von pH, EC und Temperatur. Die intuitiven Tasten erm\u00f6glichen ein m\u00fcheloses Umschalten zwischen verschiedenen Einstellungen. Dieses moderne und robuste Ger\u00e4t wird komplett kalibriert mit Batterien und Kabel geliefert und ist ideal f\u00fcr fl\u00fcssige Pflanzen, Wasser in Schwimmb\u00e4dern, Whirlpools und Teichen. Hauptmerkmale:<br \/>\n&#8211; Modernes und robustes Geh\u00e4use mit Softgrip f\u00fcr den Langzeiteinsatz.<br \/>\n&#8211; Verbesserte Software f\u00fcr schnelleres und genaueres Ablesen.<br \/>\n&#8211; Leicht austauschbare Elektrode.<br \/>\n&#8211; Messbereich: pH 0,1 ~ 14,0, EC 0,0 ~ 19,9 mS \/ cm, Temperatur 0 \u00b0C ~ 50 \u00b0C.<br \/>\n&#8211; Optimierte Messaufl\u00f6sung und -genauigkeit. Verpassen Sie nicht die Tutorial-Videos f\u00fcr eine einfache Anwendung:<br \/>\n&#8211; Bedienung und Verwendung des P110<br \/>\n&#8211; Kalibrierung des pH-Werts mit dem P110<br \/>\n&#8211; Kalibrierung des EC mit dem P110<br \/>\n&#8211; Austausch der Elektrode<br \/>\n&#8211; L\u00f6sungen f\u00fcr h\u00e4ufige Probleme Mit IP67-Versiegelung, AG-13-Knopfzellenstrom und automatischer Abschaltung ist der P110 Pro Kombinationsstift das ideale Werkzeug f\u00fcr genaue und zuverl\u00e4ssige Messungen. Profitieren Sie auch von der Anzeigebatterie und der Temperaturkompensation. Bestellen Sie Ihre noch heute!  <\/p>\n","protected":false},"excerpt":{"rendered":"<p>Lernen Sie den neuen P110 Pro Combo Pen kennen, ein vielseitiges Werkzeug zur einfachen Messung von pH, EC und Temperatur. Die intuitiven Tasten erm\u00f6glichen ein m\u00fcheloses Umschalten zwischen verschiedenen Einstellungen. Dieses moderne und robuste Ger\u00e4t wird komplett kalibriert mit Batterien und Kabel geliefert und ist ideal f\u00fcr fl\u00fcssige Pflanzen, Wasser in Schwimmb\u00e4dern, Whirlpools und Teichen. [&hellip;]<\/p>\n","protected":false},"featured_media":10409,"comment_status":"open","ping_status":"closed","template":"","meta":{"_seopress_robots_primary_cat":"","_seopress_titles_title":"","_seopress_titles_desc":"","_seopress_robots_index":""},"product_brand":[],"product_cat":[594],"product_tag":[],"class_list":{"0":"post-18525","1":"product","2":"type-product","3":"status-publish","4":"has-post-thumbnail","6":"product_cat-instrumente","9":"instock","10":"taxable","11":"shipping-taxable","12":"purchasable","13":"product-type-simple","14":"product-grid-view"},"_links":{"self":[{"href":"https:\/\/greenkingdom.ch\/de\/wp-json\/wp\/v2\/product\/18525","targetHints":{"allow":["GET"]}}],"collection":[{"href":"https:\/\/greenkingdom.ch\/de\/wp-json\/wp\/v2\/product"}],"about":[{"href":"https:\/\/greenkingdom.ch\/de\/wp-json\/wp\/v2\/types\/product"}],"replies":[{"embeddable":true,"href":"https:\/\/greenkingdom.ch\/de\/wp-json\/wp\/v2\/comments?post=18525"}],"version-history":[{"count":0,"href":"https:\/\/greenkingdom.ch\/de\/wp-json\/wp\/v2\/product\/18525\/revisions"}],"wp:featuredmedia":[{"embeddable":true,"href":"https:\/\/greenkingdom.ch\/de\/wp-json\/wp\/v2\/media\/10409"}],"wp:attachment":[{"href":"https:\/\/greenkingdom.ch\/de\/wp-json\/wp\/v2\/media?parent=18525"}],"wp:term":[{"taxonomy":"product_brand","embeddable":true,"href":"https:\/\/greenkingdom.ch\/de\/wp-json\/wp\/v2\/product_brand?post=18525"},{"taxonomy":"product_cat","embeddable":true,"href":"https:\/\/greenkingdom.ch\/de\/wp-json\/wp\/v2\/product_cat?post=18525"},{"taxonomy":"product_tag","embeddable":true,"href":"https:\/\/greenkingdom.ch\/de\/wp-json\/wp\/v2\/product_tag?post=18525"}],"curies":[{"name":"wp","href":"https:\/\/api.w.org\/{rel}","templated":true}]}}