{"id":18530,"date":"2024-10-11T16:42:17","date_gmt":"2024-10-11T14:42:17","guid":{"rendered":"https:\/\/greenkingdom.ch\/product\/biobizz-wurzelsaft-5l\/"},"modified":"2024-10-11T16:42:17","modified_gmt":"2024-10-11T14:42:17","slug":"biobizz-wurzelsaft-5l","status":"publish","type":"product","link":"https:\/\/greenkingdom.ch\/de\/produkt\/biobizz-wurzelsaft-5l\/","title":{"rendered":"BioBizz Wurzelsaft 5L"},"content":{"rendered":"<p>Vollst\u00e4ndig aus pflanzlichen Zutaten f\u00fcr Bio-G\u00e4rten hergestellt, bietet Root\u00b7 Saft vereint zwei au\u00dfergew\u00f6hnliche Naturstoffe: Humins\u00e4ure und hochwertige Algen. Die propriet\u00e4re Formel zielt darauf ab, das Wachstum kr\u00e4ftiger Wurzeln zu f\u00f6rdern und das biologische Leben zu stimulieren, das das Wurzelsystem Ihrer Pflanzen n\u00e4hrt. Wurzel\u00b7 Saft wirkt von Anfang an, um das anf\u00e4ngliche Wachstum der Wurzeln zu stimulieren und das Wachstum der bereits gut verwurzelten Pflanzen zu unterst\u00fctzen. Dies bereitet Deine Pflanzen darauf vor, N\u00e4hrstoffe effizienter aufzunehmen, was zu robusteren Pflanzen und einer \u00fcppigen Ernte f\u00fcr G\u00e4rtner f\u00fchrt. Ideal als Erg\u00e4nzung zu Erde, Torf und Kokosmischungen, Root\u00b7 Saft sch\u00fctzt auch die Wurzeln in hydroponischen oder aeroponischen Systemen. Wenn Sie All\u00b7 Mischen oder anz\u00fcnden\u00b7 Mischen, d\u00fcngen Sie Ihre Pflanzen mit Root\u00b7 Saft in der ersten Woche, um eine gute Bewurzelung zu f\u00f6rdern. Biobizz empfiehlt eine Dosis von 1 bis 4 ml Root\u00b7 Saft pro Liter Wasser. EAN: 8718403231397 <\/p>\n","protected":false},"excerpt":{"rendered":"<p>Vollst\u00e4ndig aus pflanzlichen Zutaten f\u00fcr Bio-G\u00e4rten hergestellt, bietet Root\u00b7 Saft vereint zwei au\u00dfergew\u00f6hnliche Naturstoffe: Humins\u00e4ure und hochwertige Algen. Die propriet\u00e4re Formel zielt darauf ab, das Wachstum kr\u00e4ftiger Wurzeln zu f\u00f6rdern und das biologische Leben zu stimulieren, das das Wurzelsystem Ihrer Pflanzen n\u00e4hrt. Wurzel\u00b7 Saft wirkt von Anfang an, um das anf\u00e4ngliche Wachstum der Wurzeln zu [&hellip;]<\/p>\n","protected":false},"featured_media":10416,"comment_status":"open","ping_status":"closed","template":"","meta":{"_seopress_robots_primary_cat":"","_seopress_titles_title":"","_seopress_titles_desc":"","_seopress_robots_index":""},"product_brand":[],"product_cat":[586],"product_tag":[],"class_list":{"0":"post-18530","1":"product","2":"type-product","3":"status-publish","4":"has-post-thumbnail","6":"product_cat-sauren-und-basen","9":"instock","10":"taxable","11":"shipping-taxable","12":"purchasable","13":"product-type-simple","14":"product-grid-view"},"_links":{"self":[{"href":"https:\/\/greenkingdom.ch\/de\/wp-json\/wp\/v2\/product\/18530","targetHints":{"allow":["GET"]}}],"collection":[{"href":"https:\/\/greenkingdom.ch\/de\/wp-json\/wp\/v2\/product"}],"about":[{"href":"https:\/\/greenkingdom.ch\/de\/wp-json\/wp\/v2\/types\/product"}],"replies":[{"embeddable":true,"href":"https:\/\/greenkingdom.ch\/de\/wp-json\/wp\/v2\/comments?post=18530"}],"version-history":[{"count":0,"href":"https:\/\/greenkingdom.ch\/de\/wp-json\/wp\/v2\/product\/18530\/revisions"}],"wp:featuredmedia":[{"embeddable":true,"href":"https:\/\/greenkingdom.ch\/de\/wp-json\/wp\/v2\/media\/10416"}],"wp:attachment":[{"href":"https:\/\/greenkingdom.ch\/de\/wp-json\/wp\/v2\/media?parent=18530"}],"wp:term":[{"taxonomy":"product_brand","embeddable":true,"href":"https:\/\/greenkingdom.ch\/de\/wp-json\/wp\/v2\/product_brand?post=18530"},{"taxonomy":"product_cat","embeddable":true,"href":"https:\/\/greenkingdom.ch\/de\/wp-json\/wp\/v2\/product_cat?post=18530"},{"taxonomy":"product_tag","embeddable":true,"href":"https:\/\/greenkingdom.ch\/de\/wp-json\/wp\/v2\/product_tag?post=18530"}],"curies":[{"name":"wp","href":"https:\/\/api.w.org\/{rel}","templated":true}]}}