{"id":18533,"date":"2024-10-11T16:42:17","date_gmt":"2024-10-11T14:42:17","guid":{"rendered":"https:\/\/greenkingdom.ch\/product\/aquamaster-tools-combo-pen-p110-pro-austauschbare-elektrode\/"},"modified":"2024-10-11T16:42:17","modified_gmt":"2024-10-11T14:42:17","slug":"aquamaster-tools-combo-pen-p110-pro-austauschbare-elektrode","status":"publish","type":"product","link":"https:\/\/greenkingdom.ch\/de\/produkt\/aquamaster-tools-combo-pen-p110-pro-austauschbare-elektrode\/","title":{"rendered":"Aquamaster Tools Combo Pen P110 Pro Austauschbare Elektrode"},"content":{"rendered":"<p>Austauschbare Elektrode f\u00fcr den optimalen Einsatz mit dem P110 Pro Combo Pen. Entdecken Sie dieses Qualit\u00e4tsprodukt f\u00fcr au\u00dfergew\u00f6hnliche Leistung. \ud83d\ude09<\/p>\n","protected":false},"excerpt":{"rendered":"<p>Austauschbare Elektrode f\u00fcr den optimalen Einsatz mit dem P110 Pro Combo Pen. Entdecken Sie dieses Qualit\u00e4tsprodukt f\u00fcr au\u00dfergew\u00f6hnliche Leistung. \ud83d\ude09<\/p>\n","protected":false},"featured_media":10370,"comment_status":"open","ping_status":"closed","template":"","meta":{"_seopress_robots_primary_cat":"","_seopress_titles_title":"","_seopress_titles_desc":"","_seopress_robots_index":""},"product_brand":[],"product_cat":[594],"product_tag":[],"class_list":{"0":"post-18533","1":"product","2":"type-product","3":"status-publish","4":"has-post-thumbnail","6":"product_cat-instrumente","9":"instock","10":"taxable","11":"shipping-taxable","12":"purchasable","13":"product-type-simple","14":"product-grid-view"},"_links":{"self":[{"href":"https:\/\/greenkingdom.ch\/de\/wp-json\/wp\/v2\/product\/18533","targetHints":{"allow":["GET"]}}],"collection":[{"href":"https:\/\/greenkingdom.ch\/de\/wp-json\/wp\/v2\/product"}],"about":[{"href":"https:\/\/greenkingdom.ch\/de\/wp-json\/wp\/v2\/types\/product"}],"replies":[{"embeddable":true,"href":"https:\/\/greenkingdom.ch\/de\/wp-json\/wp\/v2\/comments?post=18533"}],"version-history":[{"count":0,"href":"https:\/\/greenkingdom.ch\/de\/wp-json\/wp\/v2\/product\/18533\/revisions"}],"wp:featuredmedia":[{"embeddable":true,"href":"https:\/\/greenkingdom.ch\/de\/wp-json\/wp\/v2\/media\/10370"}],"wp:attachment":[{"href":"https:\/\/greenkingdom.ch\/de\/wp-json\/wp\/v2\/media?parent=18533"}],"wp:term":[{"taxonomy":"product_brand","embeddable":true,"href":"https:\/\/greenkingdom.ch\/de\/wp-json\/wp\/v2\/product_brand?post=18533"},{"taxonomy":"product_cat","embeddable":true,"href":"https:\/\/greenkingdom.ch\/de\/wp-json\/wp\/v2\/product_cat?post=18533"},{"taxonomy":"product_tag","embeddable":true,"href":"https:\/\/greenkingdom.ch\/de\/wp-json\/wp\/v2\/product_tag?post=18533"}],"curies":[{"name":"wp","href":"https:\/\/api.w.org\/{rel}","templated":true}]}}