{"id":18539,"date":"2024-10-11T16:42:17","date_gmt":"2024-10-11T14:42:17","guid":{"rendered":"https:\/\/greenkingdom.ch\/product\/hesi-ph-minus-bluete\/"},"modified":"2024-10-11T16:42:17","modified_gmt":"2024-10-11T14:42:17","slug":"hesi-ph-minus-bluete","status":"publish","type":"product","link":"https:\/\/greenkingdom.ch\/de\/produkt\/hesi-ph-minus-bluete\/","title":{"rendered":"Hesi PH-minus Bl\u00fcte"},"content":{"rendered":"<p>**Produktbeschreibung:** Achtung: Dieses Produkt ist leistungsstark, bitte behandeln Sie es mit Vorsicht und bewahren Sie es an einem sicheren Ort auf! Enth\u00e4lt 59% Phosphors\u00e4ure. Bewahren Sie es au\u00dferhalb der Reichweite von Kindern auf. Bei Ber\u00fchrung mit den Augen gr\u00fcndlich mit Wasser aussp\u00fclen und einen Arzt konsultieren. Tragen Sie geeignete Schutzkleidung, Handschuhe und Schutzbrille! PH-Flower ist eine konzentrierte Pufferl\u00f6sung zur Einstellung des pH-Werts w\u00e4hrend der Bl\u00fctephase. Kompatibel mit allen Arten von D\u00fcngemitteln. Enth\u00e4lt 59% Phosphors\u00e4ure. Pflanzen nehmen N\u00e4hrstoffe aus dem Substrat auf, indem sie den S\u00e4uregehalt des Mediums ver\u00e4ndern. Passe den pH-Wert deiner N\u00e4hrl\u00f6sung bei jeder Bew\u00e4sserung an. **Gebrauchsanweisung:** 1-2ml PH-Bloom pro Liter Wasser hinzuf\u00fcgen und gut vermischen. Wiederholen Sie den Vorgang, bis der pH-Wert optimal ist. *NB: Nur Abholung im Gesch\u00e4ft. Nicht per Kurier versenden.* EAN: 8718924650820<\/p>\n","protected":false},"excerpt":{"rendered":"<p>**Produktbeschreibung:** Achtung: Dieses Produkt ist leistungsstark, bitte behandeln Sie es mit Vorsicht und bewahren Sie es an einem sicheren Ort auf! Enth\u00e4lt 59% Phosphors\u00e4ure. Bewahren Sie es au\u00dferhalb der Reichweite von Kindern auf. Bei Ber\u00fchrung mit den Augen gr\u00fcndlich mit Wasser aussp\u00fclen und einen Arzt konsultieren. Tragen Sie geeignete Schutzkleidung, Handschuhe und Schutzbrille! PH-Flower ist [&hellip;]<\/p>\n","protected":false},"featured_media":10388,"comment_status":"open","ping_status":"closed","template":"","meta":{"_seopress_robots_primary_cat":"","_seopress_titles_title":"","_seopress_titles_desc":"","_seopress_robots_index":""},"product_brand":[],"product_cat":[594],"product_tag":[],"class_list":{"0":"post-18539","1":"product","2":"type-product","3":"status-publish","4":"has-post-thumbnail","6":"product_cat-instrumente","9":"instock","10":"taxable","11":"shipping-taxable","12":"purchasable","13":"product-type-simple","14":"product-grid-view"},"_links":{"self":[{"href":"https:\/\/greenkingdom.ch\/de\/wp-json\/wp\/v2\/product\/18539","targetHints":{"allow":["GET"]}}],"collection":[{"href":"https:\/\/greenkingdom.ch\/de\/wp-json\/wp\/v2\/product"}],"about":[{"href":"https:\/\/greenkingdom.ch\/de\/wp-json\/wp\/v2\/types\/product"}],"replies":[{"embeddable":true,"href":"https:\/\/greenkingdom.ch\/de\/wp-json\/wp\/v2\/comments?post=18539"}],"version-history":[{"count":0,"href":"https:\/\/greenkingdom.ch\/de\/wp-json\/wp\/v2\/product\/18539\/revisions"}],"wp:featuredmedia":[{"embeddable":true,"href":"https:\/\/greenkingdom.ch\/de\/wp-json\/wp\/v2\/media\/10388"}],"wp:attachment":[{"href":"https:\/\/greenkingdom.ch\/de\/wp-json\/wp\/v2\/media?parent=18539"}],"wp:term":[{"taxonomy":"product_brand","embeddable":true,"href":"https:\/\/greenkingdom.ch\/de\/wp-json\/wp\/v2\/product_brand?post=18539"},{"taxonomy":"product_cat","embeddable":true,"href":"https:\/\/greenkingdom.ch\/de\/wp-json\/wp\/v2\/product_cat?post=18539"},{"taxonomy":"product_tag","embeddable":true,"href":"https:\/\/greenkingdom.ch\/de\/wp-json\/wp\/v2\/product_tag?post=18539"}],"curies":[{"name":"wp","href":"https:\/\/api.w.org\/{rel}","templated":true}]}}