{"id":18546,"date":"2024-10-11T16:42:18","date_gmt":"2024-10-11T14:42:18","guid":{"rendered":"https:\/\/greenkingdom.ch\/product\/biobizz-bio-heaven-5l\/"},"modified":"2024-10-11T16:42:18","modified_gmt":"2024-10-11T14:42:18","slug":"biobizz-bio-heaven-5l","status":"publish","type":"product","link":"https:\/\/greenkingdom.ch\/de\/produkt\/biobizz-bio-heaven-5l\/","title":{"rendered":"BioBizz Bio Heaven 5l"},"content":{"rendered":"<p>Mit Bio\u00b7 Himmel, schenke deinen Pflanzen eine Erfahrung in Richtung Ganzheit und Nirvana. Dieses wertvolle Produkt enth\u00e4lt eine Kombination aus organischen Stimulanzien, wie z.B. Aminos\u00e4uren, die f\u00fcr die Struktur und den Stoffwechsel von Pflanzen essentiell sind. Seine spezielle Formel f\u00f6rdert die N\u00e4hrstoffaufnahme, beseitigt Giftstoffe und stimuliert das antioxidative System der Pflanzen, w\u00e4hrend es die Chlorophyllproduktion regeneriert. W\u00e4hrend des gesamten Wachstums- und Bl\u00fctezyklus verwendbar, Bio\u00b7 Heaven ist f\u00fcr alle Arten von Substraten und hydroponischen Systemen geeignet. Beginnen Sie mit einer Dosis von 2 ml pro Liter Wasser und erh\u00f6hen Sie sie schrittweise auf 5 ml, um optimale Ergebnisse zu erzielen. Dieses Produkt stimuliert die Enzymaktivit\u00e4t, verbessert die N\u00e4hrstoffaufnahme und steigert die Versorgung mit essentiellen Makro- und Mikron\u00e4hrstoffen. Dank Bio\u00b7 Himmel, Ihre Pflanzen speichern die Feuchtigkeit besser, profitieren von einer Kohlens\u00e4urequelle f\u00fcr Bodenmikroorganismen und liefern qualitativ hochwertigere Ertr\u00e4ge. Entdecken Sie einen neuen Ansatz f\u00fcr kr\u00e4ftigere und bl\u00fchendere Pflanzen! EAN: 8718403231588  <\/p>\n","protected":false},"excerpt":{"rendered":"<p>Mit Bio\u00b7 Himmel, schenke deinen Pflanzen eine Erfahrung in Richtung Ganzheit und Nirvana. Dieses wertvolle Produkt enth\u00e4lt eine Kombination aus organischen Stimulanzien, wie z.B. Aminos\u00e4uren, die f\u00fcr die Struktur und den Stoffwechsel von Pflanzen essentiell sind. Seine spezielle Formel f\u00f6rdert die N\u00e4hrstoffaufnahme, beseitigt Giftstoffe und stimuliert das antioxidative System der Pflanzen, w\u00e4hrend es die Chlorophyllproduktion [&hellip;]<\/p>\n","protected":false},"featured_media":10492,"comment_status":"open","ping_status":"closed","template":"","meta":{"_seopress_robots_primary_cat":"","_seopress_titles_title":"","_seopress_titles_desc":"","_seopress_robots_index":""},"product_brand":[],"product_cat":[586],"product_tag":[],"class_list":{"0":"post-18546","1":"product","2":"type-product","3":"status-publish","4":"has-post-thumbnail","6":"product_cat-sauren-und-basen","9":"instock","10":"taxable","11":"shipping-taxable","12":"purchasable","13":"product-type-simple","14":"product-grid-view"},"_links":{"self":[{"href":"https:\/\/greenkingdom.ch\/de\/wp-json\/wp\/v2\/product\/18546","targetHints":{"allow":["GET"]}}],"collection":[{"href":"https:\/\/greenkingdom.ch\/de\/wp-json\/wp\/v2\/product"}],"about":[{"href":"https:\/\/greenkingdom.ch\/de\/wp-json\/wp\/v2\/types\/product"}],"replies":[{"embeddable":true,"href":"https:\/\/greenkingdom.ch\/de\/wp-json\/wp\/v2\/comments?post=18546"}],"version-history":[{"count":0,"href":"https:\/\/greenkingdom.ch\/de\/wp-json\/wp\/v2\/product\/18546\/revisions"}],"wp:featuredmedia":[{"embeddable":true,"href":"https:\/\/greenkingdom.ch\/de\/wp-json\/wp\/v2\/media\/10492"}],"wp:attachment":[{"href":"https:\/\/greenkingdom.ch\/de\/wp-json\/wp\/v2\/media?parent=18546"}],"wp:term":[{"taxonomy":"product_brand","embeddable":true,"href":"https:\/\/greenkingdom.ch\/de\/wp-json\/wp\/v2\/product_brand?post=18546"},{"taxonomy":"product_cat","embeddable":true,"href":"https:\/\/greenkingdom.ch\/de\/wp-json\/wp\/v2\/product_cat?post=18546"},{"taxonomy":"product_tag","embeddable":true,"href":"https:\/\/greenkingdom.ch\/de\/wp-json\/wp\/v2\/product_tag?post=18546"}],"curies":[{"name":"wp","href":"https:\/\/api.w.org\/{rel}","templated":true}]}}