{"id":18548,"date":"2024-10-11T16:42:18","date_gmt":"2024-10-11T14:42:18","guid":{"rendered":"https:\/\/greenkingdom.ch\/product\/biobizz-fisch-mix-5l\/"},"modified":"2024-10-11T16:42:18","modified_gmt":"2024-10-11T14:42:18","slug":"biobizz-fisch-mix-5l","status":"publish","type":"product","link":"https:\/\/greenkingdom.ch\/de\/produkt\/biobizz-fisch-mix-5l\/","title":{"rendered":"BioBizz Fisch Mix 5L"},"content":{"rendered":"<p>Entdecken Sie unsere Infusion aus einer Bio-Fischemulsion aus der Nordsee, kombiniert mit Zuckerr\u00fcbenextrakt aus den Niederlanden, um das Wachstum Ihrer Pflanzen zu f\u00f6rdern. Fisch\u00b7 Mix stimuliert die n\u00fctzlichen Mikroorganismen und Bakterien, die im Substrat auf Kokosbasis vorhanden sind, und h\u00e4lt sich dabei an die strengen Standards des \u00f6kologischen Landbaus. Verwandeln Sie Ihren Boden in ein n\u00e4hrendes Substrat, das reich an nat\u00fcrlichen Mineralien ist, die f\u00fcr Ihre Pflanzen von der Wachstumsphase bis zur Ernte unerl\u00e4sslich sind. Schonend und auch f\u00fcr Jungpflanzen geeignet, Fisch\u00b7 Die Mischung kann direkt auf die Bl\u00e4tter gespr\u00fcht werden. F\u00fcr optimale Ergebnisse beachten Sie unsere Dosierungsempfehlungen auf der Verpackung. EAN-Referenz: 8718403231335.     <\/p>\n","protected":false},"excerpt":{"rendered":"<p>Entdecken Sie unsere Infusion aus einer Bio-Fischemulsion aus der Nordsee, kombiniert mit Zuckerr\u00fcbenextrakt aus den Niederlanden, um das Wachstum Ihrer Pflanzen zu f\u00f6rdern. Fisch\u00b7 Mix stimuliert die n\u00fctzlichen Mikroorganismen und Bakterien, die im Substrat auf Kokosbasis vorhanden sind, und h\u00e4lt sich dabei an die strengen Standards des \u00f6kologischen Landbaus. Verwandeln Sie Ihren Boden in ein [&hellip;]<\/p>\n","protected":false},"featured_media":0,"comment_status":"open","ping_status":"closed","template":"","meta":{"_seopress_robots_primary_cat":"","_seopress_titles_title":"","_seopress_titles_desc":"","_seopress_robots_index":""},"product_brand":[],"product_cat":[586],"product_tag":[],"class_list":{"0":"post-18548","1":"product","2":"type-product","3":"status-publish","5":"product_cat-sauren-und-basen","8":"instock","9":"taxable","10":"shipping-taxable","11":"purchasable","12":"product-type-simple","13":"product-grid-view"},"_links":{"self":[{"href":"https:\/\/greenkingdom.ch\/de\/wp-json\/wp\/v2\/product\/18548","targetHints":{"allow":["GET"]}}],"collection":[{"href":"https:\/\/greenkingdom.ch\/de\/wp-json\/wp\/v2\/product"}],"about":[{"href":"https:\/\/greenkingdom.ch\/de\/wp-json\/wp\/v2\/types\/product"}],"replies":[{"embeddable":true,"href":"https:\/\/greenkingdom.ch\/de\/wp-json\/wp\/v2\/comments?post=18548"}],"version-history":[{"count":0,"href":"https:\/\/greenkingdom.ch\/de\/wp-json\/wp\/v2\/product\/18548\/revisions"}],"wp:attachment":[{"href":"https:\/\/greenkingdom.ch\/de\/wp-json\/wp\/v2\/media?parent=18548"}],"wp:term":[{"taxonomy":"product_brand","embeddable":true,"href":"https:\/\/greenkingdom.ch\/de\/wp-json\/wp\/v2\/product_brand?post=18548"},{"taxonomy":"product_cat","embeddable":true,"href":"https:\/\/greenkingdom.ch\/de\/wp-json\/wp\/v2\/product_cat?post=18548"},{"taxonomy":"product_tag","embeddable":true,"href":"https:\/\/greenkingdom.ch\/de\/wp-json\/wp\/v2\/product_tag?post=18548"}],"curies":[{"name":"wp","href":"https:\/\/api.w.org\/{rel}","templated":true}]}}