{"id":18551,"date":"2024-10-11T16:42:18","date_gmt":"2024-10-11T14:42:18","guid":{"rendered":"https:\/\/greenkingdom.ch\/product\/biobizz-bio-heaven-500ml\/"},"modified":"2024-10-11T16:42:18","modified_gmt":"2024-10-11T14:42:18","slug":"biobizz-bio-heaven-500ml","status":"publish","type":"product","link":"https:\/\/greenkingdom.ch\/de\/produkt\/biobizz-bio-heaven-500ml\/","title":{"rendered":"BioBizz Bio Heaven 500ml"},"content":{"rendered":"<p>Mit Bio\u00b7 Himmel, lass deine Pflanzen Harmonie und Ekstase erreichen. Dieses Produkt enth\u00e4lt eine Auswahl an organischen Stimulanzien wie Aminos\u00e4uren, essentielle Bestandteile von Proteinen und Enzymen, die f\u00fcr die Vitalit\u00e4t und den Stoffwechsel der Pflanzen notwendig sind. Die spezielle Formel dieses Tonikums verbessert nicht nur die N\u00e4hrstoffaufnahme in Blattsprays und D\u00fcngemittelmischungen, sondern entfernt auch Giftstoffe, indem es das antioxidative System der Pflanzen st\u00e4rkt und die Chlorophyllproduktion wiederherstellt. W\u00e4hrend des gesamten Vegetations- und Bl\u00fctezyklus auf verschiedenen Substraten und hydroponischen Systemen einsetzbar, Bio\u00b7 Der Himmel ist ideal f\u00fcr alle\u00b7 Mischen und Licht\u00b7 Beginnen Sie mit 2 ml pro Liter Wasser und erh\u00f6hen Sie dann allm\u00e4hlich auf 5 ml, um optimale Ergebnisse zu erzielen. Schauen Sie sich unsere N\u00e4hrwerttabelle an, um einen detaillierten Leitfaden zu erhalten. Biografie\u00b7 Heaven steigert die Enzymaktivit\u00e4t, f\u00f6rdert die N\u00e4hrstoffaufnahme und st\u00e4rkt die Chelatbildung von Makro- und Mikron\u00e4hrstoffen. Schauen Sie sich unsere Tipps zur Chelat- und Enzymaktivit\u00e4t an, um mehr zu erfahren. Deine Pflanzen speichern die Feuchtigkeit besser und begrenzen so Wasserstress. Dar\u00fcber hinaus bietet Bio\u00b7 Heaven reichert den Boden mit Kohlendioxid an, das f\u00fcr Mikroorganismen von Vorteil ist. Letztendlich bedeuten kr\u00e4ftigere Pflanzen eine h\u00f6here Produktionsqualit\u00e4t. EAN: 8718403231540 <\/p>\n","protected":false},"excerpt":{"rendered":"<p>Mit Bio\u00b7 Himmel, lass deine Pflanzen Harmonie und Ekstase erreichen. Dieses Produkt enth\u00e4lt eine Auswahl an organischen Stimulanzien wie Aminos\u00e4uren, essentielle Bestandteile von Proteinen und Enzymen, die f\u00fcr die Vitalit\u00e4t und den Stoffwechsel der Pflanzen notwendig sind. Die spezielle Formel dieses Tonikums verbessert nicht nur die N\u00e4hrstoffaufnahme in Blattsprays und D\u00fcngemittelmischungen, sondern entfernt auch Giftstoffe, [&hellip;]<\/p>\n","protected":false},"featured_media":10480,"comment_status":"open","ping_status":"closed","template":"","meta":{"_seopress_robots_primary_cat":"","_seopress_titles_title":"","_seopress_titles_desc":"","_seopress_robots_index":""},"product_brand":[],"product_cat":[586],"product_tag":[],"class_list":{"0":"post-18551","1":"product","2":"type-product","3":"status-publish","4":"has-post-thumbnail","6":"product_cat-sauren-und-basen","9":"instock","10":"taxable","11":"shipping-taxable","12":"purchasable","13":"product-type-simple","14":"product-grid-view"},"_links":{"self":[{"href":"https:\/\/greenkingdom.ch\/de\/wp-json\/wp\/v2\/product\/18551","targetHints":{"allow":["GET"]}}],"collection":[{"href":"https:\/\/greenkingdom.ch\/de\/wp-json\/wp\/v2\/product"}],"about":[{"href":"https:\/\/greenkingdom.ch\/de\/wp-json\/wp\/v2\/types\/product"}],"replies":[{"embeddable":true,"href":"https:\/\/greenkingdom.ch\/de\/wp-json\/wp\/v2\/comments?post=18551"}],"version-history":[{"count":0,"href":"https:\/\/greenkingdom.ch\/de\/wp-json\/wp\/v2\/product\/18551\/revisions"}],"wp:featuredmedia":[{"embeddable":true,"href":"https:\/\/greenkingdom.ch\/de\/wp-json\/wp\/v2\/media\/10480"}],"wp:attachment":[{"href":"https:\/\/greenkingdom.ch\/de\/wp-json\/wp\/v2\/media?parent=18551"}],"wp:term":[{"taxonomy":"product_brand","embeddable":true,"href":"https:\/\/greenkingdom.ch\/de\/wp-json\/wp\/v2\/product_brand?post=18551"},{"taxonomy":"product_cat","embeddable":true,"href":"https:\/\/greenkingdom.ch\/de\/wp-json\/wp\/v2\/product_cat?post=18551"},{"taxonomy":"product_tag","embeddable":true,"href":"https:\/\/greenkingdom.ch\/de\/wp-json\/wp\/v2\/product_tag?post=18551"}],"curies":[{"name":"wp","href":"https:\/\/api.w.org\/{rel}","templated":true}]}}