{"id":18554,"date":"2024-10-11T16:42:18","date_gmt":"2024-10-11T14:42:18","guid":{"rendered":"https:\/\/greenkingdom.ch\/product\/biobizz-bio-bloom-10l\/"},"modified":"2024-10-11T16:42:18","modified_gmt":"2024-10-11T14:42:18","slug":"biobizz-bio-bloom-10l","status":"publish","type":"product","link":"https:\/\/greenkingdom.ch\/de\/produkt\/biobizz-bio-bloom-10l\/","title":{"rendered":"BioBizz Bio Bloom 10L"},"content":{"rendered":"<p>M\u00f6chtest du sehen, wie Deine Pflanzen mit \u00fcppigen Bl\u00fcten und k\u00f6stlichen Fr\u00fcchten gedeihen? Entdecken Sie diesen fl\u00fcssigen organischen D\u00fcnger, der alles Wesentliche enth\u00e4lt, um ein optimales Pflanzenwachstum zu f\u00f6rdern. Die umfassende Rezeptur enth\u00e4lt Stickstoff, Phosphor, Kalium, Enzyme, Aminos\u00e4uren, Spurenelemente und pflanzliche Hormone f\u00fcr robuste Pflanzen und sch\u00f6ne Blumen. Biografie\u00b7 Bloom ist ein vielseitiger D\u00fcnger, der sich ideal f\u00fcr den Einsatz vom Beginn der Bl\u00fcte bis zur Ernte eignet. Egal, ob Sie eine traditionelle Erde oder ein Substrat wie Coco\u00b7 Mischen Sie auf Basis von Kokosfasern, Sie k\u00f6nnen es problemlos verwenden. Befolgen Sie die Empfehlungen von Biobizz, indem Sie etwa 2 bis 4 ml Bio\u00b7 Bloom pro Liter Wasser f\u00fcr optimale Ergebnisse. Schl\u00fcsselkomponenten wie Kalium und Phosphor f\u00f6rdern die Bildung von Zwiebeln, Bl\u00fctenkelchen und Bl\u00fctenbl\u00e4ttern, w\u00e4hrend Kalium Tag und Nacht dem nat\u00fcrlichen Rhythmus der Pflanze folgt, um den Bl\u00fcteprozess auszul\u00f6sen. Entscheiden Sie sich f\u00fcr die ganze Kraft der Natur mit Bio\u00b7 Bl\u00fchen! EAN-Code: 8718403231168  <\/p>\n","protected":false},"excerpt":{"rendered":"<p>M\u00f6chtest du sehen, wie Deine Pflanzen mit \u00fcppigen Bl\u00fcten und k\u00f6stlichen Fr\u00fcchten gedeihen? Entdecken Sie diesen fl\u00fcssigen organischen D\u00fcnger, der alles Wesentliche enth\u00e4lt, um ein optimales Pflanzenwachstum zu f\u00f6rdern. Die umfassende Rezeptur enth\u00e4lt Stickstoff, Phosphor, Kalium, Enzyme, Aminos\u00e4uren, Spurenelemente und pflanzliche Hormone f\u00fcr robuste Pflanzen und sch\u00f6ne Blumen. Biografie\u00b7 Bloom ist ein vielseitiger D\u00fcnger, der [&hellip;]<\/p>\n","protected":false},"featured_media":10460,"comment_status":"open","ping_status":"closed","template":"","meta":{"_seopress_robots_primary_cat":"","_seopress_titles_title":"","_seopress_titles_desc":"","_seopress_robots_index":""},"product_brand":[],"product_cat":[586],"product_tag":[],"class_list":{"0":"post-18554","1":"product","2":"type-product","3":"status-publish","4":"has-post-thumbnail","6":"product_cat-sauren-und-basen","9":"instock","10":"taxable","11":"shipping-taxable","12":"purchasable","13":"product-type-simple","14":"product-grid-view"},"_links":{"self":[{"href":"https:\/\/greenkingdom.ch\/de\/wp-json\/wp\/v2\/product\/18554","targetHints":{"allow":["GET"]}}],"collection":[{"href":"https:\/\/greenkingdom.ch\/de\/wp-json\/wp\/v2\/product"}],"about":[{"href":"https:\/\/greenkingdom.ch\/de\/wp-json\/wp\/v2\/types\/product"}],"replies":[{"embeddable":true,"href":"https:\/\/greenkingdom.ch\/de\/wp-json\/wp\/v2\/comments?post=18554"}],"version-history":[{"count":0,"href":"https:\/\/greenkingdom.ch\/de\/wp-json\/wp\/v2\/product\/18554\/revisions"}],"wp:featuredmedia":[{"embeddable":true,"href":"https:\/\/greenkingdom.ch\/de\/wp-json\/wp\/v2\/media\/10460"}],"wp:attachment":[{"href":"https:\/\/greenkingdom.ch\/de\/wp-json\/wp\/v2\/media?parent=18554"}],"wp:term":[{"taxonomy":"product_brand","embeddable":true,"href":"https:\/\/greenkingdom.ch\/de\/wp-json\/wp\/v2\/product_brand?post=18554"},{"taxonomy":"product_cat","embeddable":true,"href":"https:\/\/greenkingdom.ch\/de\/wp-json\/wp\/v2\/product_cat?post=18554"},{"taxonomy":"product_tag","embeddable":true,"href":"https:\/\/greenkingdom.ch\/de\/wp-json\/wp\/v2\/product_tag?post=18554"}],"curies":[{"name":"wp","href":"https:\/\/api.w.org\/{rel}","templated":true}]}}