{"id":18555,"date":"2024-10-11T16:42:18","date_gmt":"2024-10-11T14:42:18","guid":{"rendered":"https:\/\/greenkingdom.ch\/product\/biobizz-wurzelsaft-250ml\/"},"modified":"2024-10-11T16:42:18","modified_gmt":"2024-10-11T14:42:18","slug":"biobizz-wurzelsaft-250ml","status":"publish","type":"product","link":"https:\/\/greenkingdom.ch\/de\/produkt\/biobizz-wurzelsaft-250ml\/","title":{"rendered":"BioBizz Wurzelsaft 250ml"},"content":{"rendered":"<p>Created only from plant-based ingredients, Root\u00b7 Saft ist perfekt f\u00fcr Bio-G\u00e4rten. Durch die Kombination von Humins\u00e4ure und Premium-Algen ist dieses Produkt speziell formuliert, um starke Wurzeln zu f\u00f6rdern und das nat\u00fcrliche Leben um Ihre Pflanze herum zu f\u00f6rdern. Wurzel\u00b7 Saft wirkt von Anfang an, um das anf\u00e4ngliche Wurzelwachstum zu stimulieren und bereits entwickelten Pflanzen zu helfen. Es bereitet Deine Pflanzen darauf vor, N\u00e4hrstoffe schneller aufzunehmen, macht sie robuster, widerstandsf\u00e4higer und sorgt f\u00fcr eine gro\u00dfartige Ernte f\u00fcr die Grower. Ideal f\u00fcr Erd-, Torf- und Kokosmischungen, Root\u00b7 Saft sch\u00fctzt auch die Wurzeln in hydroponischen oder aeroponischen Systemen. Wenn Sie All\u00b7 Mischen oder anz\u00fcnden\u00b7 Mischen, d\u00fcngen Sie Ihre Pflanzen mit Root\u00b7 Saft in der ersten Woche f\u00fcr eine erfolgreiche Umsetzung. Biobizz empfiehlt eine Dosis von 1 bis 4 ml Root\u00b7 Saft pro Liter Wasser. EAN: 8718403231373 <\/p>\n","protected":false},"excerpt":{"rendered":"<p>Created only from plant-based ingredients, Root\u00b7 Saft ist perfekt f\u00fcr Bio-G\u00e4rten. Durch die Kombination von Humins\u00e4ure und Premium-Algen ist dieses Produkt speziell formuliert, um starke Wurzeln zu f\u00f6rdern und das nat\u00fcrliche Leben um Ihre Pflanze herum zu f\u00f6rdern. Wurzel\u00b7 Saft wirkt von Anfang an, um das anf\u00e4ngliche Wurzelwachstum zu stimulieren und bereits entwickelten Pflanzen zu [&hellip;]<\/p>\n","protected":false},"featured_media":10438,"comment_status":"open","ping_status":"closed","template":"","meta":{"_seopress_robots_primary_cat":"","_seopress_titles_title":"","_seopress_titles_desc":"","_seopress_robots_index":""},"product_brand":[],"product_cat":[586],"product_tag":[],"class_list":{"0":"post-18555","1":"product","2":"type-product","3":"status-publish","4":"has-post-thumbnail","6":"product_cat-sauren-und-basen","9":"instock","10":"taxable","11":"shipping-taxable","12":"purchasable","13":"product-type-simple","14":"product-grid-view"},"_links":{"self":[{"href":"https:\/\/greenkingdom.ch\/de\/wp-json\/wp\/v2\/product\/18555","targetHints":{"allow":["GET"]}}],"collection":[{"href":"https:\/\/greenkingdom.ch\/de\/wp-json\/wp\/v2\/product"}],"about":[{"href":"https:\/\/greenkingdom.ch\/de\/wp-json\/wp\/v2\/types\/product"}],"replies":[{"embeddable":true,"href":"https:\/\/greenkingdom.ch\/de\/wp-json\/wp\/v2\/comments?post=18555"}],"version-history":[{"count":0,"href":"https:\/\/greenkingdom.ch\/de\/wp-json\/wp\/v2\/product\/18555\/revisions"}],"wp:featuredmedia":[{"embeddable":true,"href":"https:\/\/greenkingdom.ch\/de\/wp-json\/wp\/v2\/media\/10438"}],"wp:attachment":[{"href":"https:\/\/greenkingdom.ch\/de\/wp-json\/wp\/v2\/media?parent=18555"}],"wp:term":[{"taxonomy":"product_brand","embeddable":true,"href":"https:\/\/greenkingdom.ch\/de\/wp-json\/wp\/v2\/product_brand?post=18555"},{"taxonomy":"product_cat","embeddable":true,"href":"https:\/\/greenkingdom.ch\/de\/wp-json\/wp\/v2\/product_cat?post=18555"},{"taxonomy":"product_tag","embeddable":true,"href":"https:\/\/greenkingdom.ch\/de\/wp-json\/wp\/v2\/product_tag?post=18555"}],"curies":[{"name":"wp","href":"https:\/\/api.w.org\/{rel}","templated":true}]}}