{"id":18560,"date":"2024-10-11T16:42:18","date_gmt":"2024-10-11T14:42:18","guid":{"rendered":"https:\/\/greenkingdom.ch\/product\/biobizz-bio-bloom-5l\/"},"modified":"2024-10-11T16:42:18","modified_gmt":"2024-10-11T14:42:18","slug":"biobizz-bio-bloom-5l","status":"publish","type":"product","link":"https:\/\/greenkingdom.ch\/de\/produkt\/biobizz-bio-bloom-5l\/","title":{"rendered":"BioBizz Bio Bloom 5L"},"content":{"rendered":"<p>Auf der Suche nach \u00fcppigen Bl\u00fcten f\u00fcr k\u00f6stliche Fr\u00fcchte? Entdecken Sie diesen kompletten fl\u00fcssigen organischen D\u00fcnger, der alles bietet, was Sie brauchen. Diese Formel enth\u00e4lt Stickstoff, Phosphor, Kalium sowie Enzyme und Aminos\u00e4uren in idealen Mengen, die in perfekter Harmonie mit dem Boden wirken. Angereichert mit Spurenelementen und pflanzlichen Hormonen, f\u00f6rdert diese Mischung das Wachstum von Pflanzen mit langen Stielen und kr\u00e4ftigen Bl\u00fcten. Biografie\u00b7 Bloom ist ein in sich geschlossener D\u00fcnger, der sich ideal von der Bl\u00fcte bis zur Ernte eignet. Es kann als Bodeneinarbeitung oder zur Anreicherung eines erdlosen Substrats wie Coco\u00b7 Mischung auf Basis von Kokosfasern. Biobizz empfiehlt die Verwendung von 2 bis 4 ml Bio\u00b7 Bloom pro Liter Wasser f\u00fcr optimale Ergebnisse. Weitere Informationen finden Sie in unserer Pflanzenern\u00e4hrungstabelle auf der Packung. Kalium und Phosphor f\u00f6rdern das Wachstum von Zwiebeln, Bl\u00fctenkelchen und Bl\u00fctenbl\u00e4ttern, wobei Kalium Tag und Nacht nach dem nat\u00fcrlichen Rhythmus der Pflanze wirkt und den Bl\u00fcteprozess ausl\u00f6st. EAN: 8718403231151   <\/p>\n","protected":false},"excerpt":{"rendered":"<p>Auf der Suche nach \u00fcppigen Bl\u00fcten f\u00fcr k\u00f6stliche Fr\u00fcchte? Entdecken Sie diesen kompletten fl\u00fcssigen organischen D\u00fcnger, der alles bietet, was Sie brauchen. Diese Formel enth\u00e4lt Stickstoff, Phosphor, Kalium sowie Enzyme und Aminos\u00e4uren in idealen Mengen, die in perfekter Harmonie mit dem Boden wirken. Angereichert mit Spurenelementen und pflanzlichen Hormonen, f\u00f6rdert diese Mischung das Wachstum von [&hellip;]<\/p>\n","protected":false},"featured_media":10449,"comment_status":"open","ping_status":"closed","template":"","meta":{"_seopress_robots_primary_cat":"","_seopress_titles_title":"","_seopress_titles_desc":"","_seopress_robots_index":""},"product_brand":[],"product_cat":[586],"product_tag":[],"class_list":{"0":"post-18560","1":"product","2":"type-product","3":"status-publish","4":"has-post-thumbnail","6":"product_cat-sauren-und-basen","9":"instock","10":"taxable","11":"shipping-taxable","12":"purchasable","13":"product-type-simple","14":"product-grid-view"},"_links":{"self":[{"href":"https:\/\/greenkingdom.ch\/de\/wp-json\/wp\/v2\/product\/18560","targetHints":{"allow":["GET"]}}],"collection":[{"href":"https:\/\/greenkingdom.ch\/de\/wp-json\/wp\/v2\/product"}],"about":[{"href":"https:\/\/greenkingdom.ch\/de\/wp-json\/wp\/v2\/types\/product"}],"replies":[{"embeddable":true,"href":"https:\/\/greenkingdom.ch\/de\/wp-json\/wp\/v2\/comments?post=18560"}],"version-history":[{"count":0,"href":"https:\/\/greenkingdom.ch\/de\/wp-json\/wp\/v2\/product\/18560\/revisions"}],"wp:featuredmedia":[{"embeddable":true,"href":"https:\/\/greenkingdom.ch\/de\/wp-json\/wp\/v2\/media\/10449"}],"wp:attachment":[{"href":"https:\/\/greenkingdom.ch\/de\/wp-json\/wp\/v2\/media?parent=18560"}],"wp:term":[{"taxonomy":"product_brand","embeddable":true,"href":"https:\/\/greenkingdom.ch\/de\/wp-json\/wp\/v2\/product_brand?post=18560"},{"taxonomy":"product_cat","embeddable":true,"href":"https:\/\/greenkingdom.ch\/de\/wp-json\/wp\/v2\/product_cat?post=18560"},{"taxonomy":"product_tag","embeddable":true,"href":"https:\/\/greenkingdom.ch\/de\/wp-json\/wp\/v2\/product_tag?post=18560"}],"curies":[{"name":"wp","href":"https:\/\/api.w.org\/{rel}","templated":true}]}}