{"id":18563,"date":"2024-10-11T16:42:19","date_gmt":"2024-10-11T14:42:19","guid":{"rendered":"https:\/\/greenkingdom.ch\/product\/insekten-ex-500ml\/"},"modified":"2024-10-11T16:42:19","modified_gmt":"2024-10-11T14:42:19","slug":"insekten-ex-500ml","status":"publish","type":"product","link":"https:\/\/greenkingdom.ch\/de\/produkt\/insekten-ex-500ml\/","title":{"rendered":"Insekten-ex 500ml"},"content":{"rendered":"<p>Entdecken Sie Insect-Ex, Ihren nat\u00fcrlichen Verb\u00fcndeten gegen Gartensch\u00e4dlinge. Dieses umweltfreundliche Bio-Insektizid ist schonend f\u00fcr N\u00fctzlinge und \u00e4u\u00dferst wirksam. Dank seiner Formel auf Basis nat\u00fcrlicher Fetts\u00e4uren ist Insect-Ex sicher in der Anwendung bei Zierpflanzen, Obst und Gem\u00fcse. Sein breites Wirkungsspektrum macht es zu einer idealen L\u00f6sung f\u00fcr Spinnmilben, Blattl\u00e4use, Thripse und viele mehr. Einfach zu bedienen, Sie m\u00fcssen die Pflanzen nur bespr\u00fchen, bis sie gleichm\u00e4\u00dfig nass sind. Ein unverzichtbares Produkt, um Ihren Garten zu sch\u00fctzen und gleichzeitig das nat\u00fcrliche Gleichgewicht zu erhalten. Denken Sie daran, die Gebrauchsanweisung vor Gebrauch sorgf\u00e4ltig zu lesen. EAN-Referenz: 7640116932241.       <\/p>\n","protected":false},"excerpt":{"rendered":"<p>Entdecken Sie Insect-Ex, Ihren nat\u00fcrlichen Verb\u00fcndeten gegen Gartensch\u00e4dlinge. Dieses umweltfreundliche Bio-Insektizid ist schonend f\u00fcr N\u00fctzlinge und \u00e4u\u00dferst wirksam. Dank seiner Formel auf Basis nat\u00fcrlicher Fetts\u00e4uren ist Insect-Ex sicher in der Anwendung bei Zierpflanzen, Obst und Gem\u00fcse. Sein breites Wirkungsspektrum macht es zu einer idealen L\u00f6sung f\u00fcr Spinnmilben, Blattl\u00e4use, Thripse und viele mehr. Einfach zu bedienen, [&hellip;]<\/p>\n","protected":false},"featured_media":10545,"comment_status":"open","ping_status":"closed","template":"","meta":{"_seopress_robots_primary_cat":"","_seopress_titles_title":"","_seopress_titles_desc":"","_seopress_robots_index":""},"product_brand":[],"product_cat":[593],"product_tag":[],"class_list":{"0":"post-18563","1":"product","2":"type-product","3":"status-publish","4":"has-post-thumbnail","6":"product_cat-klima","9":"instock","10":"taxable","11":"shipping-taxable","12":"purchasable","13":"product-type-simple","14":"product-grid-view"},"_links":{"self":[{"href":"https:\/\/greenkingdom.ch\/de\/wp-json\/wp\/v2\/product\/18563","targetHints":{"allow":["GET"]}}],"collection":[{"href":"https:\/\/greenkingdom.ch\/de\/wp-json\/wp\/v2\/product"}],"about":[{"href":"https:\/\/greenkingdom.ch\/de\/wp-json\/wp\/v2\/types\/product"}],"replies":[{"embeddable":true,"href":"https:\/\/greenkingdom.ch\/de\/wp-json\/wp\/v2\/comments?post=18563"}],"version-history":[{"count":0,"href":"https:\/\/greenkingdom.ch\/de\/wp-json\/wp\/v2\/product\/18563\/revisions"}],"wp:featuredmedia":[{"embeddable":true,"href":"https:\/\/greenkingdom.ch\/de\/wp-json\/wp\/v2\/media\/10545"}],"wp:attachment":[{"href":"https:\/\/greenkingdom.ch\/de\/wp-json\/wp\/v2\/media?parent=18563"}],"wp:term":[{"taxonomy":"product_brand","embeddable":true,"href":"https:\/\/greenkingdom.ch\/de\/wp-json\/wp\/v2\/product_brand?post=18563"},{"taxonomy":"product_cat","embeddable":true,"href":"https:\/\/greenkingdom.ch\/de\/wp-json\/wp\/v2\/product_cat?post=18563"},{"taxonomy":"product_tag","embeddable":true,"href":"https:\/\/greenkingdom.ch\/de\/wp-json\/wp\/v2\/product_tag?post=18563"}],"curies":[{"name":"wp","href":"https:\/\/api.w.org\/{rel}","templated":true}]}}