{"id":18569,"date":"2024-10-11T16:42:19","date_gmt":"2024-10-11T14:42:19","guid":{"rendered":"https:\/\/greenkingdom.ch\/product\/biobizz-acti-vera-500ml\/"},"modified":"2024-10-11T16:42:19","modified_gmt":"2024-10-11T14:42:19","slug":"biobizz-acti-vera-500ml","status":"publish","type":"product","link":"https:\/\/greenkingdom.ch\/de\/produkt\/biobizz-acti-vera-500ml\/","title":{"rendered":"BioBizz Acti Vera 500ml"},"content":{"rendered":"<p>Aktiv\u00b7 Vera ist ein revolution\u00e4res Produkt, das entwickelt wurde, um das Immunsystem zu st\u00e4rken, den Stoffwechsel anzukurbeln und die N\u00e4hrstoffaufnahme in allen Pflanzenarten zu f\u00f6rdern. Aloe Vera symbolisiert Gesundheit und Frische mit ihren antibakteriellen und entgiftenden Eigenschaften und ist f\u00fcr ihre Vorteile auf der Haut bekannt. Inspiriert von seinen Wundern auf den menschlichen K\u00f6rper haben wir Acti\u00b7 Vera, um diese Magie auf Pflanzen zu \u00fcbertragen. Die Besonderheit von Acti\u00b7 Vera unterscheidet sich von den anderen Produkten der Biobizz-Reihe dadurch, dass es &#8222;von Pflanze zu Pflanze&#8220; entsteht. Dieses revolution\u00e4re Produkt ist Ihr Verb\u00fcndeter f\u00fcr kr\u00e4ftige und lebendige Pflanzen, sowohl im Innen- als auch im Au\u00dfenbereich. Vielseitig und einfach zu bedienen, Acti\u00b7 Vera kann auf Nahrungspflanzen, Stauden und Zierpflanzen in der Wachstums- oder Bl\u00fctephase angewendet werden. Durch die Stimulierung des Wachstums und der Produktion von Bl\u00fcten verspricht es bemerkenswerte Ergebnisse. Sch\u00fctzen und st\u00e4rken Sie das Immunsystem Ihrer Pflanzen, f\u00f6rdern Sie ihre Keimung und ihren Stoffwechsel mit Acti\u00b7 Vera. Ein kraftvolles, nat\u00fcrliches und vollst\u00e4ndig veganes Produkt f\u00fcr gesunde Pflanzen. EAN: 8718403232516<\/p>\n","protected":false},"excerpt":{"rendered":"<p>Aktiv\u00b7 Vera ist ein revolution\u00e4res Produkt, das entwickelt wurde, um das Immunsystem zu st\u00e4rken, den Stoffwechsel anzukurbeln und die N\u00e4hrstoffaufnahme in allen Pflanzenarten zu f\u00f6rdern. Aloe Vera symbolisiert Gesundheit und Frische mit ihren antibakteriellen und entgiftenden Eigenschaften und ist f\u00fcr ihre Vorteile auf der Haut bekannt. Inspiriert von seinen Wundern auf den menschlichen K\u00f6rper haben [&hellip;]<\/p>\n","protected":false},"featured_media":10535,"comment_status":"open","ping_status":"closed","template":"","meta":{"_seopress_robots_primary_cat":"","_seopress_titles_title":"","_seopress_titles_desc":"","_seopress_robots_index":""},"product_brand":[],"product_cat":[586],"product_tag":[],"class_list":{"0":"post-18569","1":"product","2":"type-product","3":"status-publish","4":"has-post-thumbnail","6":"product_cat-sauren-und-basen","9":"instock","10":"taxable","11":"shipping-taxable","12":"purchasable","13":"product-type-simple","14":"product-grid-view"},"_links":{"self":[{"href":"https:\/\/greenkingdom.ch\/de\/wp-json\/wp\/v2\/product\/18569","targetHints":{"allow":["GET"]}}],"collection":[{"href":"https:\/\/greenkingdom.ch\/de\/wp-json\/wp\/v2\/product"}],"about":[{"href":"https:\/\/greenkingdom.ch\/de\/wp-json\/wp\/v2\/types\/product"}],"replies":[{"embeddable":true,"href":"https:\/\/greenkingdom.ch\/de\/wp-json\/wp\/v2\/comments?post=18569"}],"version-history":[{"count":0,"href":"https:\/\/greenkingdom.ch\/de\/wp-json\/wp\/v2\/product\/18569\/revisions"}],"wp:featuredmedia":[{"embeddable":true,"href":"https:\/\/greenkingdom.ch\/de\/wp-json\/wp\/v2\/media\/10535"}],"wp:attachment":[{"href":"https:\/\/greenkingdom.ch\/de\/wp-json\/wp\/v2\/media?parent=18569"}],"wp:term":[{"taxonomy":"product_brand","embeddable":true,"href":"https:\/\/greenkingdom.ch\/de\/wp-json\/wp\/v2\/product_brand?post=18569"},{"taxonomy":"product_cat","embeddable":true,"href":"https:\/\/greenkingdom.ch\/de\/wp-json\/wp\/v2\/product_cat?post=18569"},{"taxonomy":"product_tag","embeddable":true,"href":"https:\/\/greenkingdom.ch\/de\/wp-json\/wp\/v2\/product_tag?post=18569"}],"curies":[{"name":"wp","href":"https:\/\/api.w.org\/{rel}","templated":true}]}}