{"id":18576,"date":"2024-10-11T16:42:19","date_gmt":"2024-10-11T14:42:19","guid":{"rendered":"https:\/\/greenkingdom.ch\/product\/biobizz-ph-plus-5l\/"},"modified":"2024-10-11T16:42:19","modified_gmt":"2024-10-11T14:42:19","slug":"biobizz-ph-plus-5l","status":"publish","type":"product","link":"https:\/\/greenkingdom.ch\/de\/produkt\/biobizz-ph-plus-5l\/","title":{"rendered":"BioBizz PH Plus 5L"},"content":{"rendered":"<p>Entdecken Sie Bio-pH+ von BioBizz, das neue Produkt, das speziell f\u00fcr den \u00f6kologischen Landbau entwickelt wurde. Bio-pH+ enth\u00e4lt Humins\u00e4uren, die aus nat\u00fcrlichen Quellen gewonnen werden, und bietet Ihnen eine nat\u00fcrliche pH-Korrektur f\u00fcr eine optimale N\u00e4hrstoffaufnahme durch Ihre Pflanzen. Dieser pH-Regulator ist mit Biobizz-N\u00e4hrstoffen kompatibel und kann in jeder Phase des Anbaus verwendet werden, von der Aussaat bis zur Ernte. Ohne starke S\u00e4uren bewahrt Bio-pH+ die Mikrolebensdauer des Substrats f\u00fcr einen vollst\u00e4ndig organischen und gesunden Anbau. Entscheiden Sie sich f\u00fcr Bio-pH+ und geben Sie Ihren Pflanzen das Beste aus der Natur, vom Wachstum bis zur Bl\u00fcte! EAN: 8718403232936.     <\/p>\n","protected":false},"excerpt":{"rendered":"<p>Entdecken Sie Bio-pH+ von BioBizz, das neue Produkt, das speziell f\u00fcr den \u00f6kologischen Landbau entwickelt wurde. Bio-pH+ enth\u00e4lt Humins\u00e4uren, die aus nat\u00fcrlichen Quellen gewonnen werden, und bietet Ihnen eine nat\u00fcrliche pH-Korrektur f\u00fcr eine optimale N\u00e4hrstoffaufnahme durch Ihre Pflanzen. Dieser pH-Regulator ist mit Biobizz-N\u00e4hrstoffen kompatibel und kann in jeder Phase des Anbaus verwendet werden, von der [&hellip;]<\/p>\n","protected":false},"featured_media":10524,"comment_status":"open","ping_status":"closed","template":"","meta":{"_seopress_robots_primary_cat":"","_seopress_titles_title":"","_seopress_titles_desc":"","_seopress_robots_index":""},"product_brand":[],"product_cat":[586],"product_tag":[],"class_list":{"0":"post-18576","1":"product","2":"type-product","3":"status-publish","4":"has-post-thumbnail","6":"product_cat-sauren-und-basen","9":"instock","10":"taxable","11":"shipping-taxable","12":"purchasable","13":"product-type-simple","14":"product-grid-view"},"_links":{"self":[{"href":"https:\/\/greenkingdom.ch\/de\/wp-json\/wp\/v2\/product\/18576","targetHints":{"allow":["GET"]}}],"collection":[{"href":"https:\/\/greenkingdom.ch\/de\/wp-json\/wp\/v2\/product"}],"about":[{"href":"https:\/\/greenkingdom.ch\/de\/wp-json\/wp\/v2\/types\/product"}],"replies":[{"embeddable":true,"href":"https:\/\/greenkingdom.ch\/de\/wp-json\/wp\/v2\/comments?post=18576"}],"version-history":[{"count":0,"href":"https:\/\/greenkingdom.ch\/de\/wp-json\/wp\/v2\/product\/18576\/revisions"}],"wp:featuredmedia":[{"embeddable":true,"href":"https:\/\/greenkingdom.ch\/de\/wp-json\/wp\/v2\/media\/10524"}],"wp:attachment":[{"href":"https:\/\/greenkingdom.ch\/de\/wp-json\/wp\/v2\/media?parent=18576"}],"wp:term":[{"taxonomy":"product_brand","embeddable":true,"href":"https:\/\/greenkingdom.ch\/de\/wp-json\/wp\/v2\/product_brand?post=18576"},{"taxonomy":"product_cat","embeddable":true,"href":"https:\/\/greenkingdom.ch\/de\/wp-json\/wp\/v2\/product_cat?post=18576"},{"taxonomy":"product_tag","embeddable":true,"href":"https:\/\/greenkingdom.ch\/de\/wp-json\/wp\/v2\/product_tag?post=18576"}],"curies":[{"name":"wp","href":"https:\/\/api.w.org\/{rel}","templated":true}]}}