{"id":18577,"date":"2024-10-11T16:42:19","date_gmt":"2024-10-11T14:42:19","guid":{"rendered":"https:\/\/greenkingdom.ch\/product\/biobizz-acti-vera-5l\/"},"modified":"2024-10-11T16:42:19","modified_gmt":"2024-10-11T14:42:19","slug":"biobizz-acti-vera-5l","status":"publish","type":"product","link":"https:\/\/greenkingdom.ch\/de\/produkt\/biobizz-acti-vera-5l\/","title":{"rendered":"BioBizz Acti Vera 5L"},"content":{"rendered":"<p>Aktiv\u00b7 Vera wurde speziell entwickelt, um das Immunsystem zu st\u00e4rken, den Stoffwechsel anzukurbeln und die N\u00e4hrstoffaufnahme f\u00fcr alle Pflanzen zu f\u00f6rdern. Aloe Vera ist bekannt f\u00fcr ihre Vitalit\u00e4t, reinigende Eigenschaften, Frische und Vorteile f\u00fcr die Haut. Aus dieser Inspiration heraus hat Acti\u00b7 Vera wurde geboren, um den Pflanzen die gleichen magischen Vorteile zu bringen. Seine einzigartige Formulierung auf Aloe-Vera-Basis unterscheidet es von anderen Biobizz-Produkten, die sich auf Pflanzen f\u00fcr Pflanzen konzentrieren. Vielseitig und einfach zu bedienen, Acti\u00b7 Vera kann sowohl im Innen- als auch im Au\u00dfenbereich auf verschiedene Pflanzenarten w\u00e4hrend ihres Wachstums und ihrer Bl\u00fcte angewendet werden. Wenn Sie die Empfehlungen von Biobizz befolgen, k\u00f6nnen Sie kr\u00e4ftigere und ges\u00fcndere Pflanzen beobachten, dank einer Stimulierung ihrer Entwicklung und Bl\u00fcte. Dieses nat\u00fcrliche und kraftvolle Produkt sch\u00fctzt, energetisiert und optimiert die Aufnahme von N\u00e4hrstoffen auf 100% vegane Weise. G\u00f6nnen Sie Ihren Pflanzen die Pflege, die sie verdienen mit Acti\u00b7 Vera f\u00fcr strahlende Ergebnisse zu jeder Jahreszeit!   <\/p>\n","protected":false},"excerpt":{"rendered":"<p>Aktiv\u00b7 Vera wurde speziell entwickelt, um das Immunsystem zu st\u00e4rken, den Stoffwechsel anzukurbeln und die N\u00e4hrstoffaufnahme f\u00fcr alle Pflanzen zu f\u00f6rdern. Aloe Vera ist bekannt f\u00fcr ihre Vitalit\u00e4t, reinigende Eigenschaften, Frische und Vorteile f\u00fcr die Haut. Aus dieser Inspiration heraus hat Acti\u00b7 Vera wurde geboren, um den Pflanzen die gleichen magischen Vorteile zu bringen. Seine [&hellip;]<\/p>\n","protected":false},"featured_media":10503,"comment_status":"open","ping_status":"closed","template":"","meta":{"_seopress_robots_primary_cat":"","_seopress_titles_title":"","_seopress_titles_desc":"","_seopress_robots_index":""},"product_brand":[],"product_cat":[586],"product_tag":[],"class_list":{"0":"post-18577","1":"product","2":"type-product","3":"status-publish","4":"has-post-thumbnail","6":"product_cat-sauren-und-basen","9":"instock","10":"taxable","11":"shipping-taxable","12":"purchasable","13":"product-type-simple","14":"product-grid-view"},"_links":{"self":[{"href":"https:\/\/greenkingdom.ch\/de\/wp-json\/wp\/v2\/product\/18577","targetHints":{"allow":["GET"]}}],"collection":[{"href":"https:\/\/greenkingdom.ch\/de\/wp-json\/wp\/v2\/product"}],"about":[{"href":"https:\/\/greenkingdom.ch\/de\/wp-json\/wp\/v2\/types\/product"}],"replies":[{"embeddable":true,"href":"https:\/\/greenkingdom.ch\/de\/wp-json\/wp\/v2\/comments?post=18577"}],"version-history":[{"count":0,"href":"https:\/\/greenkingdom.ch\/de\/wp-json\/wp\/v2\/product\/18577\/revisions"}],"wp:featuredmedia":[{"embeddable":true,"href":"https:\/\/greenkingdom.ch\/de\/wp-json\/wp\/v2\/media\/10503"}],"wp:attachment":[{"href":"https:\/\/greenkingdom.ch\/de\/wp-json\/wp\/v2\/media?parent=18577"}],"wp:term":[{"taxonomy":"product_brand","embeddable":true,"href":"https:\/\/greenkingdom.ch\/de\/wp-json\/wp\/v2\/product_brand?post=18577"},{"taxonomy":"product_cat","embeddable":true,"href":"https:\/\/greenkingdom.ch\/de\/wp-json\/wp\/v2\/product_cat?post=18577"},{"taxonomy":"product_tag","embeddable":true,"href":"https:\/\/greenkingdom.ch\/de\/wp-json\/wp\/v2\/product_tag?post=18577"}],"curies":[{"name":"wp","href":"https:\/\/api.w.org\/{rel}","templated":true}]}}