{"id":18581,"date":"2024-10-11T16:42:19","date_gmt":"2024-10-11T14:42:19","guid":{"rendered":"https:\/\/greenkingdom.ch\/product\/biobizz-ph-minus-5l\/"},"modified":"2024-10-11T16:42:19","modified_gmt":"2024-10-11T14:42:19","slug":"biobizz-ph-minus-5l","status":"publish","type":"product","link":"https:\/\/greenkingdom.ch\/de\/produkt\/biobizz-ph-minus-5l\/","title":{"rendered":"BioBizz PH Minus 5L"},"content":{"rendered":"<p>Entdecken Sie den neuen Bio-pH- von BioBizz, der speziell f\u00fcr den \u00f6kologischen Landbau entwickelt wurde. Diese Zitronens\u00e4urel\u00f6sung, die nat\u00fcrlicherweise in Zitrusfr\u00fcchten vorkommt, bietet eine nat\u00fcrliche pH-Korrektur f\u00fcr eine optimale N\u00e4hrstoffaufnahme durch die Pflanzen. Seine nat\u00fcrliche Formel ist mit allen Arten von Substraten und Kulturen kompatibel und erm\u00f6glicht eine schnelle Anpassung des pH-Werts, ohne den Mikrokosmos des Bodens zu sch\u00e4digen. Perfekt abgestimmt auf die Biobizz-N\u00e4hrstoffe kann dieser Bio-pH- w\u00e4hrend des gesamten Wachstums- und Bl\u00fctezyklus in allen Bew\u00e4sserungssystemen eingesetzt werden. Seine Benutzerfreundlichkeit erm\u00f6glicht es Ihnen, den pH-Wert genau einzustellen, um optimale Bedingungen f\u00fcr Ihre Pflanzen zu gew\u00e4hrleisten. Entscheiden Sie sich f\u00fcr den biologischen Anbau vom Saatgut bis zur Ernte mit Bio-pH- von BioBizz, einem 100% biologischen pH-Regulator, der die Lebensdauer des Substrats respektiert. Entscheiden Sie sich f\u00fcr Qualit\u00e4t und Effizienz mit diesem Must-Have-Produkt f\u00fcr Liebhaber des \u00f6kologischen Gartenbaus. EAN-Code: 8718403233025  <\/p>\n","protected":false},"excerpt":{"rendered":"<p>Entdecken Sie den neuen Bio-pH- von BioBizz, der speziell f\u00fcr den \u00f6kologischen Landbau entwickelt wurde. Diese Zitronens\u00e4urel\u00f6sung, die nat\u00fcrlicherweise in Zitrusfr\u00fcchten vorkommt, bietet eine nat\u00fcrliche pH-Korrektur f\u00fcr eine optimale N\u00e4hrstoffaufnahme durch die Pflanzen. Seine nat\u00fcrliche Formel ist mit allen Arten von Substraten und Kulturen kompatibel und erm\u00f6glicht eine schnelle Anpassung des pH-Werts, ohne den Mikrokosmos [&hellip;]<\/p>\n","protected":false},"featured_media":10513,"comment_status":"open","ping_status":"closed","template":"","meta":{"_seopress_robots_primary_cat":"","_seopress_titles_title":"","_seopress_titles_desc":"","_seopress_robots_index":""},"product_brand":[],"product_cat":[586],"product_tag":[],"class_list":{"0":"post-18581","1":"product","2":"type-product","3":"status-publish","4":"has-post-thumbnail","6":"product_cat-sauren-und-basen","9":"instock","10":"taxable","11":"shipping-taxable","12":"purchasable","13":"product-type-simple","14":"product-grid-view"},"_links":{"self":[{"href":"https:\/\/greenkingdom.ch\/de\/wp-json\/wp\/v2\/product\/18581","targetHints":{"allow":["GET"]}}],"collection":[{"href":"https:\/\/greenkingdom.ch\/de\/wp-json\/wp\/v2\/product"}],"about":[{"href":"https:\/\/greenkingdom.ch\/de\/wp-json\/wp\/v2\/types\/product"}],"replies":[{"embeddable":true,"href":"https:\/\/greenkingdom.ch\/de\/wp-json\/wp\/v2\/comments?post=18581"}],"version-history":[{"count":0,"href":"https:\/\/greenkingdom.ch\/de\/wp-json\/wp\/v2\/product\/18581\/revisions"}],"wp:featuredmedia":[{"embeddable":true,"href":"https:\/\/greenkingdom.ch\/de\/wp-json\/wp\/v2\/media\/10513"}],"wp:attachment":[{"href":"https:\/\/greenkingdom.ch\/de\/wp-json\/wp\/v2\/media?parent=18581"}],"wp:term":[{"taxonomy":"product_brand","embeddable":true,"href":"https:\/\/greenkingdom.ch\/de\/wp-json\/wp\/v2\/product_brand?post=18581"},{"taxonomy":"product_cat","embeddable":true,"href":"https:\/\/greenkingdom.ch\/de\/wp-json\/wp\/v2\/product_cat?post=18581"},{"taxonomy":"product_tag","embeddable":true,"href":"https:\/\/greenkingdom.ch\/de\/wp-json\/wp\/v2\/product_tag?post=18581"}],"curies":[{"name":"wp","href":"https:\/\/api.w.org\/{rel}","templated":true}]}}