{"id":18583,"date":"2024-10-11T16:42:20","date_gmt":"2024-10-11T14:42:20","guid":{"rendered":"https:\/\/greenkingdom.ch\/product\/vapr-nano-spritzpistole\/"},"modified":"2024-10-11T16:42:20","modified_gmt":"2024-10-11T14:42:20","slug":"vapr-nano-spritzpistole","status":"publish","type":"product","link":"https:\/\/greenkingdom.ch\/de\/produkt\/vapr-nano-spritzpistole\/","title":{"rendered":"VAPR Nano Spritzpistole"},"content":{"rendered":"<div class=\"value\">\n<p>VAPR Nano Spr\u00fchger\u00e4t<\/p>\n<p>Lernen Sie den VAPR Nano Sprayer kennen &#8211; ein Nebelspr\u00fchger\u00e4t mit extrem geringem Volumen und futuristischem Design.<\/p>\n<p>Mit seiner Niederdruckdiffusion hilft das Ultra Low Volume, die Fl\u00fcssigkeit in einen feinen Nebel zu verwandeln, um eine bessere Spr\u00fchreichweite zu erzielen.<\/p>\n<p>Sie k\u00f6nnen den Spr\u00fchgrad in zwei Stufen einstellen, mit einem Spr\u00fchradius von bis zu 2 Metern.<\/p>\n<p>Kabellos und mit einer Akkulaufzeit von bis zu 2 Stunden ist das VAPR Nano Sprayer ideal, um Ihre Pflanzen oder andere Anwendungen mit Leichtigkeit zu bespr\u00fchen.<\/p>\n<p>&#8211; 300 ml Liquidtank<\/p>\n<p>&#8211; 18W\/3,7V Leistung<\/p>\n<p>Inhalt: VAPR Nano Spr\u00fchger\u00e4t, Ladekabel (USB-C auf USB), Bedienungsanleitung.<\/p>\n<p>Denken Sie daran: Sp\u00fclen Sie den VAPR Sprayer nach jedem Gebrauch mindestens 30 Sekunden lang mit klarem Wasser ab, um Verstopfungen zu vermeiden!<\/p>\n<div><\/div>\n<\/div>\n<div class=\"product attribute ean\"><strong class=\"type\"> <span class=\"value ean\">EAN-5060502829993<\/span><\/strong><\/div>\n","protected":false},"excerpt":{"rendered":"<p>VAPR Nano Spr\u00fchger\u00e4t Lernen Sie den VAPR Nano Sprayer kennen &#8211; ein Nebelspr\u00fchger\u00e4t mit extrem geringem Volumen und futuristischem Design. Mit seiner Niederdruckdiffusion hilft das Ultra Low Volume, die Fl\u00fcssigkeit in einen feinen Nebel zu verwandeln, um eine bessere Spr\u00fchreichweite zu erzielen. Sie k\u00f6nnen den Spr\u00fchgrad in zwei Stufen einstellen, mit einem Spr\u00fchradius von bis [&hellip;]<\/p>\n","protected":false},"featured_media":10581,"comment_status":"open","ping_status":"closed","template":"","meta":{"_seopress_robots_primary_cat":"","_seopress_titles_title":"","_seopress_titles_desc":"","_seopress_robots_index":""},"product_brand":[],"product_cat":[604],"product_tag":[],"class_list":{"0":"post-18583","1":"product","2":"type-product","3":"status-publish","4":"has-post-thumbnail","6":"product_cat-klima-de","9":"instock","10":"taxable","11":"shipping-taxable","12":"purchasable","13":"product-type-simple","14":"product-grid-view"},"_links":{"self":[{"href":"https:\/\/greenkingdom.ch\/de\/wp-json\/wp\/v2\/product\/18583","targetHints":{"allow":["GET"]}}],"collection":[{"href":"https:\/\/greenkingdom.ch\/de\/wp-json\/wp\/v2\/product"}],"about":[{"href":"https:\/\/greenkingdom.ch\/de\/wp-json\/wp\/v2\/types\/product"}],"replies":[{"embeddable":true,"href":"https:\/\/greenkingdom.ch\/de\/wp-json\/wp\/v2\/comments?post=18583"}],"version-history":[{"count":0,"href":"https:\/\/greenkingdom.ch\/de\/wp-json\/wp\/v2\/product\/18583\/revisions"}],"wp:featuredmedia":[{"embeddable":true,"href":"https:\/\/greenkingdom.ch\/de\/wp-json\/wp\/v2\/media\/10581"}],"wp:attachment":[{"href":"https:\/\/greenkingdom.ch\/de\/wp-json\/wp\/v2\/media?parent=18583"}],"wp:term":[{"taxonomy":"product_brand","embeddable":true,"href":"https:\/\/greenkingdom.ch\/de\/wp-json\/wp\/v2\/product_brand?post=18583"},{"taxonomy":"product_cat","embeddable":true,"href":"https:\/\/greenkingdom.ch\/de\/wp-json\/wp\/v2\/product_cat?post=18583"},{"taxonomy":"product_tag","embeddable":true,"href":"https:\/\/greenkingdom.ch\/de\/wp-json\/wp\/v2\/product_tag?post=18583"}],"curies":[{"name":"wp","href":"https:\/\/api.w.org\/{rel}","templated":true}]}}